{"id":4611,"date":"2024-02-17T14:18:13","date_gmt":"2024-02-17T14:18:13","guid":{"rendered":"https:\/\/mondify.org\/en\/?page_id=4611"},"modified":"2024-05-30T01:59:02","modified_gmt":"2024-05-30T01:59:02","slug":"voluntariado-em-projetos-de-conservacao-nas-galapagos-equador","status":"publish","type":"page","link":"https:\/\/mondify.org\/pt\/voluntariado-em-projetos-de-conservacao-nas-galapagos-equador\/","title":{"rendered":"Voluntariado em Projetos de Conserva\u00e7\u00e3o nas Gal\u00e1pagos, Equador"},"content":{"rendered":"<div class=\"wpb-content-wrapper\"><p>[vc_row][vc_column]<div class=\"deeper-spacer clearfix\" data-config='{\"desktop\":100,\"mobile\":120,\"smobile\":90}'><\/div><h1 class=\"deeper-text align-center \" style=\"margin-bottom:30px;\" ><span>Voluntariado em Projetos de Conserva\u00e7\u00e3o nas Gal\u00e1pagos, Equador<\/span>\n<\/h1><div class=\"deeper-spacer clearfix\" data-config='{\"desktop\":50,\"mobile\":40,\"smobile\":30}'><\/div><div class=\"deeper-fancy-image reveal  lr \"   data-inviewport=\"yes\">\r\n\t\t\t\t\t\t\t<figure style=\"border-radius:10px;overflow:hidden;\"><img decoding=\"async\" alt=\"image\" src=\"https:\/\/mondify.org\/pt\/wp-content\/uploads\/2024\/01\/mondify_prog_010-v2.jpg\" \/> <\/figure>\r\n\t\t\t\t\t\t<\/div><div class=\"deeper-spacer clearfix\" data-config='{\"desktop\":50,\"mobile\":40,\"smobile\":30}'><\/div>[vc_row_inner][vc_column_inner width=&#8221;2\/3&#8243; offset=&#8221;vc_col-lg-6 vc_col-md-7 vc_col-sm-offset-0&#8243;]<div class=\"deeper-text align-left \" style=\"margin-bottom:30px;\" ><span>Participe do voluntariado em projetos de conserva\u00e7\u00e3o que beneficiam a natureza e ajudam a proteger nossa vida selvagem no famoso Parque Nacional Gal\u00e1pagos.<br \/>\nDo que se trata?<br \/>\nVoc\u00ea trabalhar\u00e1 em projetos de conserva\u00e7\u00e3o, incluindo no Centro de Reprodu\u00e7\u00e3o de Tartarugas Gigantes nas Terras Altas das Gal\u00e1pagos. Voc\u00ea ajudar\u00e1 a cuidar da \u00e1rea de reprodu\u00e7\u00e3o, garantir\u00e1 que os gigantes tenham comida suficiente e cuidar\u00e1 das tartarugas beb\u00eas. Voc\u00ea tamb\u00e9m monitorar\u00e1 le\u00f5es-marinhos, iguanas marinhas e petr\u00e9is. Voc\u00ea tamb\u00e9m ajudar\u00e1 na limpeza das praias, especialmente ao redor da cidade principal.<\/span>\n<\/div><div class=\"deeper-text align-left \" style=\"margin-bottom:0px;\" ><span>Esses projetos s\u00e3o adequados para qualquer pessoa que tenha paix\u00e3o por trabalhar com animais e proteger o meio ambiente. Eles funcionam o ano todo.<\/span>\n<\/div><div class=\"deeper-spacer clearfix\" data-config='{\"desktop\":50,\"mobile\":40,\"smobile\":30}'><\/div>[\/vc_column_inner][vc_column_inner width=&#8221;1\/3&#8243; offset=&#8221;vc_col-lg-offset-2 vc_col-lg-4 vc_col-md-offset-1 vc_col-md-4&#8243;]<div class=\"deeper-spacer clearfix\" data-config='{\"desktop\":6,\"mobile\":6,\"smobile\":6}'><\/div><h2 class=\"deeper-text align-left \" style=\"font-size:22px;line-height:35px;margin-bottom:0px;\" ><span>Datas de in\u00edcio:<\/span>\n<\/h2><div class=\"deeper-text align-left \" style=\"margin-bottom:0px;\" ><span>Flex\u00edveis<\/span>\n<\/div><div class=\"deeper-spacer clearfix\" data-config='{\"desktop\":37,\"mobile\":37,\"smobile\":37}'><\/div><h2 class=\"deeper-text align-left \" style=\"font-size:22px;line-height:35px;margin-bottom:0px;\" ><span>Dura\u00e7\u00e3o m\u00ednima:<\/span>\n<\/h2><div class=\"deeper-text align-left \" style=\"margin-bottom:0px;\" ><span>2 semana<\/span>\n<\/div><div class=\"deeper-spacer clearfix\" data-config='{\"desktop\":37,\"mobile\":37,\"smobile\":37}'><\/div><div class=\"deeper-fancy-image simple \" style=\"border-radius:10px;overflow:hidden;\" >\r\n\t\t\t\t\t\t\t<a target=\"_blank\" href=\"https:\/\/mondify.org\/pt\/midia\/\"><img decoding=\"async\" alt=\"image\" src=\"https:\/\/mondify.org\/pt\/wp-content\/uploads\/2024\/03\/Testemunhos.jpg\" \/><\/a> \r\n\t\t\t\t\t\t<\/div>[\/vc_column_inner][\/vc_row_inner][\/vc_column][\/vc_row][vc_row full_width=&#8221;stretch_row&#8221; canvas=&#8221;%5B%7B%22shape%22%3A%22shape-1%22%2C%22image_effect%22%3A%22style-1%22%2C%22smoothness%22%3A%2230%22%7D%5D&#8221; css=&#8221;.vc_custom_1592577640421{background-color: #f8f8f9 !important;}&#8221;][vc_column]<div class=\"deeper-spacer clearfix\" data-config='{\"desktop\":20,\"mobile\":20,\"smobile\":20}'><\/div>[vc_wp_text]<\/p>\n<div class=\"col-lg-12\">\n<div class=\"col-lg-12\">\n<h4>Suas tarefas<\/h4>\n<p>Voc\u00ea trabalhar\u00e1 com o Projects Galapagos, que faz parte da organiza\u00e7\u00e3o do Parque Nacional Gal\u00e1pagos. As atividades prov\u00e1veis incluem:<\/p>\n<p>-Alimentar tartarugas gigantes no Centro de Reprodu\u00e7\u00e3o de Tartarugas Gigantes nas Terras Altas<br \/>\n-Cultivar e cortar plantas Otoy para alimentar as tartarugas<br \/>\n-Limpar os recintos das tartarugas gigantes no Centro de Reprodu\u00e7\u00e3o<br \/>\n-Monitorar le\u00f5es-marinhos, iguanas e petr\u00e9is para o Parque Nacional Gal\u00e1pagos.<br \/>\n-Ajudar na limpeza das praias.<br \/>\n-Contribuir para transmitir a ideia de conserva\u00e7\u00e3o para as crian\u00e7as locais, por exemplo, fazendo murais em algumas escolas e jardins de inf\u00e2ncia.<\/div>\n<div class=\"col-lg-12\">\n<h4>Onde nas Gal\u00e1pagos vou trabalhar?<\/h4>\n<p>Voc\u00ea trabalhar\u00e1 em Puerto Baquerizo Moreno, a capital das Gal\u00e1pagos, e em outras partes da Ilha de San Cristobal, como as praias de Puerto Chino e Loberia, ao redor do Lago Junco, nas Terras Altas e no Centro de Reprodu\u00e7\u00e3o e Ber\u00e7\u00e1rio de Tartarugas Gigantes.<\/p><\/div>\n<div class=\"col-lg-12\">\n<h4>Aeroporto de chegada<\/h4>\n<p>Voc\u00ea chegar\u00e1 no Aeroporto da Ilha de San Cristobal (SCY). Um membro de nossa equipe estar\u00e1 l\u00e1 para receb\u00ea-lo.<\/p><\/div>\n<div class=\"col-lg-12\">\n<h4>Alimenta\u00e7\u00e3o e alojamento<\/h4>\n<p>Voc\u00ea ficar\u00e1 hospedado com uma fam\u00edlia anfitri\u00e3 em Puerto Baquerizo Moreno ou ficar\u00e1 em nossa reserva ecol\u00f3gica com outros volunt\u00e1rios. Onde quer que voc\u00ea fique, ser\u00e1 bem-vindo, e as pessoas locais estar\u00e3o dispostas a compartilhar seus costumes e falar sobre sua cultura. Acreditamos que esta \u00e9 a melhor maneira de se imergir no estilo de vida equatoriano e ter uma experi\u00eancia \u00fanica. Seu quarto ser\u00e1 simples, mas confort\u00e1vel, limpo e seguro. O custo do programa inclui tr\u00eas refei\u00e7\u00f5es por dia.<\/p><\/div>\n<div class=\"col-lg-12\">\n<h4>Lazer<\/h4>\n<p>As Ilhas Gal\u00e1pagos s\u00e3o uma reserva natural mundialmente famosa, cheia de animais incr\u00edveis, incluindo tartarugas gigantes, e uma maravilhosa vida marinha e aves. Elas tamb\u00e9m s\u00e3o uma parte vibrante da paisagem e cultura do Equador e da Am\u00e9rica do Sul. Al\u00e9m de contribuir para projetos valiosos, viajar para as Ilhas Gal\u00e1pagos e o Equador conosco significa que voc\u00ea poder\u00e1 explorar este lugar fascinante. Passe a tarde caminhando ao longo do Malec\u00f3n, observando le\u00f5es-marinhos e iguanas, e desfrutando de um caf\u00e9 em um dos caf\u00e9s ou restaurantes locais, com suas lojas animadas e a ic\u00f4nica est\u00e1tua de Charles Darwin. Voc\u00ea pode fazer passeios de barco para praias e ilhas pr\u00f3ximas e observar a vida selvagem \u00fanica das Gal\u00e1pagos. Voc\u00ea pode fazer snorkel ou mergulho e talvez nadar com le\u00f5es-marinhos, tartarugas, raias e outras formas de vida marinha. Voc\u00ea tamb\u00e9m pode caminhar em trilhas naturais com vista para praias ou perto do Lago Junco nas Terras Altas. O Centro de Interpreta\u00e7\u00e3o tem exposi\u00e7\u00f5es interessantes sobre a hist\u00f3ria das ilhas e seu povo. Volunt\u00e1rios de muitos pa\u00edses v\u00eam aqui e frequentemente fazem amizades para a vida com eles e com as pessoas locais.<\/p><\/div>\n<\/div>\n<p>[\/vc_wp_text]<div class=\"deeper-spacer clearfix\" data-config='{\"desktop\":20,\"mobile\":20,\"smobile\":20}'><\/div>[\/vc_column][\/vc_row][vc_row full_width=&#8221;stretch_row&#8221; canvas=&#8221;%5B%7B%22shape%22%3A%22shape-1%22%2C%22image_effect%22%3A%22style-1%22%2C%22smoothness%22%3A%2230%22%7D%5D&#8221; css=&#8221;.vc_custom_1709070045306{background-color: #f8f8f9 !important;}&#8221;][vc_column][vc_row_inner][vc_column_inner width=&#8221;1\/3&#8243;]<div class=\"url-wrap  align-center\" >\r\n\t\t\t\t\t\t<a class=\"deeper-button button-accent small\" style=\"\" href=https:\/\/mondify.org\/pt\/orcamento\/ title=&quot;budget&quot; >Or\u00e7amento<span class=\"hover-effect\"><\/span><\/a>\r\n\t\t\t\t\t<\/div>[\/vc_column_inner][vc_column_inner width=&#8221;1\/3&#8243;]<div class=\"url-wrap  align-center\" >\r\n\t\t\t\t\t\t<a class=\"deeper-button button-gradient-orange2 medium\" style=\"\" href=https:\/\/docs.google.com\/forms\/d\/e\/1FAIpQLSe_sunNfRWtid-c6y3g9ZT16k2dYHMD0G8QL5ZbLSiQvmxq2w\/viewform >Inscreva-se agora<span class=\"hover-effect\"><\/span><\/a>\r\n\t\t\t\t\t<\/div>[\/vc_column_inner][vc_column_inner width=&#8221;1\/3&#8243;][vc_raw_html]JTNDZGl2JTIwc3R5bGUlM0QlMjJ0ZXh0LWFsaWduJTNBJTIwY2VudGVyJTNCJTIyJTNFJTBBJTIwJTIwJTIwJTNDYSUyMGNsYXNzJTNEJTIyZGVlcGVyLWJ1dHRvbiUyMGJ1dHRvbi1hY2NlbnQlMjBzbWFsbCUyMiUyMG9uY2xpY2slM0QlMjJoaXN0b3J5LmJhY2slMjglMjklMjIlM0VWb2x0YXIlM0MlMkZhJTNFJTBBJTNDJTJGZGl2JTNFJTBB[\/vc_raw_html][\/vc_column_inner][\/vc_row_inner]<div class=\"deeper-spacer clearfix\" data-config='{\"desktop\":60,\"mobile\":50,\"smobile\":40}'><\/div>[\/vc_column][\/vc_row]<\/p>\n<\/div>","protected":false},"excerpt":{"rendered":"<p>[vc_row][vc_column][vc_row_inner][vc_column_inner width=&#8221;2\/3&#8243; offset=&#8221;vc_col-lg-6 vc_col-md-7 vc_col-sm-offset-0&#8243;][\/vc_column_inner][vc_column_inner width=&#8221;1\/3&#8243; offset=&#8221;vc_col-lg-offset-2 vc_col-lg-4 vc_col-md-offset-1 vc_col-md-4&#8243;][\/vc_column_inner][\/vc_row_inner][\/vc_column][\/vc_row][vc_row full_width=&#8221;stretch_row&#8221; canvas=&#8221;%5B%7B%22shape%22%3A%22shape-1%22%2C%22image_effect%22%3A%22style-1%22%2C%22smoothness%22%3A%2230%22%7D%5D&#8221; css=&#8221;.vc_custom_1592577640421{background-color: #f8f8f9 !important;}&#8221;][vc_column][vc_wp_text] Suas tarefas Voc\u00ea trabalhar\u00e1 com o Projects Galapagos, que faz parte da organiza\u00e7\u00e3o do Parque Nacional Gal\u00e1pagos. As atividades prov\u00e1veis incluem: -Alimentar tartarugas gigantes no Centro de Reprodu\u00e7\u00e3o de Tartarugas Gigantes nas Terras Altas -Cultivar<\/p>\n","protected":false},"author":2,"featured_media":0,"parent":0,"menu_order":0,"comment_status":"closed","ping_status":"closed","template":"","meta":{"footnotes":""},"class_list":["post-4611","page","type-page","status-publish","hentry"],"_links":{"self":[{"href":"https:\/\/mondify.org\/pt\/wp-json\/wp\/v2\/pages\/4611","targetHints":{"allow":["GET"]}}],"collection":[{"href":"https:\/\/mondify.org\/pt\/wp-json\/wp\/v2\/pages"}],"about":[{"href":"https:\/\/mondify.org\/pt\/wp-json\/wp\/v2\/types\/page"}],"author":[{"embeddable":true,"href":"https:\/\/mondify.org\/pt\/wp-json\/wp\/v2\/users\/2"}],"replies":[{"embeddable":true,"href":"https:\/\/mondify.org\/pt\/wp-json\/wp\/v2\/comments?post=4611"}],"version-history":[{"count":0,"href":"https:\/\/mondify.org\/pt\/wp-json\/wp\/v2\/pages\/4611\/revisions"}],"wp:attachment":[{"href":"https:\/\/mondify.org\/pt\/wp-json\/wp\/v2\/media?parent=4611"}],"curies":[{"name":"wp","href":"https:\/\/api.w.org\/{rel}","templated":true}]}}