{"id":4607,"date":"2024-02-17T14:11:43","date_gmt":"2024-02-17T14:11:43","guid":{"rendered":"https:\/\/mondify.org\/en\/?page_id=4607"},"modified":"2024-05-30T01:58:36","modified_gmt":"2024-05-30T01:58:36","slug":"reabilitacao-de-macacos-pregos-em-cordoba-argentina","status":"publish","type":"page","link":"https:\/\/mondify.org\/pt\/reabilitacao-de-macacos-pregos-em-cordoba-argentina\/","title":{"rendered":"Reabilita\u00e7\u00e3o de macacos-pregos em C\u00f3rdoba, Argentina"},"content":{"rendered":"<div class=\"wpb-content-wrapper\"><p>[vc_row][vc_column]<div class=\"deeper-spacer clearfix\" data-config='{\"desktop\":100,\"mobile\":120,\"smobile\":90}'><\/div><h1 class=\"deeper-text align-center \" style=\"margin-bottom:30px;\" ><span>Reabilita\u00e7\u00e3o de macacos-pregos em C\u00f3rdoba, Argentina<\/span>\n<\/h1><div class=\"deeper-spacer clearfix\" data-config='{\"desktop\":50,\"mobile\":40,\"smobile\":30}'><\/div><div class=\"deeper-fancy-image reveal  lr \"   data-inviewport=\"yes\">\r\n\t\t\t\t\t\t\t<figure style=\"border-radius:10px;overflow:hidden;\"><img decoding=\"async\" alt=\"image\" src=\"https:\/\/mondify.org\/pt\/wp-content\/uploads\/2023\/12\/mondify_prog_010-v2.jpg\" \/> <\/figure>\r\n\t\t\t\t\t\t<\/div><div class=\"deeper-spacer clearfix\" data-config='{\"desktop\":50,\"mobile\":40,\"smobile\":30}'><\/div>[vc_row_inner][vc_column_inner width=&#8221;2\/3&#8243; offset=&#8221;vc_col-lg-6 vc_col-md-7 vc_col-sm-offset-0&#8243;]<div class=\"deeper-text align-left \" style=\"margin-bottom:30px;\" ><span>Ajude na reabilita\u00e7\u00e3o de macacos-pregos e outros animais resgatados do tr\u00e1fico ilegal de animais.<\/span>\n<\/div><div class=\"deeper-text align-left \" style=\"margin-bottom:0px;\" ><span>Este projeto \u00e9 ideal para aventureiros e amantes da natureza e do ar livre. \u00c9 uma oportunidade \u00fanica na vida de ser volunt\u00e1rio com animais no exterior enquanto vive em um santu\u00e1rio animal! Voc\u00ea ganhar\u00e1 experi\u00eancia pr\u00e1tica em conserva\u00e7\u00e3o da vida selvagem trabalhando em estreita colabora\u00e7\u00e3o com bi\u00f3logos experientes. Isso \u00e9 perfeito para quem tem interesse em conserva\u00e7\u00e3o, zoologia, biologia ou ci\u00eancias ambientais. Voc\u00ea deve estar confort\u00e1vel em se sujar as m\u00e3os e disposto a abrir m\u00e3o de alguns confortos dom\u00e9sticos normais! O projeto est\u00e1 dispon\u00edvel durante todo o ano, para que voc\u00ea possa participar quando se adequar aos seus planos.<\/span>\n<\/div><div class=\"deeper-spacer clearfix\" data-config='{\"desktop\":50,\"mobile\":40,\"smobile\":30}'><\/div>[\/vc_column_inner][vc_column_inner width=&#8221;1\/3&#8243; offset=&#8221;vc_col-lg-offset-2 vc_col-lg-4 vc_col-md-offset-1 vc_col-md-4&#8243;]<div class=\"deeper-spacer clearfix\" data-config='{\"desktop\":6,\"mobile\":6,\"smobile\":6}'><\/div><h2 class=\"deeper-text align-left \" style=\"font-size:22px;line-height:35px;margin-bottom:0px;\" ><span>Datas de in\u00edcio:<\/span>\n<\/h2><div class=\"deeper-text align-left \" style=\"margin-bottom:0px;\" ><span>Flex\u00edveis<\/span>\n<\/div><div class=\"deeper-spacer clearfix\" data-config='{\"desktop\":37,\"mobile\":37,\"smobile\":37}'><\/div><h2 class=\"deeper-text align-left \" style=\"font-size:22px;line-height:35px;margin-bottom:0px;\" ><span>Dura\u00e7\u00e3o m\u00ednima:<\/span>\n<\/h2><div class=\"deeper-text align-left \" style=\"margin-bottom:0px;\" ><span>2 semanas<\/span>\n<\/div><div class=\"deeper-spacer clearfix\" data-config='{\"desktop\":37,\"mobile\":37,\"smobile\":37}'><\/div><div class=\"deeper-fancy-image simple \" style=\"border-radius:10px;overflow:hidden;\" >\r\n\t\t\t\t\t\t\t<a target=\"_blank\" href=\"https:\/\/mondify.org\/pt\/midia\/\"><img decoding=\"async\" alt=\"image\" src=\"https:\/\/mondify.org\/pt\/wp-content\/uploads\/2024\/03\/Testemunhos.jpg\" \/><\/a> \r\n\t\t\t\t\t\t<\/div>[\/vc_column_inner][\/vc_row_inner][\/vc_column][\/vc_row][vc_row full_width=&#8221;stretch_row&#8221; canvas=&#8221;%5B%7B%22shape%22%3A%22shape-1%22%2C%22image_effect%22%3A%22style-1%22%2C%22smoothness%22%3A%2230%22%7D%5D&#8221; css=&#8221;.vc_custom_1592577640421{background-color: #f8f8f9 !important;}&#8221;][vc_column]<div class=\"deeper-spacer clearfix\" data-config='{\"desktop\":20,\"mobile\":20,\"smobile\":20}'><\/div>[vc_wp_text]<\/p>\n<div class=\"col-lg-12\">\n<h4>Suas tarefas:<\/h4>\n<p>&#8211; Reabilitar e socializar animais<br \/>\n&#8211; Alimentar os animais<br \/>\n&#8211; Manter os recintos<\/div>\n<div class=\"col-lg-12\">\n<h4>Onde na Argentina vou trabalhar?<\/h4>\n<p>A reserva natural Tiu Mayu \u00e9 o \u00fanico centro de primatas na Argentina e o \u00fanico centro no mundo que trabalha com macacos-pregos negros. O santu\u00e1rio foi reconhecido pelo Instituto Jane Goodall e \u00e9 o representante argentino do Projeto Grande Primata. A cidade mais pr\u00f3xima \u00e9 La Cumbre, um belo povoado de montanha localizado a 11 km de dist\u00e2ncia. Existem montanhas, rios, cachoeiras e florestas para explorar na Reserva Natural Tiu Mayu. A cidade de C\u00f3rdoba fica a cerca de 70 km ao sul. Esta cidade pode ser facilmente alcan\u00e7ada de \u00f4nibus.<\/p><\/div>\n<div class=\"col-lg-12\">\n<h4>Aeroporto de chegada<\/h4>\n<p>Se voc\u00ea vai trabalhar neste projeto, deve chegar ao Aeroporto Internacional de C\u00f3rdoba (COR), onde um membro de nossa equipe estar\u00e1 esperando para receb\u00ea-lo.<\/p><\/div>\n<div class=\"col-lg-12\">\n<h4>Acomoda\u00e7\u00e3o e Refei\u00e7\u00f5es<\/h4>\n<p>Voc\u00ea compartilhar\u00e1 acomoda\u00e7\u00f5es com outros volunt\u00e1rios e estagi\u00e1rios durante sua estadia no santu\u00e1rio animal. \u00c9 uma \u00f3tima maneira de conhecer melhor seus colegas, fazer amigos, compartilhar experi\u00eancias e explorar os arredores juntos. Normalmente, voc\u00ea compartilhar\u00e1 um quarto em um bangal\u00f4 r\u00fastico de pedra. A acomoda\u00e7\u00e3o \u00e9 segura, limpa, b\u00e1sica e confort\u00e1vel. Tr\u00eas refei\u00e7\u00f5es por dia est\u00e3o inclu\u00eddas.<\/p><\/div>\n<div class=\"col-lg-12\">\n<h4>Lazer<\/h4>\n<p>Al\u00e9m de contribuir para um projeto com impacto real, voc\u00ea ter\u00e1 a oportunidade de explorar a Argentina. La Cumbre \u00e9 o lugar perfeito para come\u00e7ar. Voc\u00ea pode fazer um passeio a cavalo ou fazer trilhas em caminhos de montanha que v\u00e3o tirar seu f\u00f4lego. Durante seus dias livres, voc\u00ea pode ir para C\u00f3rdoba. Uma cidade de dois milh\u00f5es de habitantes com cinco universidades. Isso faz de C\u00f3rdoba a cidade perfeita para jovens. Voc\u00ea pode visitar o Museu Evita de Artes ou o Teatro del Libertador General San Mart\u00edn e visitar o Mercado de Pulgas em G\u00fcemes. Pode haver outros volunt\u00e1rios ao mesmo tempo que voc\u00ea. Voc\u00ea pode escolher se quer explorar sozinho ou com um grupo de amigos.<\/p><\/div>\n<p>[\/vc_wp_text]<div class=\"deeper-spacer clearfix\" data-config='{\"desktop\":20,\"mobile\":20,\"smobile\":20}'><\/div>[\/vc_column][\/vc_row][vc_row full_width=&#8221;stretch_row&#8221; canvas=&#8221;%5B%7B%22shape%22%3A%22shape-1%22%2C%22image_effect%22%3A%22style-1%22%2C%22smoothness%22%3A%2230%22%7D%5D&#8221; css=&#8221;.vc_custom_1709070045306{background-color: #f8f8f9 !important;}&#8221;][vc_column][vc_row_inner][vc_column_inner width=&#8221;1\/3&#8243;]<div class=\"url-wrap  align-center\" >\r\n\t\t\t\t\t\t<a class=\"deeper-button button-accent small\" style=\"\" href=https:\/\/mondify.org\/pt\/orcamento\/ title=&quot;budget&quot; >Or\u00e7amento<span class=\"hover-effect\"><\/span><\/a>\r\n\t\t\t\t\t<\/div>[\/vc_column_inner][vc_column_inner width=&#8221;1\/3&#8243;]<div class=\"url-wrap  align-center\" >\r\n\t\t\t\t\t\t<a class=\"deeper-button button-gradient-orange2 medium\" style=\"\" href=https:\/\/docs.google.com\/forms\/d\/e\/1FAIpQLSe_sunNfRWtid-c6y3g9ZT16k2dYHMD0G8QL5ZbLSiQvmxq2w\/viewform >Inscreva-se agora<span class=\"hover-effect\"><\/span><\/a>\r\n\t\t\t\t\t<\/div>[\/vc_column_inner][vc_column_inner width=&#8221;1\/3&#8243;][vc_raw_html]JTNDZGl2JTIwc3R5bGUlM0QlMjJ0ZXh0LWFsaWduJTNBJTIwY2VudGVyJTNCJTIyJTNFJTBBJTIwJTIwJTIwJTNDYSUyMGNsYXNzJTNEJTIyZGVlcGVyLWJ1dHRvbiUyMGJ1dHRvbi1hY2NlbnQlMjBzbWFsbCUyMiUyMG9uY2xpY2slM0QlMjJoaXN0b3J5LmJhY2slMjglMjklMjIlM0VWb2x0YXIlM0MlMkZhJTNFJTBBJTNDJTJGZGl2JTNFJTBB[\/vc_raw_html][\/vc_column_inner][\/vc_row_inner]<div class=\"deeper-spacer clearfix\" data-config='{\"desktop\":60,\"mobile\":50,\"smobile\":40}'><\/div>[\/vc_column][\/vc_row]<\/p>\n<\/div>","protected":false},"excerpt":{"rendered":"<p>[vc_row][vc_column][vc_row_inner][vc_column_inner width=&#8221;2\/3&#8243; offset=&#8221;vc_col-lg-6 vc_col-md-7 vc_col-sm-offset-0&#8243;][\/vc_column_inner][vc_column_inner width=&#8221;1\/3&#8243; offset=&#8221;vc_col-lg-offset-2 vc_col-lg-4 vc_col-md-offset-1 vc_col-md-4&#8243;][\/vc_column_inner][\/vc_row_inner][\/vc_column][\/vc_row][vc_row full_width=&#8221;stretch_row&#8221; canvas=&#8221;%5B%7B%22shape%22%3A%22shape-1%22%2C%22image_effect%22%3A%22style-1%22%2C%22smoothness%22%3A%2230%22%7D%5D&#8221; css=&#8221;.vc_custom_1592577640421{background-color: #f8f8f9 !important;}&#8221;][vc_column][vc_wp_text] Suas tarefas: &#8211; Reabilitar e socializar animais &#8211; Alimentar os animais &#8211; Manter os recintos Onde na Argentina vou trabalhar? A reserva natural Tiu Mayu \u00e9 o \u00fanico centro de primatas na Argentina e o<\/p>\n","protected":false},"author":2,"featured_media":0,"parent":0,"menu_order":0,"comment_status":"closed","ping_status":"closed","template":"","meta":{"footnotes":""},"class_list":["post-4607","page","type-page","status-publish","hentry"],"_links":{"self":[{"href":"https:\/\/mondify.org\/pt\/wp-json\/wp\/v2\/pages\/4607","targetHints":{"allow":["GET"]}}],"collection":[{"href":"https:\/\/mondify.org\/pt\/wp-json\/wp\/v2\/pages"}],"about":[{"href":"https:\/\/mondify.org\/pt\/wp-json\/wp\/v2\/types\/page"}],"author":[{"embeddable":true,"href":"https:\/\/mondify.org\/pt\/wp-json\/wp\/v2\/users\/2"}],"replies":[{"embeddable":true,"href":"https:\/\/mondify.org\/pt\/wp-json\/wp\/v2\/comments?post=4607"}],"version-history":[{"count":0,"href":"https:\/\/mondify.org\/pt\/wp-json\/wp\/v2\/pages\/4607\/revisions"}],"wp:attachment":[{"href":"https:\/\/mondify.org\/pt\/wp-json\/wp\/v2\/media?parent=4607"}],"curies":[{"name":"wp","href":"https:\/\/api.w.org\/{rel}","templated":true}]}}