{"id":4602,"date":"2024-02-17T14:03:28","date_gmt":"2024-02-17T14:03:28","guid":{"rendered":"https:\/\/mondify.org\/en\/?page_id=4602"},"modified":"2024-07-09T19:24:37","modified_gmt":"2024-07-09T19:24:37","slug":"conservacao-de-baleias-e-pumas-na-patagonia-argentina","status":"publish","type":"page","link":"https:\/\/mondify.org\/pt\/conservacao-de-baleias-e-pumas-na-patagonia-argentina\/","title":{"rendered":"Conserva\u00e7\u00e3o de baleias e pumas na Patag\u00f4nia, Argentina"},"content":{"rendered":"<div class=\"wpb-content-wrapper\"><p>[vc_row][vc_column]<div class=\"deeper-spacer clearfix\" data-config='{\"desktop\":100,\"mobile\":120,\"smobile\":90}'><\/div><h1 class=\"deeper-text align-center \" style=\"margin-bottom:30px;\" ><span>Whale and Puma conservation in Patagonia, Argentina<\/span>\n<\/h1><div class=\"deeper-spacer clearfix\" data-config='{\"desktop\":50,\"mobile\":40,\"smobile\":30}'><\/div><div class=\"deeper-fancy-image reveal  lr \"   data-inviewport=\"yes\">\r\n\t\t\t\t\t\t\t<figure style=\"border-radius:10px;overflow:hidden;\"><img decoding=\"async\" alt=\"image\" src=\"https:\/\/mondify.org\/pt\/wp-content\/uploads\/2023\/12\/mondify_prog_009-v2.jpg\" \/> <\/figure>\r\n\t\t\t\t\t\t<\/div><div class=\"deeper-spacer clearfix\" data-config='{\"desktop\":50,\"mobile\":40,\"smobile\":30}'><\/div>[vc_row_inner][vc_column_inner width=&#8221;2\/3&#8243; offset=&#8221;vc_col-lg-6 vc_col-md-7 vc_col-sm-offset-0&#8243;]<div class=\"deeper-text align-left \" style=\"margin-bottom:0px;\" ><span>Viva e trabalhe em uma reserva natural na Patag\u00f4nia e contribua para a conserva\u00e7\u00e3o de ecossistemas \u00fanicos.<br \/>\nVoc\u00ea \u00e9 apaixonado por proteger nosso planeta? Se voc\u00ea quer viver em um dos ecossistemas mais especiais do mundo, ent\u00e3o este projeto \u00e9 para voc\u00ea! Este programa \u00e9 \u00f3timo para quem gosta de atividades ao ar livre e da natureza. Voc\u00ea trabalhar\u00e1 com profissionais experientes, monitorando diferentes esp\u00e9cies amea\u00e7adas ou em perigo, incluindo baleias e pumas. \u00c9 uma excelente op\u00e7\u00e3o se voc\u00ea planeja estudar conserva\u00e7\u00e3o. Voc\u00ea adicionar\u00e1 experi\u00eancia ao seu curr\u00edculo, al\u00e9m de ter muitas hist\u00f3rias para contar em entrevistas de emprego. Este projeto \u00e9 realizado durante todo o ano. Voc\u00ea pode participar a qualquer momento.<\/span>\n<\/div><div class=\"deeper-spacer clearfix\" data-config='{\"desktop\":50,\"mobile\":40,\"smobile\":30}'><\/div>[\/vc_column_inner][vc_column_inner width=&#8221;1\/3&#8243; offset=&#8221;vc_col-lg-offset-2 vc_col-lg-4 vc_col-md-offset-1 vc_col-md-4&#8243;]<div class=\"deeper-spacer clearfix\" data-config='{\"desktop\":6,\"mobile\":6,\"smobile\":6}'><\/div><h2 class=\"deeper-text align-left \" style=\"font-size:22px;line-height:35px;margin-bottom:0px;\" ><span>Datas de in\u00edcio:<\/span>\n<\/h2><div class=\"deeper-text align-left \" style=\"margin-bottom:0px;\" ><span>Flex\u00edveis<\/span>\n<\/div><div class=\"deeper-spacer clearfix\" data-config='{\"desktop\":37,\"mobile\":37,\"smobile\":37}'><\/div><h2 class=\"deeper-text align-left \" style=\"font-size:22px;line-height:35px;margin-bottom:0px;\" ><span>Dura\u00e7\u00e3o m\u00ednima:<\/span>\n<\/h2><div class=\"deeper-text align-left \" style=\"margin-bottom:0px;\" ><span>1 semana<\/span>\n<\/div><div class=\"deeper-spacer clearfix\" data-config='{\"desktop\":37,\"mobile\":37,\"smobile\":37}'><\/div><div class=\"deeper-fancy-image simple \" style=\"border-radius:10px;overflow:hidden;\" >\r\n\t\t\t\t\t\t\t<a target=\"_blank\" href=\"https:\/\/mondify.org\/pt\/midia\/\"><img decoding=\"async\" alt=\"image\" src=\"https:\/\/mondify.org\/pt\/wp-content\/uploads\/2024\/03\/Testemunhos.jpg\" \/><\/a> \r\n\t\t\t\t\t\t<\/div>[\/vc_column_inner][\/vc_row_inner][\/vc_column][\/vc_row][vc_row full_width=&#8221;stretch_row&#8221; canvas=&#8221;%5B%7B%22shape%22%3A%22shape-1%22%2C%22image_effect%22%3A%22style-1%22%2C%22smoothness%22%3A%2230%22%7D%5D&#8221; css=&#8221;.vc_custom_1592577640421{background-color: #f8f8f9 !important;}&#8221;][vc_column]<div class=\"deeper-spacer clearfix\" data-config='{\"desktop\":20,\"mobile\":20,\"smobile\":20}'><\/div>[vc_wp_text]<\/p>\n<h4>Suas tarefas:<\/h4>\n<p>&#8211; Participar dos censos sazonais de le\u00f5es-marinhos e baleias-francas-austrais.<br \/>\n&#8211; Estudar a popula\u00e7\u00e3o local de pumas e guanacos.<br \/>\n&#8211; Estudar as novas popula\u00e7\u00f5es de Maras ap\u00f3s os inc\u00eandios.<br \/>\n&#8211; Voc\u00ea tamb\u00e9m aprender\u00e1 sobre a flora nativa, ajudando em avalia\u00e7\u00f5es peri\u00f3dicas; manuten\u00e7\u00e3o das instala\u00e7\u00f5es e trilhas da reserva.<\/p>\n<p>A temporada de baleias-francas-austrais come\u00e7a no final de maio e termina por volta do final de dezembro de cada ano.<\/p>\n<h4>CALEND\u00c1RIO DA FAUNA:<\/h4>\n<p><img decoding=\"async\" src=\"https:\/\/mondify.org\/wp-content\/uploads\/2023\/12\/calendariofaunai.jpg\" alt=\"\" \/><\/p>\n<div class=\"col-lg-12\">\n<h4>Em qual parte da Patag\u00f4nia Argentina vou trabalhar?<\/h4>\n<p>Voc\u00ea trabalhar\u00e1 na reserva natural &#8220;La Esperanza&#8221;, a 80 km ao norte da cidade de Puerto Madryn. Possui 12 km de costa no Golfo San Mat\u00edas, no Atl\u00e2ntico Sul, com uma \u00e1rea de 6.700 hectares. \u00c9 um ref\u00fagio para guanacos, pumas, le\u00f5es-marinhos e outras esp\u00e9cies durante todo o ano. Todos os anos, durante a temporada correspondente, voc\u00ea poder\u00e1 ver baleias-francas-austrais, orcas, baleias-jubarte e golfinhos. Puerto Madryn est\u00e1 localizada a noroeste da prov\u00edncia de Chubut, na Argentina. Est\u00e1 \u00e0s margens do Golfo Nuevo. \u00c9 considerada a porta de entrada para a Pen\u00ednsula Vald\u00e9s, que foi declarada Patrim\u00f4nio Mundial pela ONU em 1999 e Reserva da Biosfera em 2015. \u00c9 l\u00e1 que voc\u00ea ver\u00e1 a maioria das baleias. (Puerto Madryn tamb\u00e9m \u00e9 a capital nacional do mergulho).<\/p>\n<\/div>\n<div class=\"col-lg-12\">\n<h4>Aeroporto de Chegada<\/h4>\n<p>Se voc\u00ea vai trabalhar neste projeto, deve chegar ao Aeroporto El Tehuelche (PMY) em Puerto Madryn como primeira op\u00e7\u00e3o, ou ao Aeroporto Marcos A Zar (REL) em Trelew. Em qualquer caso, algu\u00e9m da nossa equipe estar\u00e1 l\u00e1 para receb\u00ea-lo em qualquer um desses aeroportos.<\/p>\n<\/div>\n<div class=\"col-lg-12\">\n<h4>Hospedagem e Refei\u00e7\u00f5es<\/h4>\n<p>A acomoda\u00e7\u00e3o ser\u00e1 compartilhada com outros volunt\u00e1rios ou estagi\u00e1rios da Mondify na Reserva La Esperanza. Voc\u00ea ter\u00e1 a oportunidade de conhecer melhor seus colegas, compartilhar experi\u00eancias e explorar a \u00e1rea ao redor juntos. A acomoda\u00e7\u00e3o \u00e9 segura, limpa e confort\u00e1vel. Tr\u00eas refei\u00e7\u00f5es di\u00e1rias est\u00e3o inclu\u00eddas.<\/p>\n<\/div>\n<div class=\"col-lg-12\">\n<h4>Lazer<\/h4>\n<p>Nos finais de semana, voc\u00ea ter\u00e1 tempo suficiente para conhecer a regi\u00e3o norte da Patag\u00f4nia Argentina. Pen\u00ednsula Valdes, um Patrim\u00f4nio Mundial. L\u00e1, voc\u00ea poder\u00e1 observar baleias, pinguins e orcas em seu ambiente natural. Outro lugar interessante para visitar \u00e9 Punta Tombo, uma col\u00f4nia de mais de meio milh\u00e3o de pinguins. N\u00e3o perca a oportunidade de mergulhar. Puerto Madryn \u00e9 a capital nacional do mergulho. Voc\u00ea pode mergulhar com filhotes de le\u00f5es-marinhos e explorar navios afundados. A cidade tem restaurantes e museus para visitar nos seus dias de folga. Voc\u00ea tamb\u00e9m pode fazer excurs\u00f5es ao Vale do Rio Chubut, onde aprender\u00e1 sobre as col\u00f4nias galesas estabelecidas na \u00e1rea e visitar\u00e1 o museu paleontol\u00f3gico mais importante do pa\u00eds.<\/p>\n<\/div>\n<p>[\/vc_wp_text]<div class=\"deeper-spacer clearfix\" data-config='{\"desktop\":20,\"mobile\":20,\"smobile\":20}'><\/div>[\/vc_column][\/vc_row][vc_row full_width=&#8221;stretch_row&#8221; canvas=&#8221;%5B%7B%22shape%22%3A%22shape-1%22%2C%22image_effect%22%3A%22style-1%22%2C%22smoothness%22%3A%2230%22%7D%5D&#8221; css=&#8221;.vc_custom_1709070045306{background-color: #f8f8f9 !important;}&#8221;][vc_column][vc_row_inner][vc_column_inner width=&#8221;1\/3&#8243;]<div class=\"url-wrap  align-center\" >\r\n\t\t\t\t\t\t<a class=\"deeper-button button-accent small\" style=\"\" href=https:\/\/mondify.org\/pt\/orcamento\/ title=&quot;budget&quot; >Or\u00e7amento<span class=\"hover-effect\"><\/span><\/a>\r\n\t\t\t\t\t<\/div>[\/vc_column_inner][vc_column_inner width=&#8221;1\/3&#8243;]<div class=\"url-wrap  align-center\" >\r\n\t\t\t\t\t\t<a class=\"deeper-button button-gradient-orange2 medium\" style=\"\" href=https:\/\/docs.google.com\/forms\/d\/e\/1FAIpQLSe_sunNfRWtid-c6y3g9ZT16k2dYHMD0G8QL5ZbLSiQvmxq2w\/viewform >Inscreva-se agora<span class=\"hover-effect\"><\/span><\/a>\r\n\t\t\t\t\t<\/div>[\/vc_column_inner][vc_column_inner width=&#8221;1\/3&#8243;][vc_raw_html]JTNDZGl2JTIwc3R5bGUlM0QlMjJ0ZXh0LWFsaWduJTNBJTIwY2VudGVyJTNCJTIyJTNFJTBBJTIwJTIwJTIwJTNDYSUyMGNsYXNzJTNEJTIyZGVlcGVyLWJ1dHRvbiUyMGJ1dHRvbi1hY2NlbnQlMjBzbWFsbCUyMiUyMG9uY2xpY2slM0QlMjJoaXN0b3J5LmJhY2slMjglMjklMjIlM0VWb2x0YXIlM0MlMkZhJTNFJTBBJTNDJTJGZGl2JTNFJTBB[\/vc_raw_html][\/vc_column_inner][\/vc_row_inner]<div class=\"deeper-spacer clearfix\" data-config='{\"desktop\":60,\"mobile\":50,\"smobile\":40}'><\/div>[\/vc_column][\/vc_row]<\/p>\n<\/div>","protected":false},"excerpt":{"rendered":"<p>[vc_row][vc_column][vc_row_inner][vc_column_inner width=&#8221;2\/3&#8243; offset=&#8221;vc_col-lg-6 vc_col-md-7 vc_col-sm-offset-0&#8243;][\/vc_column_inner][vc_column_inner width=&#8221;1\/3&#8243; offset=&#8221;vc_col-lg-offset-2 vc_col-lg-4 vc_col-md-offset-1 vc_col-md-4&#8243;][\/vc_column_inner][\/vc_row_inner][\/vc_column][\/vc_row][vc_row full_width=&#8221;stretch_row&#8221; canvas=&#8221;%5B%7B%22shape%22%3A%22shape-1%22%2C%22image_effect%22%3A%22style-1%22%2C%22smoothness%22%3A%2230%22%7D%5D&#8221; css=&#8221;.vc_custom_1592577640421{background-color: #f8f8f9 !important;}&#8221;][vc_column][vc_wp_text] Suas tarefas: &#8211; Participar dos censos sazonais de le\u00f5es-marinhos e baleias-francas-austrais. &#8211; Estudar a popula\u00e7\u00e3o local de pumas e guanacos. &#8211; Estudar as novas popula\u00e7\u00f5es de Maras ap\u00f3s os inc\u00eandios. &#8211; Voc\u00ea tamb\u00e9m aprender\u00e1 sobre<\/p>\n","protected":false},"author":2,"featured_media":0,"parent":0,"menu_order":0,"comment_status":"closed","ping_status":"closed","template":"","meta":{"footnotes":""},"class_list":["post-4602","page","type-page","status-publish","hentry"],"_links":{"self":[{"href":"https:\/\/mondify.org\/pt\/wp-json\/wp\/v2\/pages\/4602","targetHints":{"allow":["GET"]}}],"collection":[{"href":"https:\/\/mondify.org\/pt\/wp-json\/wp\/v2\/pages"}],"about":[{"href":"https:\/\/mondify.org\/pt\/wp-json\/wp\/v2\/types\/page"}],"author":[{"embeddable":true,"href":"https:\/\/mondify.org\/pt\/wp-json\/wp\/v2\/users\/2"}],"replies":[{"embeddable":true,"href":"https:\/\/mondify.org\/pt\/wp-json\/wp\/v2\/comments?post=4602"}],"version-history":[{"count":0,"href":"https:\/\/mondify.org\/pt\/wp-json\/wp\/v2\/pages\/4602\/revisions"}],"wp:attachment":[{"href":"https:\/\/mondify.org\/pt\/wp-json\/wp\/v2\/media?parent=4602"}],"curies":[{"name":"wp","href":"https:\/\/api.w.org\/{rel}","templated":true}]}}