{"id":4594,"date":"2024-02-17T13:35:52","date_gmt":"2024-02-17T13:35:52","guid":{"rendered":"https:\/\/mondify.org\/en\/?page_id=4594"},"modified":"2025-06-04T20:39:24","modified_gmt":"2025-06-04T20:39:24","slug":"cavalos-na-argentina","status":"publish","type":"page","link":"https:\/\/mondify.org\/pt\/cavalos-na-argentina\/","title":{"rendered":"Cavalos na Argentina (Terapia com Cavalos)"},"content":{"rendered":"<div class=\"wpb-content-wrapper\"><p>[vc_row][vc_column]<div class=\"deeper-spacer clearfix\" data-config='{\"desktop\":100,\"mobile\":120,\"smobile\":90}'><\/div><h1 class=\"deeper-text align-center \" style=\"margin-bottom:30px;\" ><span>Cavalos na Argentina (Terapia com Cavalos)<\/span>\n<\/h1><div class=\"deeper-spacer clearfix\" data-config='{\"desktop\":50,\"mobile\":40,\"smobile\":30}'><\/div><div class=\"deeper-fancy-image reveal  lr \"   data-inviewport=\"yes\">\r\n\t\t\t\t\t\t\t<figure style=\"border-radius:10px;overflow:hidden;\"><img decoding=\"async\" alt=\"image\" src=\"https:\/\/mondify.org\/pt\/wp-content\/uploads\/2023\/12\/mondify_prog_012-v2.jpg\" \/> <\/figure>\r\n\t\t\t\t\t\t<\/div><div class=\"deeper-spacer clearfix\" data-config='{\"desktop\":50,\"mobile\":40,\"smobile\":30}'><\/div>[vc_row_inner][vc_column_inner width=&#8221;2\/3&#8243; offset=&#8221;vc_col-lg-6 vc_col-md-7 vc_col-sm-offset-0&#8243;]<div class=\"deeper-text align-left \" style=\"margin-bottom:30px;\" ><span>Participe do voluntariado com crian\u00e7as e cavalos e ajude na reabilita\u00e7\u00e3o de pacientes.<br \/>\nSobre o que se trata?<br \/>\nParticipe do nosso Programa de Voluntariado em Terapia com Cavalos na Argentina e aprenda sobre esta pr\u00e1tica terap\u00eautica \u00fanica. \u00c9 uma op\u00e7\u00e3o incr\u00edvel se voc\u00ea gosta de trabalhar com pessoas e cavalos. Voc\u00ea ajudar\u00e1 durante as aulas de equita\u00e7\u00e3o para adultos e crian\u00e7as com diferentes condi\u00e7\u00f5es f\u00edsicas e mentais. A terapia com cavalos tem mostrado ter um impacto positivo nos pacientes. N\u00e3o apenas melhora sua mobilidade, confian\u00e7a e autoestima, mas tamb\u00e9m se divertem enquanto fazem isso. Seu papel ser\u00e1 apoiar os pacientes, interagir com eles e garantir que se sintam seguros em suas aulas.<\/span>\n<\/div><div class=\"deeper-text align-left \" style=\"margin-bottom:0px;\" ><span>Este projeto \u00e9 para todos que t\u00eam paix\u00e3o por ajudar os outros. Tamb\u00e9m \u00e9 perfeito se voc\u00ea planeja estudar uma carreira relacionada \u00e0 psicologia ou terapia ocupacional. A propriet\u00e1ria do centro ser\u00e1 sua supervisora durante o programa. Ela leciona aulas h\u00e1 mais de 20 anos. Ela ensinar\u00e1 tudo o que voc\u00ea precisa saber sobre interagir com os pacientes e trabalhar com cavalos. Para participar, voc\u00ea n\u00e3o precisa ter experi\u00eancia, mas \u00e9 prefer\u00edvel que saiba andar a cavalo. Isso significa que voc\u00ea poder\u00e1 participar das sess\u00f5es de terapia com os cavalos. Caso contr\u00e1rio, ter\u00e1 um papel menos ativo.<\/span>\n<\/div><div class=\"deeper-spacer clearfix\" data-config='{\"desktop\":50,\"mobile\":40,\"smobile\":30}'><\/div>[\/vc_column_inner][vc_column_inner width=&#8221;1\/3&#8243; offset=&#8221;vc_col-lg-offset-2 vc_col-lg-4 vc_col-md-offset-1 vc_col-md-4&#8243;]<div class=\"deeper-spacer clearfix\" data-config='{\"desktop\":6,\"mobile\":6,\"smobile\":6}'><\/div><h2 class=\"deeper-text align-left \" style=\"font-size:22px;line-height:35px;margin-bottom:0px;\" ><span>Datas de in\u00edcio:<\/span>\n<\/h2><div class=\"deeper-text align-left \" style=\"margin-bottom:0px;\" ><span>Flex\u00edveis<\/span>\n<\/div><div class=\"deeper-spacer clearfix\" data-config='{\"desktop\":37,\"mobile\":37,\"smobile\":37}'><\/div><h2 class=\"deeper-text align-left \" style=\"font-size:22px;line-height:35px;margin-bottom:0px;\" ><span>Dura\u00e7\u00e3o m\u00ednima:<\/span>\n<\/h2><div class=\"deeper-text align-left \" style=\"margin-bottom:0px;\" ><span>2 semanas<\/span>\n<\/div><div class=\"deeper-spacer clearfix\" data-config='{\"desktop\":37,\"mobile\":37,\"smobile\":37}'><\/div><div class=\"deeper-fancy-image simple \" style=\"border-radius:10px;overflow:hidden;\" >\r\n\t\t\t\t\t\t\t<a target=\"_blank\" href=\"https:\/\/mondify.org\/pt\/midia\/\"><img decoding=\"async\" alt=\"image\" src=\"https:\/\/mondify.org\/pt\/wp-content\/uploads\/2024\/03\/Testemunhos.jpg\" \/><\/a> \r\n\t\t\t\t\t\t<\/div>[\/vc_column_inner][\/vc_row_inner][\/vc_column][\/vc_row][vc_row full_width=&#8221;stretch_row&#8221; canvas=&#8221;%5B%7B%22shape%22%3A%22shape-1%22%2C%22image_effect%22%3A%22style-1%22%2C%22smoothness%22%3A%2230%22%7D%5D&#8221; css=&#8221;.vc_custom_1592577640421{background-color: #f8f8f9 !important;}&#8221;][vc_column]<div class=\"deeper-spacer clearfix\" data-config='{\"desktop\":20,\"mobile\":20,\"smobile\":20}'><\/div>[vc_wp_text]<\/p>\n<div class=\"col-lg-12\">\n<div class=\"col-lg-12\">\n<h4>Suas tarefas:<\/h4>\n<p>&#8211; Trabalhar com cavaleiros e cavalos em sess\u00f5es de terapia equina<br \/>\n&#8211; Cuidar dos cavalos<br \/>\n&#8211; Aprender mais sobre a teoria dessa terapia<\/div>\n<div class=\"col-lg-12\">\n<h4>Onde na Argentina eu vou trabalhar?<\/h4>\n<p>Voc\u00ea vai trabalhar em um centro de terapia equina localizado a 40 minutos da cidade de C\u00f3rdoba. O centro atende crian\u00e7as e adultos com v\u00e1rias condi\u00e7\u00f5es f\u00edsicas e mentais. Seu projeto ser\u00e1 realizado na cidade de C\u00f3rdoba, a segunda maior cidade da Argentina. Esta cidade jovem e din\u00e2mica \u00e9 uma das mais amig\u00e1veis do pa\u00eds.<\/p><\/div>\n<div class=\"col-lg-12\">\n<h4>Aeroporto de chegada<\/h4>\n<p>Se voc\u00ea vai trabalhar neste projeto, deve chegar ao Aeroporto Internacional de C\u00f3rdoba (COR), onde um membro de nossa equipe estar\u00e1 esperando para receb\u00ea-lo.<\/p><\/div>\n<div class=\"col-lg-12\">\n<h4>Alimenta\u00e7\u00e3o e acomoda\u00e7\u00e3o<\/h4>\n<p>Voc\u00ea ficar\u00e1 hospedado com uma fam\u00edlia anfitri\u00e3 em C\u00f3rdoba. Eles v\u00e3o receb\u00ea-lo em sua casa e ficar\u00e3o felizes em compartilhar seus costumes e aprender sobre sua cultura. Acreditamos que esta \u00e9 a melhor maneira de se imergir no estilo de vida argentino e ter uma experi\u00eancia verdadeiramente \u00fanica. Seu quarto ser\u00e1 simples, mas confort\u00e1vel, limpo e seguro. O custo do programa inclui tr\u00eas refei\u00e7\u00f5es por dia.<\/p><\/div>\n<div class=\"col-lg-12\">\n<h4>Lazer<\/h4>\n<p>A Argentina \u00e9 um pa\u00eds vibrante da Am\u00e9rica do Sul, cheio de cores e patrim\u00f4nio cultural. Al\u00e9m de contribuir para projetos que valem a pena, viajar para a Argentina conosco significa que voc\u00ea poder\u00e1 explorar este pa\u00eds fascinante. Passe a tarde desfrutando de um caf\u00e9 na Plaza San Mart\u00edn, com seus artistas de rua e sua ic\u00f4nica est\u00e1tua do General Jos\u00e9 de San Mart\u00edn. Voc\u00ea pode fazer uma viagem de fim de semana para as montanhas. A natureza circundante \u00e9 impressionante e um passeio a cavalo pelas trilhas naturais tamb\u00e9m \u00e9 v\u00e1lido. H\u00e1 experi\u00eancias culturais, como o Museu de Belas Artes Evita Superior ou o Teatro del Libertador General San Mart\u00edn. Voc\u00ea tamb\u00e9m pode aprender sobre a hist\u00f3ria do pa\u00eds em museus locais e visitar o local de nascimento de Che Guevara. Provavelmente, h\u00e1 outros volunt\u00e1rios na Argentina, ent\u00e3o voc\u00ea pode explorar por conta pr\u00f3pria ou com um grupo de volunt\u00e1rios de diferentes projetos.<\/p><\/div>\n<\/div>\n<p>[\/vc_wp_text]<div class=\"deeper-spacer clearfix\" data-config='{\"desktop\":20,\"mobile\":20,\"smobile\":20}'><\/div>[\/vc_column][\/vc_row][vc_row full_width=&#8221;stretch_row&#8221; canvas=&#8221;%5B%7B%22shape%22%3A%22shape-1%22%2C%22image_effect%22%3A%22style-1%22%2C%22smoothness%22%3A%2230%22%7D%5D&#8221; css=&#8221;.vc_custom_1709070045306{background-color: #f8f8f9 !important;}&#8221;][vc_column][vc_row_inner][vc_column_inner width=&#8221;1\/3&#8243;]<div class=\"url-wrap  align-center\" >\r\n\t\t\t\t\t\t<a class=\"deeper-button button-accent small\" style=\"\" href=https:\/\/mondify.org\/pt\/orcamento\/ title=&quot;budget&quot; >Or\u00e7amento<span class=\"hover-effect\"><\/span><\/a>\r\n\t\t\t\t\t<\/div>[\/vc_column_inner][vc_column_inner width=&#8221;1\/3&#8243;]<div class=\"url-wrap  align-center\" >\r\n\t\t\t\t\t\t<a class=\"deeper-button button-gradient-orange2 medium\" style=\"\" href=https:\/\/docs.google.com\/forms\/d\/e\/1FAIpQLSetO20ebm7TAeG3AVwiCVfOxCu0vtK5B25FSjBW56pH2SyRUw\/viewform?usp=header >Inscreva-se agora<span class=\"hover-effect\"><\/span><\/a>\r\n\t\t\t\t\t<\/div>[\/vc_column_inner][vc_column_inner width=&#8221;1\/3&#8243;][vc_raw_html]JTNDZGl2JTIwc3R5bGUlM0QlMjJ0ZXh0LWFsaWduJTNBJTIwY2VudGVyJTNCJTIyJTNFJTBBJTIwJTIwJTIwJTNDYSUyMGNsYXNzJTNEJTIyZGVlcGVyLWJ1dHRvbiUyMGJ1dHRvbi1hY2NlbnQlMjBzbWFsbCUyMiUyMG9uY2xpY2slM0QlMjJoaXN0b3J5LmJhY2slMjglMjklMjIlM0VWb2x0YXIlM0MlMkZhJTNFJTBBJTNDJTJGZGl2JTNFJTBB[\/vc_raw_html][\/vc_column_inner][\/vc_row_inner]<div class=\"deeper-spacer clearfix\" data-config='{\"desktop\":60,\"mobile\":50,\"smobile\":40}'><\/div>[\/vc_column][\/vc_row]<\/p>\n<\/div>","protected":false},"excerpt":{"rendered":"<p>[vc_row][vc_column][vc_row_inner][vc_column_inner width=&#8221;2\/3&#8243; offset=&#8221;vc_col-lg-6 vc_col-md-7 vc_col-sm-offset-0&#8243;][\/vc_column_inner][vc_column_inner width=&#8221;1\/3&#8243; offset=&#8221;vc_col-lg-offset-2 vc_col-lg-4 vc_col-md-offset-1 vc_col-md-4&#8243;][\/vc_column_inner][\/vc_row_inner][\/vc_column][\/vc_row][vc_row full_width=&#8221;stretch_row&#8221; canvas=&#8221;%5B%7B%22shape%22%3A%22shape-1%22%2C%22image_effect%22%3A%22style-1%22%2C%22smoothness%22%3A%2230%22%7D%5D&#8221; css=&#8221;.vc_custom_1592577640421{background-color: #f8f8f9 !important;}&#8221;][vc_column][vc_wp_text] Suas tarefas: &#8211; Trabalhar com cavaleiros e cavalos em sess\u00f5es de terapia equina &#8211; Cuidar dos cavalos &#8211; Aprender mais sobre a teoria dessa terapia Onde na Argentina eu vou trabalhar? Voc\u00ea vai trabalhar em<\/p>\n","protected":false},"author":2,"featured_media":0,"parent":0,"menu_order":0,"comment_status":"closed","ping_status":"closed","template":"","meta":{"footnotes":""},"class_list":["post-4594","page","type-page","status-publish","hentry"],"_links":{"self":[{"href":"https:\/\/mondify.org\/pt\/wp-json\/wp\/v2\/pages\/4594","targetHints":{"allow":["GET"]}}],"collection":[{"href":"https:\/\/mondify.org\/pt\/wp-json\/wp\/v2\/pages"}],"about":[{"href":"https:\/\/mondify.org\/pt\/wp-json\/wp\/v2\/types\/page"}],"author":[{"embeddable":true,"href":"https:\/\/mondify.org\/pt\/wp-json\/wp\/v2\/users\/2"}],"replies":[{"embeddable":true,"href":"https:\/\/mondify.org\/pt\/wp-json\/wp\/v2\/comments?post=4594"}],"version-history":[{"count":0,"href":"https:\/\/mondify.org\/pt\/wp-json\/wp\/v2\/pages\/4594\/revisions"}],"wp:attachment":[{"href":"https:\/\/mondify.org\/pt\/wp-json\/wp\/v2\/media?parent=4594"}],"curies":[{"name":"wp","href":"https:\/\/api.w.org\/{rel}","templated":true}]}}