{"id":4586,"date":"2024-02-17T13:11:00","date_gmt":"2024-02-17T13:11:00","guid":{"rendered":"https:\/\/mondify.org\/en\/?page_id=4586"},"modified":"2025-06-04T20:39:08","modified_gmt":"2025-06-04T20:39:08","slug":"projeto-de-cuidado-infantil-nas-ilhas-galapagos-equador","status":"publish","type":"page","link":"https:\/\/mondify.org\/pt\/projeto-de-cuidado-infantil-nas-ilhas-galapagos-equador\/","title":{"rendered":"Projeto de Cuidado Infantil nas Ilhas Gal\u00e1pagos &#8211; Equador"},"content":{"rendered":"<div class=\"wpb-content-wrapper\"><p>[vc_row][vc_column]<div class=\"deeper-spacer clearfix\" data-config='{\"desktop\":100,\"mobile\":120,\"smobile\":90}'><\/div><h1 class=\"deeper-text align-center \" style=\"margin-bottom:30px;\" ><span>Children Care Project in the Galapagos &#8211; Ecuador<\/span>\n<\/h1><div class=\"deeper-spacer clearfix\" data-config='{\"desktop\":50,\"mobile\":40,\"smobile\":30}'><\/div><div class=\"deeper-fancy-image reveal  lr \"   data-inviewport=\"yes\">\r\n\t\t\t\t\t\t\t<figure style=\"border-radius:10px;overflow:hidden;\"><img decoding=\"async\" alt=\"image\" src=\"https:\/\/mondify.org\/pt\/wp-content\/uploads\/2023\/12\/mondify_prog_008-v2.jpg\" \/> <\/figure>\r\n\t\t\t\t\t\t<\/div><div class=\"deeper-spacer clearfix\" data-config='{\"desktop\":50,\"mobile\":40,\"smobile\":30}'><\/div>[vc_row_inner][vc_column_inner width=&#8221;2\/3&#8243; offset=&#8221;vc_col-lg-6 vc_col-md-7 vc_col-sm-offset-0&#8243;]<div class=\"deeper-text align-left \" style=\"margin-bottom:30px;\" ><span>Junte-se ao nosso projeto de cuidado e trabalhe com crian\u00e7as em nossas creches. Todos os dias, voc\u00ea organizar\u00e1 atividades divertidas que promovem o desenvolvimento na primeira inf\u00e2ncia. Voc\u00ea far\u00e1 parte do nosso esfor\u00e7o para melhorar a aprendizagem nos primeiros anos nas Gal\u00e1pagos. Isso \u00e9 particularmente importante porque os centros de cuidado infantil e as creches onde trabalhamos t\u00eam grupos bastante grandes e poucos funcion\u00e1rios. Isso significa que os professores e cuidadores n\u00e3o podem oferecer aten\u00e7\u00e3o personalizada suficiente. Com seu apoio, as crian\u00e7as que est\u00e3o atrasadas conseguir\u00e3o aprender e acompanhar seu grupo. Os professores e cuidadores apreciar\u00e3o sua ajuda com crian\u00e7as com defici\u00eancias e necessidades especiais.<\/span>\n<\/div><div class=\"deeper-text align-left \" style=\"margin-bottom:0px;\" ><span>Se voc\u00ea est\u00e1 cheio de energia, gosta de ver o lado divertido da vida e adora estar com crian\u00e7as pequenas, nosso projeto de cuidado \u00e9 para voc\u00ea. Voc\u00ea impulsionar\u00e1 o desenvolvimento nos primeiros anos e ganhar\u00e1 experi\u00eancia com cuidados infantis. Isso ser\u00e1 \u00fatil se voc\u00ea planeja seguir uma carreira trabalhando com crian\u00e7as. Se voc\u00ea j\u00e1 tem experi\u00eancia, \u00f3timo, mas se n\u00e3o tiver experi\u00eancia quando se juntar a n\u00f3s, n\u00e3o precisa se preocupar. Voc\u00ea trabalhar\u00e1 com professores e cuidadores locais, e nossa equipe estar\u00e1 dispon\u00edvel para orient\u00e1-lo. Voc\u00ea tamb\u00e9m ter\u00e1 acesso ao nosso banco de dados com centenas de recursos de ensino, como jogos e artesanatos.<\/span>\n<\/div><div class=\"deeper-spacer clearfix\" data-config='{\"desktop\":50,\"mobile\":40,\"smobile\":30}'><\/div>[\/vc_column_inner][vc_column_inner width=&#8221;1\/3&#8243; offset=&#8221;vc_col-lg-offset-2 vc_col-lg-4 vc_col-md-offset-1 vc_col-md-4&#8243;]<div class=\"deeper-spacer clearfix\" data-config='{\"desktop\":6,\"mobile\":6,\"smobile\":6}'><\/div><h2 class=\"deeper-text align-left \" style=\"font-size:22px;line-height:35px;margin-bottom:0px;\" ><span>Datas de in\u00edcio:<\/span>\n<\/h2><div class=\"deeper-text align-left \" style=\"margin-bottom:0px;\" ><span>Flex\u00edveis<\/span>\n<\/div><div class=\"deeper-spacer clearfix\" data-config='{\"desktop\":37,\"mobile\":37,\"smobile\":37}'><\/div><h2 class=\"deeper-text align-left \" style=\"font-size:22px;line-height:35px;margin-bottom:0px;\" ><span>Dura\u00e7\u00e3o m\u00ednima:<\/span>\n<\/h2><div class=\"deeper-text align-left \" style=\"margin-bottom:0px;\" ><span>1 semana<\/span>\n<\/div><div class=\"deeper-spacer clearfix\" data-config='{\"desktop\":37,\"mobile\":37,\"smobile\":37}'><\/div><div class=\"deeper-fancy-image simple \" style=\"border-radius:10px;overflow:hidden;\" >\r\n\t\t\t\t\t\t\t<a target=\"_blank\" href=\"https:\/\/mondify.org\/pt\/midia\/\"><img decoding=\"async\" alt=\"image\" src=\"https:\/\/mondify.org\/pt\/wp-content\/uploads\/2024\/03\/Testemunhos.jpg\" \/><\/a> \r\n\t\t\t\t\t\t<\/div>[\/vc_column_inner][\/vc_row_inner][\/vc_column][\/vc_row][vc_row full_width=&#8221;stretch_row&#8221; canvas=&#8221;%5B%7B%22shape%22%3A%22shape-1%22%2C%22image_effect%22%3A%22style-1%22%2C%22smoothness%22%3A%2230%22%7D%5D&#8221; css=&#8221;.vc_custom_1592577640421{background-color: #f8f8f9 !important;}&#8221;][vc_column]<div class=\"deeper-spacer clearfix\" data-config='{\"desktop\":20,\"mobile\":20,\"smobile\":20}'><\/div>[vc_wp_text]<\/p>\n<div class=\"col-lg-12\">\n<div class=\"col-lg-12\">\n<div class=\"col-lg-12\">\n<div class=\"col-lg-12\">\n<h4>Suas tarefas<\/h4>\n<p>O principal papel em seu trabalho volunt\u00e1rio com crian\u00e7as ser\u00e1 apoiar professores e cuidadores. Algumas das atividades nas quais voc\u00ea poder\u00e1 participar s\u00e3o:<\/p>\n<p>&#8211; Auxiliar as crian\u00e7as na leitura, escrita e contagem.<br \/>\n&#8211; Planejar atividades divertidas e ensinar habilidades b\u00e1sicas.<br \/>\n&#8211; Auxiliar no ensino dos benef\u00edcios de uma vida saud\u00e1vel.<br \/>\n&#8211; Melhorar a qualidade de vida de crian\u00e7as com defici\u00eancias e necessidades especiais.<\/div>\n<div class=\"col-lg-12\">\n<h4>Onde nas Gal\u00e1pagos eu irei trabalhar?<\/h4>\n<p>Voc\u00ea trabalhar\u00e1 em Puerto Baquerizo Moreno ou em El Progreso, um vilarejo nas Terras Altas.<\/p><\/div>\n<div class=\"col-lg-12\">\n<h4>Aeroporto de chegada<\/h4>\n<p>Voc\u00ea chegar\u00e1 no Aeroporto da Ilha de San Crist\u00f3bal (SCY). Um membro de nossa equipe estar\u00e1 l\u00e1 para receb\u00ea-lo.<\/p><\/div>\n<div class=\"col-lg-12\">\n<h4>Alimenta\u00e7\u00e3o e acomoda\u00e7\u00e3o<\/h4>\n<p>Voc\u00ea ficar\u00e1 hospedado com uma fam\u00edlia anfitri\u00e3 em Puerto Baquerizo Moreno ou ficar\u00e1 em nossa reserva ecol\u00f3gica com outros volunt\u00e1rios. Onde quer que voc\u00ea fique, ser\u00e1 bem-vindo, e as pessoas locais estar\u00e3o dispostas a compartilhar seus costumes e falar sobre sua cultura. Acreditamos que esta \u00e9 a melhor maneira de se imergir no estilo de vida equatoriano e ter uma experi\u00eancia \u00fanica. Seu quarto ser\u00e1 simples, mas confort\u00e1vel, limpo e seguro. O custo do programa inclui tr\u00eas refei\u00e7\u00f5es por dia.<\/p><\/div>\n<div class=\"col-lg-12\">\n<h4>Lazer<\/h4>\n<p>As Ilhas Gal\u00e1pagos s\u00e3o mundialmente famosas por sua reserva natural repleta de animais incr\u00edveis, incluindo tartarugas gigantes, e uma vida marinha e aves maravilhosas. Elas tamb\u00e9m s\u00e3o uma parte vibrante da paisagem e cultura do Equador e da Am\u00e9rica do Sul. Al\u00e9m de contribuir para projetos que valem a pena, viajar para as Ilhas Gal\u00e1pagos e o Equador conosco significa que voc\u00ea poder\u00e1 explorar este lugar fascinante. Passe a tarde caminhando ao longo do Malec\u00f3n, observando le\u00f5es-marinhos e iguanas, e aproveitando um caf\u00e9 em um dos caf\u00e9s ou restaurantes locais, com suas lojas animadas e a ic\u00f4nica est\u00e1tua de Charles Darwin. Voc\u00ea pode fazer passeios de barco para praias e ilhas pr\u00f3ximas e observar a vida selvagem \u00fanica das Gal\u00e1pagos. Voc\u00ea pode fazer snorkel ou mergulho e talvez nadar com le\u00f5es-marinhos, tartarugas, raias e outras formas de vida marinha. Voc\u00ea tamb\u00e9m pode caminhar por trilhas naturais com vista para praias ou perto do Lago Junco nas Terras Altas. O Centro de Interpreta\u00e7\u00e3o possui exposi\u00e7\u00f5es interessantes sobre a hist\u00f3ria das ilhas e seu povo. Volunt\u00e1rios v\u00eam aqui de muitos pa\u00edses e frequentemente fazem amizades duradouras com eles e com as pessoas locais.<\/p><\/div>\n<\/div>\n<\/div>\n<\/div>\n<p>[\/vc_wp_text]<div class=\"deeper-spacer clearfix\" data-config='{\"desktop\":20,\"mobile\":20,\"smobile\":20}'><\/div>[\/vc_column][\/vc_row][vc_row full_width=&#8221;stretch_row&#8221; canvas=&#8221;%5B%7B%22shape%22%3A%22shape-1%22%2C%22image_effect%22%3A%22style-1%22%2C%22smoothness%22%3A%2230%22%7D%5D&#8221; css=&#8221;.vc_custom_1709070045306{background-color: #f8f8f9 !important;}&#8221;][vc_column][vc_row_inner][vc_column_inner width=&#8221;1\/3&#8243;]<div class=\"url-wrap  align-center\" >\r\n\t\t\t\t\t\t<a class=\"deeper-button button-accent small\" style=\"\" href=https:\/\/mondify.org\/pt\/orcamento\/ title=&quot;budget&quot; >Or\u00e7amento<span class=\"hover-effect\"><\/span><\/a>\r\n\t\t\t\t\t<\/div>[\/vc_column_inner][vc_column_inner width=&#8221;1\/3&#8243;]<div class=\"url-wrap  align-center\" >\r\n\t\t\t\t\t\t<a class=\"deeper-button button-gradient-orange2 medium\" style=\"\" href=https:\/\/docs.google.com\/forms\/d\/e\/1FAIpQLSetO20ebm7TAeG3AVwiCVfOxCu0vtK5B25FSjBW56pH2SyRUw\/viewform?usp=header >Inscreva-se agora<span class=\"hover-effect\"><\/span><\/a>\r\n\t\t\t\t\t<\/div>[\/vc_column_inner][vc_column_inner width=&#8221;1\/3&#8243;][vc_raw_html]JTNDZGl2JTIwc3R5bGUlM0QlMjJ0ZXh0LWFsaWduJTNBJTIwY2VudGVyJTNCJTIyJTNFJTBBJTIwJTIwJTIwJTNDYSUyMGNsYXNzJTNEJTIyZGVlcGVyLWJ1dHRvbiUyMGJ1dHRvbi1hY2NlbnQlMjBzbWFsbCUyMiUyMG9uY2xpY2slM0QlMjJoaXN0b3J5LmJhY2slMjglMjklMjIlM0VWb2x0YXIlM0MlMkZhJTNFJTBBJTNDJTJGZGl2JTNFJTBB[\/vc_raw_html][\/vc_column_inner][\/vc_row_inner]<div class=\"deeper-spacer clearfix\" data-config='{\"desktop\":60,\"mobile\":50,\"smobile\":40}'><\/div>[\/vc_column][\/vc_row]<\/p>\n<\/div>","protected":false},"excerpt":{"rendered":"<p>[vc_row][vc_column][vc_row_inner][vc_column_inner width=&#8221;2\/3&#8243; offset=&#8221;vc_col-lg-6 vc_col-md-7 vc_col-sm-offset-0&#8243;][\/vc_column_inner][vc_column_inner width=&#8221;1\/3&#8243; offset=&#8221;vc_col-lg-offset-2 vc_col-lg-4 vc_col-md-offset-1 vc_col-md-4&#8243;][\/vc_column_inner][\/vc_row_inner][\/vc_column][\/vc_row][vc_row full_width=&#8221;stretch_row&#8221; canvas=&#8221;%5B%7B%22shape%22%3A%22shape-1%22%2C%22image_effect%22%3A%22style-1%22%2C%22smoothness%22%3A%2230%22%7D%5D&#8221; css=&#8221;.vc_custom_1592577640421{background-color: #f8f8f9 !important;}&#8221;][vc_column][vc_wp_text] Suas tarefas O principal papel em seu trabalho volunt\u00e1rio com crian\u00e7as ser\u00e1 apoiar professores e cuidadores. Algumas das atividades nas quais voc\u00ea poder\u00e1 participar s\u00e3o: &#8211; Auxiliar as crian\u00e7as na leitura, escrita e contagem. &#8211;<\/p>\n","protected":false},"author":2,"featured_media":0,"parent":0,"menu_order":0,"comment_status":"closed","ping_status":"closed","template":"","meta":{"footnotes":""},"class_list":["post-4586","page","type-page","status-publish","hentry"],"_links":{"self":[{"href":"https:\/\/mondify.org\/pt\/wp-json\/wp\/v2\/pages\/4586","targetHints":{"allow":["GET"]}}],"collection":[{"href":"https:\/\/mondify.org\/pt\/wp-json\/wp\/v2\/pages"}],"about":[{"href":"https:\/\/mondify.org\/pt\/wp-json\/wp\/v2\/types\/page"}],"author":[{"embeddable":true,"href":"https:\/\/mondify.org\/pt\/wp-json\/wp\/v2\/users\/2"}],"replies":[{"embeddable":true,"href":"https:\/\/mondify.org\/pt\/wp-json\/wp\/v2\/comments?post=4586"}],"version-history":[{"count":0,"href":"https:\/\/mondify.org\/pt\/wp-json\/wp\/v2\/pages\/4586\/revisions"}],"wp:attachment":[{"href":"https:\/\/mondify.org\/pt\/wp-json\/wp\/v2\/media?parent=4586"}],"curies":[{"name":"wp","href":"https:\/\/api.w.org\/{rel}","templated":true}]}}