{"id":4580,"date":"2024-02-17T12:53:34","date_gmt":"2024-02-17T12:53:34","guid":{"rendered":"https:\/\/mondify.org\/en\/?page_id=4580"},"modified":"2025-06-04T20:38:58","modified_gmt":"2025-06-04T20:38:58","slug":"cuidados-infantis-na-argentina","status":"publish","type":"page","link":"https:\/\/mondify.org\/pt\/cuidados-infantis-na-argentina\/","title":{"rendered":"Cuidados Infantis na Argentina"},"content":{"rendered":"<div class=\"wpb-content-wrapper\"><p>[vc_row][vc_column]<div class=\"deeper-spacer clearfix\" data-config='{\"desktop\":100,\"mobile\":120,\"smobile\":90}'><\/div><h1 class=\"deeper-text align-center \" style=\"margin-bottom:30px;\" ><span>Cuidados Infantis na Argentina<\/span>\n<\/h1><div class=\"deeper-spacer clearfix\" data-config='{\"desktop\":50,\"mobile\":40,\"smobile\":30}'><\/div><div class=\"deeper-fancy-image reveal  lr \"   data-inviewport=\"yes\">\r\n\t\t\t\t\t\t\t<figure style=\"border-radius:10px;overflow:hidden;\"><img decoding=\"async\" alt=\"image\" src=\"https:\/\/mondify.org\/pt\/wp-content\/uploads\/2023\/12\/mondify_prog_004-v2.jpg\" \/> <\/figure>\r\n\t\t\t\t\t\t<\/div><div class=\"deeper-spacer clearfix\" data-config='{\"desktop\":50,\"mobile\":40,\"smobile\":30}'><\/div>[vc_row_inner][vc_column_inner width=&#8221;2\/3&#8243; offset=&#8221;vc_col-lg-6 vc_col-md-7 vc_col-sm-offset-0&#8243;]<div class=\"deeper-text align-left \" style=\"margin-bottom:30px;\" ><span>Viver na Argentina e preparar crian\u00e7as pequenas para a escola ensinando-lhes habilidades b\u00e1sicas.Participe do nosso Voluntariado Social na Argentina e ajude crian\u00e7as em um centro de cuidados pr\u00e9-escolares. Todos os dias, voc\u00ea organizar\u00e1 atividades divertidas que promovem o desenvolvimento infantil precoce. Os centros onde trabalhamos t\u00eam grupos muito grandes de crian\u00e7as e poucos funcion\u00e1rios. Os professores n\u00e3o podem dar aten\u00e7\u00e3o pessoal. Com seu apoio, as crian\u00e7as que est\u00e3o ficando para tr\u00e1s poder\u00e3o aprender e acompanhar o grupo. E os professores e cuidadores apreciar\u00e3o sua ajuda. Voc\u00ea tamb\u00e9m pode ajudar crian\u00e7as com defici\u00eancias em um centro de necessidades especiais.<\/span>\n<\/div><div class=\"deeper-text align-left \" style=\"margin-bottom:0px;\" ><span>Se voc\u00ea est\u00e1 cheio de energia, gosta de ver o lado divertido da vida e gosta da companhia de crian\u00e7as pequenas com todos os seus altos e baixos, nosso Voluntariado Social na Argentina \u00e9 para voc\u00ea. Voc\u00ea impulsionar\u00e1 o desenvolvimento infantil precoce e ganhar\u00e1 experi\u00eancia em cuidados infantis. Isso ser\u00e1 especialmente \u00fatil se voc\u00ea planeja seguir uma carreira trabalhando com crian\u00e7as. Se voc\u00ea n\u00e3o tem experi\u00eancia, n\u00e3o precisa se preocupar. Voc\u00ea apoiar\u00e1 professores e cuidadores locais, e nossa equipe estar\u00e1 dispon\u00edvel para orient\u00e1-lo. Tamb\u00e9m realizamos periodicamente oficinas onde voc\u00ea pode melhorar suas habilidades de ensino e planejamento. Voc\u00ea tamb\u00e9m ter\u00e1 acesso ao nosso banco de dados com centenas de recursos de ensino, como jogos e artesanato.<\/span>\n<\/div><div class=\"deeper-spacer clearfix\" data-config='{\"desktop\":50,\"mobile\":40,\"smobile\":30}'><\/div>[\/vc_column_inner][vc_column_inner width=&#8221;1\/3&#8243; offset=&#8221;vc_col-lg-offset-2 vc_col-lg-4 vc_col-md-offset-1 vc_col-md-4&#8243;]<div class=\"deeper-spacer clearfix\" data-config='{\"desktop\":6,\"mobile\":6,\"smobile\":6}'><\/div><h2 class=\"deeper-text align-left \" style=\"font-size:22px;line-height:35px;margin-bottom:0px;\" ><span>Datas de in\u00edcio:<\/span>\n<\/h2><div class=\"deeper-text align-left \" style=\"margin-bottom:0px;\" ><span>Flex\u00edveis<\/span>\n<\/div><div class=\"deeper-spacer clearfix\" data-config='{\"desktop\":37,\"mobile\":37,\"smobile\":37}'><\/div><h2 class=\"deeper-text align-left \" style=\"font-size:22px;line-height:35px;margin-bottom:0px;\" ><span>Dura\u00e7\u00e3o m\u00ednima:<\/span>\n<\/h2><div class=\"deeper-text align-left \" style=\"margin-bottom:0px;\" ><span>1 semana<\/span>\n<\/div><div class=\"deeper-spacer clearfix\" data-config='{\"desktop\":37,\"mobile\":37,\"smobile\":37}'><\/div><div class=\"deeper-fancy-image simple \" style=\"border-radius:10px;overflow:hidden;\" >\r\n\t\t\t\t\t\t\t<a target=\"_blank\" href=\"https:\/\/mondify.org\/pt\/midia\/\"><img decoding=\"async\" alt=\"image\" src=\"https:\/\/mondify.org\/pt\/wp-content\/uploads\/2024\/03\/Testemunhos.jpg\" \/><\/a> \r\n\t\t\t\t\t\t<\/div>[\/vc_column_inner][\/vc_row_inner][\/vc_column][\/vc_row][vc_row full_width=&#8221;stretch_row&#8221; canvas=&#8221;%5B%7B%22shape%22%3A%22shape-1%22%2C%22image_effect%22%3A%22style-1%22%2C%22smoothness%22%3A%2230%22%7D%5D&#8221; css=&#8221;.vc_custom_1592577640421{background-color: #f8f8f9 !important;}&#8221;][vc_column]<div class=\"deeper-spacer clearfix\" data-config='{\"desktop\":20,\"mobile\":20,\"smobile\":20}'><\/div>[vc_wp_text]<\/p>\n<div class=\"col-lg-12\">\n<div class=\"col-lg-12\">\n<h4>Suas tarefas:<\/h4>\n<p>O papel principal em seu trabalho volunt\u00e1rio com crian\u00e7as ser\u00e1 apoiar professores e cuidadores. Algumas das atividades nas quais voc\u00ea pode participar s\u00e3o:<\/p>\n<p>&#8211; Ensinar crian\u00e7as a ler, escrever e contar<br \/>\n&#8211; Planejar atividades divertidas para ensinar habilidades b\u00e1sicas<br \/>\n&#8211; Ensinar os benef\u00edcios da atividade f\u00edsica e de uma vida saud\u00e1vel<br \/>\n&#8211; Melhorar a qualidade de vida de crian\u00e7as com defici\u00eancias<\/div>\n<div class=\"col-lg-12\">\n<h4>Onde na Argentina eu vou trabalhar?<\/h4>\n<p>Seu trabalho volunt\u00e1rio acontecer\u00e1 em C\u00f3rdoba, uma cidade cheia de beleza natural e com um verdadeiro entusiasmo pela vida. Voc\u00ea ver\u00e1 isso refletido em sua vibrante cena de festas e na colorida arte de rua. Em C\u00f3rdoba, voc\u00ea nunca ficar\u00e1 entediado! Com uma popula\u00e7\u00e3o de 2 milh\u00f5es de pessoas, C\u00f3rdoba \u00e9 a segunda maior cidade do pa\u00eds e resultado de uma grande mistura de culturas que incluem tribos ind\u00edgenas, \u00edtalo-argentinos, hispano-argentinos e imigrantes de todos os cantos da Europa.<\/p><\/div>\n<div class=\"col-lg-12\">\n<h4>Aeroporto de chegada<\/h4>\n<p>Se voc\u00ea vai trabalhar neste projeto, deve chegar ao Aeroporto Internacional de C\u00f3rdoba (COR), onde um membro de nossa equipe estar\u00e1 esperando para receb\u00ea-lo.<\/p><\/div>\n<div class=\"col-lg-12\">\n<h4>Alimenta\u00e7\u00e3o e alojamento<\/h4>\n<p>Voc\u00ea ficar\u00e1 hospedado com uma fam\u00edlia anfitri\u00e3 em C\u00f3rdoba. Eles v\u00e3o receb\u00ea-lo em sua casa e ficar\u00e3o felizes em compartilhar seus costumes e aprender sobre sua cultura. Acreditamos que esta \u00e9 a melhor maneira de mergulhar no estilo de vida argentino e ter uma experi\u00eancia verdadeiramente \u00fanica. Seu quarto ser\u00e1 simples, mas confort\u00e1vel, limpo e seguro. O custo do programa inclui tr\u00eas refei\u00e7\u00f5es por dia.<\/p><\/div>\n<div class=\"col-lg-12\">\n<h4>Lazer<\/h4>\n<p>A Argentina \u00e9 um pa\u00eds vibrante da Am\u00e9rica do Sul, cheio de cores e patrim\u00f4nio cultural. Al\u00e9m de contribuir para projetos que valem a pena, viajar para a Argentina conosco significa que voc\u00ea poder\u00e1 explorar este pa\u00eds fascinante. Passe a tarde tomando um caf\u00e9 na Plaza San Mart\u00edn, com seus artistas de rua e sua ic\u00f4nica est\u00e1tua do General Jos\u00e9 de San Mart\u00edn. Voc\u00ea pode fazer uma viagem de fim de semana para as montanhas. A natureza circundante \u00e9 impressionante e um passeio a cavalo pelas trilhas naturais tamb\u00e9m \u00e9 muito gratificante. H\u00e1 experi\u00eancias culturais, como o Museu Superior de Belas Artes Evita ou o Teatro del Libertador General San Mart\u00edn. Voc\u00ea tamb\u00e9m pode aprender sobre a hist\u00f3ria do pa\u00eds nos museus locais e visitar o local de nascimento de Che Guevara. Provavelmente, h\u00e1 outros volunt\u00e1rios na Argentina, ent\u00e3o voc\u00ea pode explorar por conta pr\u00f3pria ou com um grupo de volunt\u00e1rios de diferentes projetos.<\/p><\/div>\n<\/div>\n<p>[\/vc_wp_text]<div class=\"deeper-spacer clearfix\" data-config='{\"desktop\":20,\"mobile\":20,\"smobile\":20}'><\/div>[\/vc_column][\/vc_row][vc_row full_width=&#8221;stretch_row&#8221; canvas=&#8221;%5B%7B%22shape%22%3A%22shape-1%22%2C%22image_effect%22%3A%22style-1%22%2C%22smoothness%22%3A%2230%22%7D%5D&#8221; css=&#8221;.vc_custom_1709070045306{background-color: #f8f8f9 !important;}&#8221;][vc_column][vc_row_inner][vc_column_inner width=&#8221;1\/3&#8243;]<div class=\"url-wrap  align-center\" >\r\n\t\t\t\t\t\t<a class=\"deeper-button button-accent small\" style=\"\" href=https:\/\/mondify.org\/pt\/orcamento\/ title=&quot;budget&quot; >Or\u00e7amento<span class=\"hover-effect\"><\/span><\/a>\r\n\t\t\t\t\t<\/div>[\/vc_column_inner][vc_column_inner width=&#8221;1\/3&#8243;]<div class=\"url-wrap  align-center\" >\r\n\t\t\t\t\t\t<a class=\"deeper-button button-gradient-orange2 medium\" style=\"\" href=https:\/\/docs.google.com\/forms\/d\/e\/1FAIpQLSetO20ebm7TAeG3AVwiCVfOxCu0vtK5B25FSjBW56pH2SyRUw\/viewform?usp=header >Inscreva-se agora<span class=\"hover-effect\"><\/span><\/a>\r\n\t\t\t\t\t<\/div>[\/vc_column_inner][vc_column_inner width=&#8221;1\/3&#8243;][vc_raw_html]JTNDZGl2JTIwc3R5bGUlM0QlMjJ0ZXh0LWFsaWduJTNBJTIwY2VudGVyJTNCJTIyJTNFJTBBJTIwJTIwJTIwJTNDYSUyMGNsYXNzJTNEJTIyZGVlcGVyLWJ1dHRvbiUyMGJ1dHRvbi1hY2NlbnQlMjBzbWFsbCUyMiUyMG9uY2xpY2slM0QlMjJoaXN0b3J5LmJhY2slMjglMjklMjIlM0VWb2x0YXIlM0MlMkZhJTNFJTBBJTNDJTJGZGl2JTNFJTBB[\/vc_raw_html][\/vc_column_inner][\/vc_row_inner]<div class=\"deeper-spacer clearfix\" data-config='{\"desktop\":60,\"mobile\":50,\"smobile\":40}'><\/div>[\/vc_column][\/vc_row]<\/p>\n<\/div>","protected":false},"excerpt":{"rendered":"<p>[vc_row][vc_column][vc_row_inner][vc_column_inner width=&#8221;2\/3&#8243; offset=&#8221;vc_col-lg-6 vc_col-md-7 vc_col-sm-offset-0&#8243;][\/vc_column_inner][vc_column_inner width=&#8221;1\/3&#8243; offset=&#8221;vc_col-lg-offset-2 vc_col-lg-4 vc_col-md-offset-1 vc_col-md-4&#8243;][\/vc_column_inner][\/vc_row_inner][\/vc_column][\/vc_row][vc_row full_width=&#8221;stretch_row&#8221; canvas=&#8221;%5B%7B%22shape%22%3A%22shape-1%22%2C%22image_effect%22%3A%22style-1%22%2C%22smoothness%22%3A%2230%22%7D%5D&#8221; css=&#8221;.vc_custom_1592577640421{background-color: #f8f8f9 !important;}&#8221;][vc_column][vc_wp_text] Suas tarefas: O papel principal em seu trabalho volunt\u00e1rio com crian\u00e7as ser\u00e1 apoiar professores e cuidadores. Algumas das atividades nas quais voc\u00ea pode participar s\u00e3o: &#8211; Ensinar crian\u00e7as a ler, escrever e contar &#8211; Planejar<\/p>\n","protected":false},"author":2,"featured_media":0,"parent":0,"menu_order":0,"comment_status":"closed","ping_status":"closed","template":"","meta":{"footnotes":""},"class_list":["post-4580","page","type-page","status-publish","hentry"],"_links":{"self":[{"href":"https:\/\/mondify.org\/pt\/wp-json\/wp\/v2\/pages\/4580","targetHints":{"allow":["GET"]}}],"collection":[{"href":"https:\/\/mondify.org\/pt\/wp-json\/wp\/v2\/pages"}],"about":[{"href":"https:\/\/mondify.org\/pt\/wp-json\/wp\/v2\/types\/page"}],"author":[{"embeddable":true,"href":"https:\/\/mondify.org\/pt\/wp-json\/wp\/v2\/users\/2"}],"replies":[{"embeddable":true,"href":"https:\/\/mondify.org\/pt\/wp-json\/wp\/v2\/comments?post=4580"}],"version-history":[{"count":0,"href":"https:\/\/mondify.org\/pt\/wp-json\/wp\/v2\/pages\/4580\/revisions"}],"wp:attachment":[{"href":"https:\/\/mondify.org\/pt\/wp-json\/wp\/v2\/media?parent=4580"}],"curies":[{"name":"wp","href":"https:\/\/api.w.org\/{rel}","templated":true}]}}