{"id":4576,"date":"2024-02-17T12:39:40","date_gmt":"2024-02-17T12:39:40","guid":{"rendered":"https:\/\/mondify.org\/en\/?page_id=4576"},"modified":"2025-06-04T20:38:49","modified_gmt":"2025-06-04T20:38:49","slug":"treinamento-esportivo-nas-ilhas-galapagos-equador","status":"publish","type":"page","link":"https:\/\/mondify.org\/pt\/treinamento-esportivo-nas-ilhas-galapagos-equador\/","title":{"rendered":"Treinamento Esportivo nas Ilhas Gal\u00e1pagos, Equador"},"content":{"rendered":"<div class=\"wpb-content-wrapper\"><p>[vc_row][vc_column]<div class=\"deeper-spacer clearfix\" data-config='{\"desktop\":100,\"mobile\":120,\"smobile\":90}'><\/div><h1 class=\"deeper-text align-center \" style=\"margin-bottom:30px;\" ><span>Treinamento Esportivo nas Ilhas Gal\u00e1pagos, Equador<\/span>\n<\/h1><div class=\"deeper-spacer clearfix\" data-config='{\"desktop\":50,\"mobile\":40,\"smobile\":30}'><\/div><div class=\"deeper-fancy-image reveal  lr \"   data-inviewport=\"yes\">\r\n\t\t\t\t\t\t\t<figure style=\"border-radius:10px;overflow:hidden;\"><img decoding=\"async\" alt=\"image\" src=\"https:\/\/mondify.org\/pt\/wp-content\/uploads\/2023\/12\/mondify_prog_007-1.jpg\" \/> <\/figure>\r\n\t\t\t\t\t\t<\/div><div class=\"deeper-spacer clearfix\" data-config='{\"desktop\":50,\"mobile\":40,\"smobile\":30}'><\/div>[vc_row_inner][vc_column_inner width=&#8221;2\/3&#8243; offset=&#8221;vc_col-lg-6 vc_col-md-7 vc_col-sm-offset-0&#8243;]<div class=\"deeper-text align-left \" style=\"margin-bottom:30px;\" ><span><span style=\"font-weight: 400;\">Voc\u00ea trabalhar\u00e1 com jovens da comunidade em escolas prim\u00e1rias e secund\u00e1rias, onde ajudar\u00e1 os treinadores locais. \u00c9 uma \u00f3tima maneira de ajudar e ganhar experi\u00eancia ao mesmo tempo! Todos os tipos de esportes s\u00e3o populares aqui. Voc\u00ea pode ajudar a ensinar futebol e basquete, e outros esportes populares nos quais voc\u00ea se sinta confiante para ensinar.<\/span><\/span>\n<\/div><div class=\"deeper-text align-left \" style=\"margin-bottom:0px;\" ><span>Voc\u00ea ama esportes e trabalhar com crian\u00e7as? Gostaria de ajudar a nutrir talentos jovens? Ent\u00e3o o nosso voluntariado esportivo nas Gal\u00e1pagos \u00e9 para voc\u00ea! Atrav\u00e9s do seu trabalho, voc\u00ea ser\u00e1 respons\u00e1vel por aumentar a autoconfian\u00e7a das nossas crian\u00e7as, desenvolver suas habilidades e motiv\u00e1-las a manter uma boa condi\u00e7\u00e3o f\u00edsica. \u00c9 tamb\u00e9m uma \u00f3tima oportunidade para melhorar suas pr\u00f3prias habilidades e ganhar experi\u00eancia como treinador. Se voc\u00ea tem experi\u00eancia, \u00f3timo, mas n\u00e3o se preocupe se n\u00e3o tiver, pois voc\u00ea trabalhar\u00e1 com treinadores dedicados que est\u00e3o muito abertos a volunt\u00e1rios. Eles ir\u00e3o ajud\u00e1-lo da melhor forma poss\u00edvel e voc\u00ea tamb\u00e9m pode pedir conselhos ao nosso pessoal local.<\/span>\n<\/div><div class=\"deeper-spacer clearfix\" data-config='{\"desktop\":50,\"mobile\":40,\"smobile\":30}'><\/div>[\/vc_column_inner][vc_column_inner width=&#8221;1\/3&#8243; offset=&#8221;vc_col-lg-offset-2 vc_col-lg-4 vc_col-md-offset-1 vc_col-md-4&#8243;]<div class=\"deeper-spacer clearfix\" data-config='{\"desktop\":6,\"mobile\":6,\"smobile\":6}'><\/div><h2 class=\"deeper-text align-left \" style=\"font-size:22px;line-height:35px;margin-bottom:0px;\" ><span>Datas de in\u00edcio:<\/span>\n<\/h2><div class=\"deeper-text align-left \" style=\"margin-bottom:0px;\" ><span>Flex\u00edveis<\/span>\n<\/div><div class=\"deeper-spacer clearfix\" data-config='{\"desktop\":37,\"mobile\":37,\"smobile\":37}'><\/div><h2 class=\"deeper-text align-left \" style=\"font-size:22px;line-height:35px;margin-bottom:0px;\" ><span>Dura\u00e7\u00e3o m\u00ednima:<\/span>\n<\/h2><div class=\"deeper-text align-left \" style=\"margin-bottom:0px;\" ><span>1 semana<\/span>\n<\/div><div class=\"deeper-spacer clearfix\" data-config='{\"desktop\":37,\"mobile\":37,\"smobile\":37}'><\/div><div class=\"deeper-fancy-image simple \" style=\"border-radius:10px;overflow:hidden;\" >\r\n\t\t\t\t\t\t\t<a target=\"_blank\" href=\"https:\/\/mondify.org\/pt\/midia\/\"><img decoding=\"async\" alt=\"image\" src=\"https:\/\/mondify.org\/pt\/wp-content\/uploads\/2024\/03\/Testemunhos.jpg\" \/><\/a> \r\n\t\t\t\t\t\t<\/div>[\/vc_column_inner][\/vc_row_inner][\/vc_column][\/vc_row][vc_row full_width=&#8221;stretch_row&#8221; canvas=&#8221;%5B%7B%22shape%22%3A%22shape-1%22%2C%22image_effect%22%3A%22style-1%22%2C%22smoothness%22%3A%2230%22%7D%5D&#8221; css=&#8221;.vc_custom_1592577640421{background-color: #f8f8f9 !important;}&#8221;][vc_column]<div class=\"deeper-spacer clearfix\" data-config='{\"desktop\":60,\"mobile\":50,\"smobile\":40}'><\/div>[vc_wp_text]<strong>Suas tarefas:<\/strong>Voc\u00ea ser\u00e1 um treinador volunt\u00e1rio em escolas prim\u00e1rias ou secund\u00e1rias e com a associa\u00e7\u00e3o esportiva local. Algumas de suas tarefas ser\u00e3o:<\/p>\n<p>&#8211; Fornecer sess\u00f5es de treinamento para crian\u00e7as locais.<br \/>\n&#8211; Trabalhar com os professores locais para coordenar e planejar as sess\u00f5es de treinamento.<br \/>\n&#8211; Ensinar &#8211; e aprender &#8211; novas habilidades.<br \/>\n&#8211; Onde nas Gal\u00e1pagos eu vou trabalhar?<br \/>\n&#8211; Voc\u00ea trabalhar\u00e1 em Puerto Baquerizo Moreno, a capital das Gal\u00e1pagos, e em El Progreso, a vila mais antiga das Gal\u00e1pagos.<\/p>\n<p><strong>Aeroporto de chegada<\/strong><\/p>\n<p>Voc\u00ea chegar\u00e1 no Aeroporto da Ilha de San Crist\u00f3bal (SCY). Um membro de nossa equipe estar\u00e1 l\u00e1 para receb\u00ea-lo.<\/p>\n<p><strong>Alimenta\u00e7\u00e3o e acomoda\u00e7\u00e3o:<\/strong><\/p>\n<p>Voc\u00ea ficar\u00e1 com uma fam\u00edlia anfitri\u00e3 em Puerto Baquerizo Moreno ou ficar\u00e1 em nossa reserva ecol\u00f3gica com outros volunt\u00e1rios. Onde quer que voc\u00ea fique, ser\u00e1 bem-vindo, e as pessoas locais estar\u00e3o dispostas a compartilhar seus costumes e falar sobre sua cultura. Acreditamos que esta \u00e9 a melhor maneira de se envolver no estilo de vida equatoriano e ter uma experi\u00eancia \u00fanica. Seu quarto ser\u00e1 simples, mas confort\u00e1vel, limpo e seguro. O custo do programa inclui tr\u00eas refei\u00e7\u00f5es por dia.<\/p>\n<p><strong>Lazer:<\/strong><\/p>\n<p>As Ilhas Gal\u00e1pagos s\u00e3o uma reserva natural mundialmente famosa, cheia de animais incr\u00edveis, incluindo tartarugas gigantes, vida marinha maravilhosa e p\u00e1ssaros. Elas tamb\u00e9m s\u00e3o uma parte vibrante da paisagem e da cultura do Equador e da Am\u00e9rica do Sul. Al\u00e9m de contribuir para projetos que valem a pena, viajar para as Ilhas Gal\u00e1pagos e o Equador conosco significa que voc\u00ea poder\u00e1 explorar este lugar fascinante. Passe a tarde caminhando ao longo do Malec\u00f3n, observando le\u00f5es-marinhos e iguanas, e tomando um caf\u00e9 em um dos caf\u00e9s ou restaurantes locais, com suas lojas animadas e a ic\u00f4nica est\u00e1tua de Charles Darwin. Voc\u00ea pode fazer passeios de barco para praias e ilhas pr\u00f3ximas e observar a vida selvagem \u00fanica das Gal\u00e1pagos. Voc\u00ea pode fazer snorkel ou mergulho e talvez nadar com le\u00f5es-marinhos, tartarugas, raias e outras formas de vida oce\u00e2nica. Voc\u00ea tamb\u00e9m pode caminhar em trilhas naturais com vista para praias ou perto do Lago Junco nas Terras Altas. O Centro de Interpreta\u00e7\u00e3o tem exposi\u00e7\u00f5es interessantes sobre a hist\u00f3ria das ilhas e seu povo. Volunt\u00e1rios de muitos pa\u00edses v\u00eam para c\u00e1 e muitas vezes fazem amizades para a vida com eles e com as pessoas locais.[\/vc_wp_text]<div class=\"deeper-spacer clearfix\" data-config='{\"desktop\":60,\"mobile\":50,\"smobile\":40}'><\/div>[\/vc_column][\/vc_row][vc_row full_width=&#8221;stretch_row&#8221; canvas=&#8221;%5B%7B%22shape%22%3A%22shape-1%22%2C%22image_effect%22%3A%22style-1%22%2C%22smoothness%22%3A%2230%22%7D%5D&#8221; css=&#8221;.vc_custom_1709070045306{background-color: #f8f8f9 !important;}&#8221;][vc_column][vc_row_inner][vc_column_inner width=&#8221;1\/3&#8243;]<div class=\"url-wrap  align-center\" >\r\n\t\t\t\t\t\t<a class=\"deeper-button button-accent small\" style=\"\" href=https:\/\/mondify.org\/pt\/orcamento\/ title=&quot;budget&quot; >Or\u00e7amento<span class=\"hover-effect\"><\/span><\/a>\r\n\t\t\t\t\t<\/div>[\/vc_column_inner][vc_column_inner width=&#8221;1\/3&#8243;]<div class=\"url-wrap  align-center\" >\r\n\t\t\t\t\t\t<a class=\"deeper-button button-gradient-orange2 medium\" style=\"\" href=https:\/\/docs.google.com\/forms\/d\/e\/1FAIpQLSetO20ebm7TAeG3AVwiCVfOxCu0vtK5B25FSjBW56pH2SyRUw\/viewform?usp=header >Inscreva-se agora<span class=\"hover-effect\"><\/span><\/a>\r\n\t\t\t\t\t<\/div>[\/vc_column_inner][vc_column_inner width=&#8221;1\/3&#8243;][vc_raw_html]JTNDZGl2JTIwc3R5bGUlM0QlMjJ0ZXh0LWFsaWduJTNBJTIwY2VudGVyJTNCJTIyJTNFJTBBJTIwJTIwJTIwJTNDYSUyMGNsYXNzJTNEJTIyZGVlcGVyLWJ1dHRvbiUyMGJ1dHRvbi1hY2NlbnQlMjBzbWFsbCUyMiUyMG9uY2xpY2slM0QlMjJoaXN0b3J5LmJhY2slMjglMjklMjIlM0VWb2x0YXIlM0MlMkZhJTNFJTBBJTNDJTJGZGl2JTNFJTBB[\/vc_raw_html][\/vc_column_inner][\/vc_row_inner]<div class=\"deeper-spacer clearfix\" data-config='{\"desktop\":60,\"mobile\":50,\"smobile\":40}'><\/div>[\/vc_column][\/vc_row]<\/p>\n<\/div>","protected":false},"excerpt":{"rendered":"<p>[vc_row][vc_column][vc_row_inner][vc_column_inner width=&#8221;2\/3&#8243; offset=&#8221;vc_col-lg-6 vc_col-md-7 vc_col-sm-offset-0&#8243;][\/vc_column_inner][vc_column_inner width=&#8221;1\/3&#8243; offset=&#8221;vc_col-lg-offset-2 vc_col-lg-4 vc_col-md-offset-1 vc_col-md-4&#8243;][\/vc_column_inner][\/vc_row_inner][\/vc_column][\/vc_row][vc_row full_width=&#8221;stretch_row&#8221; canvas=&#8221;%5B%7B%22shape%22%3A%22shape-1%22%2C%22image_effect%22%3A%22style-1%22%2C%22smoothness%22%3A%2230%22%7D%5D&#8221; css=&#8221;.vc_custom_1592577640421{background-color: #f8f8f9 !important;}&#8221;][vc_column][vc_wp_text]Suas tarefas:Voc\u00ea ser\u00e1 um treinador volunt\u00e1rio em escolas prim\u00e1rias ou secund\u00e1rias e com a associa\u00e7\u00e3o esportiva local. Algumas de suas tarefas ser\u00e3o: &#8211; Fornecer sess\u00f5es de treinamento para crian\u00e7as locais. &#8211; Trabalhar com os professores locais<\/p>\n","protected":false},"author":2,"featured_media":0,"parent":0,"menu_order":0,"comment_status":"closed","ping_status":"closed","template":"","meta":{"footnotes":""},"class_list":["post-4576","page","type-page","status-publish","hentry"],"_links":{"self":[{"href":"https:\/\/mondify.org\/pt\/wp-json\/wp\/v2\/pages\/4576","targetHints":{"allow":["GET"]}}],"collection":[{"href":"https:\/\/mondify.org\/pt\/wp-json\/wp\/v2\/pages"}],"about":[{"href":"https:\/\/mondify.org\/pt\/wp-json\/wp\/v2\/types\/page"}],"author":[{"embeddable":true,"href":"https:\/\/mondify.org\/pt\/wp-json\/wp\/v2\/users\/2"}],"replies":[{"embeddable":true,"href":"https:\/\/mondify.org\/pt\/wp-json\/wp\/v2\/comments?post=4576"}],"version-history":[{"count":0,"href":"https:\/\/mondify.org\/pt\/wp-json\/wp\/v2\/pages\/4576\/revisions"}],"wp:attachment":[{"href":"https:\/\/mondify.org\/pt\/wp-json\/wp\/v2\/media?parent=4576"}],"curies":[{"name":"wp","href":"https:\/\/api.w.org\/{rel}","templated":true}]}}