{"id":4572,"date":"2024-02-17T12:21:21","date_gmt":"2024-02-17T12:21:21","guid":{"rendered":"https:\/\/mondify.org\/en\/?page_id=4572"},"modified":"2025-06-04T20:38:40","modified_gmt":"2025-06-04T20:38:40","slug":"treinamento-esportivo-na-argentina","status":"publish","type":"page","link":"https:\/\/mondify.org\/pt\/treinamento-esportivo-na-argentina\/","title":{"rendered":"Treinamento Esportivo na Argentina"},"content":{"rendered":"<div class=\"wpb-content-wrapper\"><p>[vc_row][vc_column]<div class=\"deeper-spacer clearfix\" data-config='{\"desktop\":100,\"mobile\":120,\"smobile\":90}'><\/div><h1 class=\"deeper-text align-center \" style=\"margin-bottom:30px;\" ><span>Sports Coaching in Argentina<\/span>\n<\/h1><div class=\"deeper-spacer clearfix\" data-config='{\"desktop\":50,\"mobile\":40,\"smobile\":30}'><\/div><div class=\"deeper-fancy-image reveal  lr \"   data-inviewport=\"yes\">\r\n\t\t\t\t\t\t\t<figure style=\"border-radius:10px;overflow:hidden;\"><img decoding=\"async\" alt=\"image\" src=\"https:\/\/mondify.org\/pt\/wp-content\/uploads\/2023\/12\/mondify_prog_003-v2.jpg\" \/> <\/figure>\r\n\t\t\t\t\t\t<\/div><div class=\"deeper-spacer clearfix\" data-config='{\"desktop\":50,\"mobile\":40,\"smobile\":30}'><\/div>[vc_row_inner][vc_column_inner width=&#8221;2\/3&#8243; offset=&#8221;vc_col-lg-6 vc_col-md-7 vc_col-sm-offset-0&#8243;]<div class=\"deeper-text align-left \" style=\"margin-bottom:30px;\" ><span><span style=\"font-weight: 400;\">Trabalhe como treinador em C\u00f3rdoba e ajude jovens carentes a desenvolver suas habilidades esportivas. <\/span><span style=\"font-weight: 400;\">Junte-se ao nosso Programa de Voluntariado em Esportes Comunit\u00e1rios na Argentina e torne-se um treinador para desenvolver as habilidades de jovens jogadores de origens desfavorecidas. Voc\u00ea trabalhar\u00e1 em um clube esportivo comunit\u00e1rio e em escolas prim\u00e1rias e secund\u00e1rias, onde colaborar\u00e1 com treinadores locais. \u00c9 uma \u00f3tima maneira de ajudar e ganhar experi\u00eancia ao mesmo tempo! Na Argentina, o esporte \u00e9 popular, mas muitas crian\u00e7as n\u00e3o t\u00eam a oportunidade de participar. O clube onde trabalhamos oferece sess\u00f5es gratuitas para crian\u00e7as que n\u00e3o podem pagar. Voc\u00ea ajudar\u00e1 com futebol e basquete, e talvez tamb\u00e9m h\u00f3quei, nata\u00e7\u00e3o e gin\u00e1stica.<\/span><\/span>\n<\/div><div class=\"deeper-text align-left \" style=\"margin-bottom:0px;\" ><span><span style=\"font-weight: 400;\">Voc\u00ea ama esportes e trabalhar com crian\u00e7as? Gostaria de ajudar a nutrir jovens talentos? Ent\u00e3o, nosso voluntariado esportivo na Argentina \u00e9 para voc\u00ea! Atrav\u00e9s do seu trabalho, voc\u00ea aumentar\u00e1 a autoconfian\u00e7a dos jovens desenvolvendo suas habilidades e os motivando a manter uma boa condi\u00e7\u00e3o f\u00edsica. Tamb\u00e9m \u00e9 uma \u00f3tima oportunidade para aprimorar suas habilidades e ganhar experi\u00eancia como treinador. N\u00e3o se preocupe se n\u00e3o tiver muita experi\u00eancia. Voc\u00ea colaborar\u00e1 com treinadores dedicados que s\u00e3o muito receptivos a volunt\u00e1rios.<\/span><\/span>\n<\/div><div class=\"deeper-spacer clearfix\" data-config='{\"desktop\":50,\"mobile\":40,\"smobile\":30}'><\/div>[\/vc_column_inner][vc_column_inner width=&#8221;1\/3&#8243; offset=&#8221;vc_col-lg-offset-2 vc_col-lg-4 vc_col-md-offset-1 vc_col-md-4&#8243;]<div class=\"deeper-spacer clearfix\" data-config='{\"desktop\":6,\"mobile\":6,\"smobile\":6}'><\/div><h2 class=\"deeper-text align-left \" style=\"font-size:22px;line-height:35px;margin-bottom:0px;\" ><span>Datas de in\u00edcio:<\/span>\n<\/h2><div class=\"deeper-text align-left \" style=\"margin-bottom:0px;\" ><span>Flex\u00edveis<\/span>\n<\/div><div class=\"deeper-spacer clearfix\" data-config='{\"desktop\":37,\"mobile\":37,\"smobile\":37}'><\/div><h2 class=\"deeper-text align-left \" style=\"font-size:22px;line-height:35px;margin-bottom:0px;\" ><span>Dura\u00e7\u00e3o m\u00ednima:<\/span>\n<\/h2><div class=\"deeper-text align-left \" style=\"margin-bottom:0px;\" ><span>1 semana<\/span>\n<\/div><div class=\"deeper-spacer clearfix\" data-config='{\"desktop\":37,\"mobile\":37,\"smobile\":37}'><\/div><div class=\"deeper-spacer clearfix\" data-config='{\"desktop\":37,\"mobile\":37,\"smobile\":37}'><\/div><div class=\"deeper-fancy-image simple \" style=\"border-radius:10px;overflow:hidden;\" >\r\n\t\t\t\t\t\t\t<a target=\"_blank\" href=\"https:\/\/mondify.org\/pt\/midia\/\"><img decoding=\"async\" alt=\"image\" src=\"https:\/\/mondify.org\/pt\/wp-content\/uploads\/2024\/03\/Testemunhos.jpg\" \/><\/a> \r\n\t\t\t\t\t\t<\/div>[\/vc_column_inner][\/vc_row_inner][\/vc_column][\/vc_row][vc_row full_width=&#8221;stretch_row&#8221; canvas=&#8221;%5B%7B%22shape%22%3A%22shape-1%22%2C%22image_effect%22%3A%22style-1%22%2C%22smoothness%22%3A%2230%22%7D%5D&#8221; css=&#8221;.vc_custom_1592577640421{background-color: #f8f8f9 !important;}&#8221;][vc_column]<div class=\"deeper-spacer clearfix\" data-config='{\"desktop\":20,\"mobile\":20,\"smobile\":20}'><\/div>[vc_wp_text]<\/p>\n<div class=\"col-lg-12\">\n<p><strong>Suas tarefas:<\/strong><\/p>\n<p>Voc\u00ea ser\u00e1 um treinador volunt\u00e1rio em um clube esportivo comunit\u00e1rio, escolas prim\u00e1rias e\/ou secund\u00e1rias. Algumas de suas tarefas ser\u00e3o:<\/p>\n<p>&#8211; Realizar sess\u00f5es de treinamento para crian\u00e7as desfavorecidas.<br \/>\n&#8211; Trabalhar com treinadores locais para coordenar e planejar sess\u00f5es de treinamento.<br \/>\n&#8211; Aprender e ensinar novas habilidades!<\/p>\n<p><strong>Onde na Argentina vou trabalhar?<\/strong><br \/>\nSeu trabalho volunt\u00e1rio ocorrer\u00e1 em C\u00f3rdoba, uma cidade cheia de beleza natural com um verdadeiro entusiasmo pela vida. Voc\u00ea ver\u00e1 isso refletido em sua vibrante cena de festas e arte de rua colorida. Em C\u00f3rdoba, voc\u00ea nunca ficar\u00e1 entediado! Com uma popula\u00e7\u00e3o de 2 milh\u00f5es de pessoas, C\u00f3rdoba \u00e9 a segunda maior cidade do pa\u00eds e o resultado de uma grande mistura de culturas que incluem tribos ind\u00edgenas, italo-argentinos, espanh\u00f3is-argentinos e imigrantes de todos os cantos da Europa.<\/p>\n<p><strong>Aeroporto de chegada:<\/strong><br \/>\nSe voc\u00ea vai trabalhar neste projeto, deve chegar ao Aeroporto Internacional de C\u00f3rdoba (COR), onde um membro de nossa equipe estar\u00e1 esperando para receb\u00ea-lo.<\/p>\n<p><strong>Alimenta\u00e7\u00e3o e alojamento:<\/strong><br \/>\nVoc\u00ea ficar\u00e1 com uma fam\u00edlia anfitri\u00e3 em C\u00f3rdoba. Eles o receber\u00e3o em sua casa e ficar\u00e3o felizes em compartilhar seus costumes e aprender sobre sua cultura. Acreditamos que esta \u00e9 a melhor maneira de se imergir no estilo de vida argentino e ter uma experi\u00eancia verdadeiramente \u00fanica. Seu quarto ser\u00e1 simples, mas confort\u00e1vel, limpo e seguro. O custo do programa inclui tr\u00eas refei\u00e7\u00f5es por dia.<\/p>\n<p><strong>Lazer<\/strong><br \/>\nA Argentina \u00e9 um pa\u00eds vibrante da Am\u00e9rica do Sul, cheio de cores e patrim\u00f4nio cultural. Al\u00e9m de contribuir para projetos que valem a pena, viajar para a Argentina conosco significa que voc\u00ea poder\u00e1 explorar este pa\u00eds fascinante. Passe a tarde desfrutando de um caf\u00e9 na Plaza San Mart\u00edn, com seus artistas de rua e sua ic\u00f4nica est\u00e1tua do General Jos\u00e9 de San Mart\u00edn. Voc\u00ea pode fazer uma viagem de fim de semana para as montanhas. A natureza circundante \u00e9 impressionante e um passeio a cavalo pelas trilhas naturais tamb\u00e9m \u00e9 v\u00e1lido. Existem experi\u00eancias culturais, como o Museu de Belas Artes Evita Superior ou o Teatro del Libertador General San Mart\u00edn. Voc\u00ea tamb\u00e9m pode aprender sobre a hist\u00f3ria do pa\u00eds em museus locais e visitar o local de nascimento de Che Guevara. Provavelmente, h\u00e1 outros volunt\u00e1rios na Argentina, ent\u00e3o voc\u00ea pode explorar por conta pr\u00f3pria ou com um grupo de volunt\u00e1rios de diferentes projetos.<\/div>\n<p>[\/vc_wp_text]<div class=\"deeper-spacer clearfix\" data-config='{\"desktop\":20,\"mobile\":20,\"smobile\":20}'><\/div>[\/vc_column][\/vc_row][vc_row full_width=&#8221;stretch_row&#8221; canvas=&#8221;%5B%7B%22shape%22%3A%22shape-1%22%2C%22image_effect%22%3A%22style-1%22%2C%22smoothness%22%3A%2230%22%7D%5D&#8221; css=&#8221;.vc_custom_1709070045306{background-color: #f8f8f9 !important;}&#8221;][vc_column][vc_row_inner][vc_column_inner width=&#8221;1\/3&#8243;]<div class=\"url-wrap  align-center\" >\r\n\t\t\t\t\t\t<a class=\"deeper-button button-accent small\" style=\"\" href=https:\/\/mondify.org\/pt\/orcamento\/ title=&quot;budget&quot; >Or\u00e7amento<span class=\"hover-effect\"><\/span><\/a>\r\n\t\t\t\t\t<\/div>[\/vc_column_inner][vc_column_inner width=&#8221;1\/3&#8243;]<div class=\"url-wrap  align-center\" >\r\n\t\t\t\t\t\t<a class=\"deeper-button button-gradient-orange2 medium\" style=\"\" href=https:\/\/docs.google.com\/forms\/d\/e\/1FAIpQLSetO20ebm7TAeG3AVwiCVfOxCu0vtK5B25FSjBW56pH2SyRUw\/viewform?usp=header >Inscreva-se agora<span class=\"hover-effect\"><\/span><\/a>\r\n\t\t\t\t\t<\/div>[\/vc_column_inner][vc_column_inner width=&#8221;1\/3&#8243;][vc_raw_html]JTNDZGl2JTIwc3R5bGUlM0QlMjJ0ZXh0LWFsaWduJTNBJTIwY2VudGVyJTNCJTIyJTNFJTBBJTIwJTIwJTIwJTNDYSUyMGNsYXNzJTNEJTIyZGVlcGVyLWJ1dHRvbiUyMGJ1dHRvbi1hY2NlbnQlMjBzbWFsbCUyMiUyMG9uY2xpY2slM0QlMjJoaXN0b3J5LmJhY2slMjglMjklMjIlM0VWb2x0YXIlM0MlMkZhJTNFJTBBJTNDJTJGZGl2JTNFJTBB[\/vc_raw_html][\/vc_column_inner][\/vc_row_inner]<div class=\"deeper-spacer clearfix\" data-config='{\"desktop\":60,\"mobile\":50,\"smobile\":40}'><\/div>[\/vc_column][\/vc_row]<\/p>\n<\/div>","protected":false},"excerpt":{"rendered":"<p>[vc_row][vc_column][vc_row_inner][vc_column_inner width=&#8221;2\/3&#8243; offset=&#8221;vc_col-lg-6 vc_col-md-7 vc_col-sm-offset-0&#8243;][\/vc_column_inner][vc_column_inner width=&#8221;1\/3&#8243; offset=&#8221;vc_col-lg-offset-2 vc_col-lg-4 vc_col-md-offset-1 vc_col-md-4&#8243;][\/vc_column_inner][\/vc_row_inner][\/vc_column][\/vc_row][vc_row full_width=&#8221;stretch_row&#8221; canvas=&#8221;%5B%7B%22shape%22%3A%22shape-1%22%2C%22image_effect%22%3A%22style-1%22%2C%22smoothness%22%3A%2230%22%7D%5D&#8221; css=&#8221;.vc_custom_1592577640421{background-color: #f8f8f9 !important;}&#8221;][vc_column][vc_wp_text] Suas tarefas: Voc\u00ea ser\u00e1 um treinador volunt\u00e1rio em um clube esportivo comunit\u00e1rio, escolas prim\u00e1rias e\/ou secund\u00e1rias. Algumas de suas tarefas ser\u00e3o: &#8211; Realizar sess\u00f5es de treinamento para crian\u00e7as desfavorecidas. &#8211; Trabalhar com treinadores locais para<\/p>\n","protected":false},"author":2,"featured_media":0,"parent":0,"menu_order":0,"comment_status":"closed","ping_status":"closed","template":"","meta":{"footnotes":""},"class_list":["post-4572","page","type-page","status-publish","hentry"],"_links":{"self":[{"href":"https:\/\/mondify.org\/pt\/wp-json\/wp\/v2\/pages\/4572","targetHints":{"allow":["GET"]}}],"collection":[{"href":"https:\/\/mondify.org\/pt\/wp-json\/wp\/v2\/pages"}],"about":[{"href":"https:\/\/mondify.org\/pt\/wp-json\/wp\/v2\/types\/page"}],"author":[{"embeddable":true,"href":"https:\/\/mondify.org\/pt\/wp-json\/wp\/v2\/users\/2"}],"replies":[{"embeddable":true,"href":"https:\/\/mondify.org\/pt\/wp-json\/wp\/v2\/comments?post=4572"}],"version-history":[{"count":0,"href":"https:\/\/mondify.org\/pt\/wp-json\/wp\/v2\/pages\/4572\/revisions"}],"wp:attachment":[{"href":"https:\/\/mondify.org\/pt\/wp-json\/wp\/v2\/media?parent=4572"}],"curies":[{"name":"wp","href":"https:\/\/api.w.org\/{rel}","templated":true}]}}