{"id":4565,"date":"2024-02-16T23:03:26","date_gmt":"2024-02-16T23:03:26","guid":{"rendered":"https:\/\/mondify.org\/en\/?page_id=4565"},"modified":"2025-06-04T20:38:31","modified_gmt":"2025-06-04T20:38:31","slug":"ensino-de-ingles-galapagos","status":"publish","type":"page","link":"https:\/\/mondify.org\/pt\/ensino-de-ingles-galapagos\/","title":{"rendered":"Ensino de Ingl\u00eas &#8211; Gal\u00e1pagos"},"content":{"rendered":"<div class=\"wpb-content-wrapper\"><p>[vc_row][vc_column]<div class=\"deeper-spacer clearfix\" data-config='{\"desktop\":100,\"mobile\":120,\"smobile\":90}'><\/div><h1 class=\"deeper-text align-center \" style=\"margin-bottom:30px;\" ><span>Ensino de ingl\u00eas nas Ilhas Gal\u00e1pagos, Equador<\/span>\n<\/h1><div class=\"deeper-spacer clearfix\" data-config='{\"desktop\":50,\"mobile\":40,\"smobile\":30}'><\/div><div class=\"deeper-fancy-image reveal  lr \"   data-inviewport=\"yes\">\r\n\t\t\t\t\t\t\t<figure style=\"border-radius:10px;overflow:hidden;\"><img decoding=\"async\" alt=\"image\" src=\"https:\/\/mondify.org\/pt\/wp-content\/uploads\/2023\/12\/mondify_prog_006-v2.jpg\" \/> <\/figure>\r\n\t\t\t\t\t\t<\/div><div class=\"deeper-spacer clearfix\" data-config='{\"desktop\":50,\"mobile\":40,\"smobile\":30}'><\/div>[vc_row_inner][vc_column_inner width=&#8221;2\/3&#8243; offset=&#8221;vc_col-lg-6 vc_col-md-7 vc_col-sm-offset-0&#8243;]<div class=\"deeper-text align-left \" style=\"margin-bottom:30px;\" ><span>Adquira experi\u00eancia no ensino ao se juntar ao nosso Programa de Voluntariado Educacional nas Gal\u00e1pagos e ajude as crian\u00e7as a aprimorarem seus conhecimentos de ingl\u00eas. Voc\u00ea ir\u00e1 auxiliar ou ministrar aulas onde poder\u00e3o praticar o idioma e focar no desenvolvimento da autoconfian\u00e7a. \u00c9 uma \u00f3tima maneira de ganhar experi\u00eancia no ensino e fortalecer seu curr\u00edculo. Voc\u00ea trabalhar\u00e1 em uma escola prim\u00e1ria ou secund\u00e1ria, ou em nosso centro de ensino. Um foco importante, especialmente se voc\u00ea for um falante nativo de ingl\u00eas, \u00e9 ajudar as crian\u00e7as a melhorarem sua pron\u00fancia. Falar um idioma estrangeiro \u00e9 importante para o mundo dos neg\u00f3cios e o turismo no Equador &#8211; e especialmente para um centro tur\u00edstico como as Gal\u00e1pagos. Ao dar aos nossos alunos a confian\u00e7a para falar ingl\u00eas, voc\u00ea abrir\u00e1 portas para melhores empregos no futuro.<\/span>\n<\/div><div class=\"deeper-text align-left \" style=\"margin-bottom:0px;\" ><span>Se voc\u00ea deseja adquirir experi\u00eancia no ensino para se preparar para sua carreira e tamb\u00e9m quer ajudar as pessoas, neste projeto voc\u00ea alcan\u00e7ar\u00e1 ambos! Voc\u00ea trabalhar\u00e1 com professores e aprender\u00e1 com eles. Al\u00e9m disso, voc\u00ea guiar\u00e1 os alunos e preparar\u00e1 aulas para ajud\u00e1-los a melhorar seu n\u00edvel de ingl\u00eas. Claro, esta tamb\u00e9m \u00e9 uma boa oportunidade para aprimorar suas pr\u00f3prias habilidades lingu\u00edsticas. Se voc\u00ea tem experi\u00eancia, \u00f3timo, mas se n\u00e3o tiver, n\u00e3o h\u00e1 com o que se preocupar. Este projeto certamente lhe proporcionar\u00e1 a experi\u00eancia em sala de aula necess\u00e1ria se estiver explorando o ensino como carreira: vivenciar as tarefas di\u00e1rias de um professor o ajudar\u00e1 a tomar sua decis\u00e3o.<\/span>\n<\/div><div class=\"deeper-spacer clearfix\" data-config='{\"desktop\":50,\"mobile\":40,\"smobile\":30}'><\/div>[\/vc_column_inner][vc_column_inner width=&#8221;1\/3&#8243; offset=&#8221;vc_col-lg-offset-2 vc_col-lg-4 vc_col-md-offset-1 vc_col-md-4&#8243;]<div class=\"deeper-spacer clearfix\" data-config='{\"desktop\":6,\"mobile\":6,\"smobile\":6}'><\/div><h2 class=\"deeper-text align-left \" style=\"font-size:22px;line-height:35px;margin-bottom:0px;\" ><span>Datas de in\u00edcio:<\/span>\n<\/h2><div class=\"deeper-text align-left \" style=\"margin-bottom:0px;\" ><span>Flex\u00edveis<\/span>\n<\/div><div class=\"deeper-spacer clearfix\" data-config='{\"desktop\":37,\"mobile\":37,\"smobile\":37}'><\/div><h2 class=\"deeper-text align-left \" style=\"font-size:22px;line-height:35px;margin-bottom:0px;\" ><span>Dura\u00e7\u00e3o m\u00ednima:<\/span>\n<\/h2><div class=\"deeper-text align-left \" style=\"margin-bottom:0px;\" ><span>1 semana<\/span>\n<\/div><div class=\"deeper-spacer clearfix\" data-config='{\"desktop\":37,\"mobile\":37,\"smobile\":37}'><\/div><div class=\"deeper-fancy-image simple \" style=\"border-radius:10px;overflow:hidden;\" >\r\n\t\t\t\t\t\t\t<a target=\"_blank\" href=\"https:\/\/mondify.org\/pt\/midia\/\"><img decoding=\"async\" alt=\"image\" src=\"https:\/\/mondify.org\/pt\/wp-content\/uploads\/2024\/03\/Testemunhos.jpg\" \/><\/a> \r\n\t\t\t\t\t\t<\/div>[\/vc_column_inner][\/vc_row_inner][\/vc_column][\/vc_row][vc_row full_width=&#8221;stretch_row&#8221; canvas=&#8221;%5B%7B%22shape%22%3A%22shape-1%22%2C%22image_effect%22%3A%22style-1%22%2C%22smoothness%22%3A%2230%22%7D%5D&#8221; css=&#8221;.vc_custom_1592577640421{background-color: #f8f8f9 !important;}&#8221;][vc_column]<div class=\"deeper-spacer clearfix\" data-config='{\"desktop\":20,\"mobile\":20,\"smobile\":20}'><\/div>[vc_wp_text]<\/p>\n<div class=\"col-lg-12\">\n<div class=\"col-lg-12\">\n<div class=\"col-lg-12\">\n<h4>Suas tarefas<\/h4>\n<p>Haver\u00e1 uma variedade de trabalhos no nosso Programa de Voluntariado Educacional:<br \/>\n&#8211; Trabalhar como assistente de professor.<br \/>\n&#8211; Preparar aulas interativas para ensinar ingl\u00eas conversacional e pron\u00fancia.<br \/>\n&#8211; Ensinar as regras e normas do ingl\u00eas conversacional.<br \/>\n&#8211; Criar materiais de ensino, como cartazes e cart\u00f5es de mem\u00f3ria.<br \/>\n&#8211; Conduzir aulas de ingl\u00eas (com a ajuda necess\u00e1ria de nossa equipe).<\/div>\n<div class=\"col-lg-12\">\n<h4>Onde nas Gal\u00e1pagos eu vou trabalhar?<\/h4>\n<p>Voc\u00ea trabalhar\u00e1 em Puerto Baquerizo Moreno ou em El Progreso, uma vila nas Terras Altas.<\/p><\/div>\n<div class=\"col-lg-12\">\n<h4>Aeroporto de chegada<\/h4>\n<p>Voc\u00ea chegar\u00e1 no Aeroporto da Ilha de San Cristobal (SCY). Um membro de nossa equipe ir\u00e1 receb\u00ea-lo.<\/p><\/div>\n<div class=\"col-lg-12\">\n<h4>Alimenta\u00e7\u00e3o e acomoda\u00e7\u00e3o<\/h4>\n<p>Voc\u00ea ficar\u00e1 hospedado com uma fam\u00edlia anfitri\u00e3 em Puerto Baquerizo Moreno ou ficar\u00e1 em nossa reserva ecol\u00f3gica com outros volunt\u00e1rios. Onde quer que voc\u00ea fique, ser\u00e1 bem-vindo, e as pessoas locais estar\u00e3o dispostas a compartilhar seus costumes e falar sobre sua cultura. Acreditamos que esta \u00e9 a melhor maneira de se envolver no estilo de vida equatoriano e ter uma experi\u00eancia \u00fanica. Seu quarto ser\u00e1 simples, mas confort\u00e1vel, limpo e seguro. O custo do programa inclui tr\u00eas refei\u00e7\u00f5es por dia.<\/p><\/div>\n<div class=\"col-lg-12\">\n<h4>Lazer<\/h4>\n<p>As Ilhas Gal\u00e1pagos s\u00e3o uma reserva natural mundialmente famosa, cheia de animais incr\u00edveis, incluindo tartarugas gigantes, e uma vida marinha e aves maravilhosas. Elas tamb\u00e9m s\u00e3o uma parte vibrante da paisagem e da cultura do Equador e da Am\u00e9rica do Sul. Al\u00e9m de contribuir para projetos valiosos, viajar para as Ilhas Gal\u00e1pagos e o Equador conosco significa que voc\u00ea poder\u00e1 explorar este lugar fascinante. Passe a tarde caminhando ao longo do Malecon, observando le\u00f5es-marinhos e iguanas, e saboreando um caf\u00e9 em um dos caf\u00e9s ou restaurantes locais, com suas lojas animadas e a ic\u00f4nica est\u00e1tua de Charles Darwin. Voc\u00ea pode fazer passeios de barco para praias e ilhas pr\u00f3ximas e observar a vida selvagem \u00fanica das Gal\u00e1pagos. Voc\u00ea pode fazer snorkel ou mergulho, e talvez nadar com le\u00f5es-marinhos, tartarugas, raias e outros animais marinhos. Voc\u00ea tamb\u00e9m pode caminhar em trilhas naturais com vista para praias ou perto do Lago Junco nas Terras Altas. O Centro de Interpreta\u00e7\u00e3o tem exposi\u00e7\u00f5es interessantes sobre a hist\u00f3ria das ilhas e seu povo.<\/p>\n<p>Volunt\u00e1rios v\u00eam para c\u00e1 de muitos pa\u00edses e muitas vezes s\u00e3o feitas amizades para a vida com eles e com as pessoas locais.<\/p><\/div>\n<\/div>\n<\/div>\n<p>[\/vc_wp_text]<div class=\"deeper-spacer clearfix\" data-config='{\"desktop\":20,\"mobile\":20,\"smobile\":20}'><\/div>[\/vc_column][\/vc_row][vc_row full_width=&#8221;stretch_row&#8221; canvas=&#8221;%5B%7B%22shape%22%3A%22shape-1%22%2C%22image_effect%22%3A%22style-1%22%2C%22smoothness%22%3A%2230%22%7D%5D&#8221; css=&#8221;.vc_custom_1709070045306{background-color: #f8f8f9 !important;}&#8221;][vc_column][vc_row_inner][vc_column_inner width=&#8221;1\/3&#8243;]<div class=\"url-wrap  align-center\" >\r\n\t\t\t\t\t\t<a class=\"deeper-button button-accent small\" style=\"\" href=https:\/\/mondify.org\/pt\/orcamento\/ title=&quot;budget&quot; >Or\u00e7amento<span class=\"hover-effect\"><\/span><\/a>\r\n\t\t\t\t\t<\/div>[\/vc_column_inner][vc_column_inner width=&#8221;1\/3&#8243;]<div class=\"url-wrap  align-center\" >\r\n\t\t\t\t\t\t<a class=\"deeper-button button-gradient-orange2 medium\" style=\"\" href=https:\/\/docs.google.com\/forms\/d\/e\/1FAIpQLSetO20ebm7TAeG3AVwiCVfOxCu0vtK5B25FSjBW56pH2SyRUw\/viewform?usp=header >Inscreva-se agora<span class=\"hover-effect\"><\/span><\/a>\r\n\t\t\t\t\t<\/div>[\/vc_column_inner][vc_column_inner width=&#8221;1\/3&#8243;][vc_raw_html]JTNDZGl2JTIwc3R5bGUlM0QlMjJ0ZXh0LWFsaWduJTNBJTIwY2VudGVyJTNCJTIyJTNFJTBBJTIwJTIwJTIwJTNDYSUyMGNsYXNzJTNEJTIyZGVlcGVyLWJ1dHRvbiUyMGJ1dHRvbi1hY2NlbnQlMjBzbWFsbCUyMiUyMG9uY2xpY2slM0QlMjJoaXN0b3J5LmJhY2slMjglMjklMjIlM0VWb2x0YXIlM0MlMkZhJTNFJTBBJTNDJTJGZGl2JTNFJTBB[\/vc_raw_html][\/vc_column_inner][\/vc_row_inner]<div class=\"deeper-spacer clearfix\" data-config='{\"desktop\":60,\"mobile\":50,\"smobile\":40}'><\/div>[\/vc_column][\/vc_row]<\/p>\n<\/div>","protected":false},"excerpt":{"rendered":"<p>[vc_row][vc_column][vc_row_inner][vc_column_inner width=&#8221;2\/3&#8243; offset=&#8221;vc_col-lg-6 vc_col-md-7 vc_col-sm-offset-0&#8243;][\/vc_column_inner][vc_column_inner width=&#8221;1\/3&#8243; offset=&#8221;vc_col-lg-offset-2 vc_col-lg-4 vc_col-md-offset-1 vc_col-md-4&#8243;][\/vc_column_inner][\/vc_row_inner][\/vc_column][\/vc_row][vc_row full_width=&#8221;stretch_row&#8221; canvas=&#8221;%5B%7B%22shape%22%3A%22shape-1%22%2C%22image_effect%22%3A%22style-1%22%2C%22smoothness%22%3A%2230%22%7D%5D&#8221; css=&#8221;.vc_custom_1592577640421{background-color: #f8f8f9 !important;}&#8221;][vc_column][vc_wp_text] Suas tarefas Haver\u00e1 uma variedade de trabalhos no nosso Programa de Voluntariado Educacional: &#8211; Trabalhar como assistente de professor. &#8211; Preparar aulas interativas para ensinar ingl\u00eas conversacional e pron\u00fancia. &#8211; Ensinar as regras e normas<\/p>\n","protected":false},"author":2,"featured_media":0,"parent":0,"menu_order":0,"comment_status":"closed","ping_status":"closed","template":"","meta":{"footnotes":""},"class_list":["post-4565","page","type-page","status-publish","hentry"],"_links":{"self":[{"href":"https:\/\/mondify.org\/pt\/wp-json\/wp\/v2\/pages\/4565","targetHints":{"allow":["GET"]}}],"collection":[{"href":"https:\/\/mondify.org\/pt\/wp-json\/wp\/v2\/pages"}],"about":[{"href":"https:\/\/mondify.org\/pt\/wp-json\/wp\/v2\/types\/page"}],"author":[{"embeddable":true,"href":"https:\/\/mondify.org\/pt\/wp-json\/wp\/v2\/users\/2"}],"replies":[{"embeddable":true,"href":"https:\/\/mondify.org\/pt\/wp-json\/wp\/v2\/comments?post=4565"}],"version-history":[{"count":0,"href":"https:\/\/mondify.org\/pt\/wp-json\/wp\/v2\/pages\/4565\/revisions"}],"wp:attachment":[{"href":"https:\/\/mondify.org\/pt\/wp-json\/wp\/v2\/media?parent=4565"}],"curies":[{"name":"wp","href":"https:\/\/api.w.org\/{rel}","templated":true}]}}