{"id":4561,"date":"2024-02-16T22:53:18","date_gmt":"2024-02-16T22:53:18","guid":{"rendered":"https:\/\/mondify.org\/en\/?page_id=4561"},"modified":"2025-06-04T20:38:22","modified_gmt":"2025-06-04T20:38:22","slug":"ensino-de-idiomas","status":"publish","type":"page","link":"https:\/\/mondify.org\/pt\/ensino-de-idiomas\/","title":{"rendered":"Ensino de idiomas"},"content":{"rendered":"<div class=\"wpb-content-wrapper\"><p>[vc_row][vc_column]<div class=\"deeper-spacer clearfix\" data-config='{\"desktop\":100,\"mobile\":120,\"smobile\":90}'><\/div><h1 class=\"deeper-text align-center \" style=\"margin-bottom:30px;\" ><span>Ensino de ingl\u00eas, alem\u00e3o, italiano ou franc\u00eas na Argentina<\/span>\n<\/h1><div class=\"deeper-spacer clearfix\" data-config='{\"desktop\":50,\"mobile\":40,\"smobile\":30}'><\/div><div class=\"deeper-fancy-image reveal  lr \"   data-inviewport=\"yes\">\r\n\t\t\t\t\t\t\t<figure style=\"border-radius:10px;overflow:hidden;\"><img decoding=\"async\" alt=\"image\" src=\"https:\/\/mondify.org\/pt\/wp-content\/uploads\/2023\/12\/mondify_prog_005-v2.jpg\" \/> <\/figure>\r\n\t\t\t\t\t\t<\/div><div class=\"deeper-spacer clearfix\" data-config='{\"desktop\":50,\"mobile\":40,\"smobile\":30}'><\/div>[vc_row_inner][vc_column_inner width=&#8221;2\/3&#8243; offset=&#8221;vc_col-lg-6 vc_col-md-7 vc_col-sm-offset-0&#8243;]<div class=\"deeper-text align-left \" style=\"margin-bottom:30px;\" ><span>Adquira experi\u00eancia em ensino enquanto ajuda crian\u00e7as a melhorar sua habilidade de falar um idioma estrangeiro.Junte-se ao nosso Programa de Voluntariado em Educa\u00e7\u00e3o na Argentina e ajude crian\u00e7as ou adultos a aprimorarem seu idioma estrangeiro. Voc\u00ea ir\u00e1 auxiliar ou ministrar aulas para ajud\u00e1-los a praticar e focar na constru\u00e7\u00e3o da autoconfian\u00e7a. \u00c9 tamb\u00e9m uma \u00f3tima maneira de adquirir experi\u00eancia em ensino para fortalecer seu curr\u00edculo. Trabalhe em uma escola secund\u00e1ria, instituto de idiomas ou universidade. Como falante nativo de um idioma estrangeiro, voc\u00ea saber\u00e1 como melhorar a pron\u00fancia e compreens\u00e3o. Falar um idioma estrangeiro \u00e9 importante para o mundo dos neg\u00f3cios na Argentina. Ao dar a eles confian\u00e7a para falar, voc\u00ea abrir\u00e1 portas para um emprego melhor no futuro. Isso sem mencionar as maravilhas de uma cultura estrangeira e experi\u00eancia!<\/span>\n<\/div><div class=\"deeper-text align-left \" style=\"margin-bottom:0px;\" ><span>Se voc\u00ea deseja experi\u00eancia em ensino para se preparar para sua carreira e quer ajudar estudantes argentinos enquanto faz isso, neste projeto voc\u00ea alcan\u00e7ar\u00e1 ambos os objetivos! Voc\u00ea trabalhar\u00e1 com professores e, com a ajuda deles, orientar\u00e1 os alunos e preparar\u00e1 aulas para ajud\u00e1-los a melhorar seu n\u00edvel de idioma estrangeiro. E, \u00e9 claro, \u00e9 uma boa oportunidade para aprimorar suas habilidades lingu\u00edsticas. Se voc\u00ea n\u00e3o tem experi\u00eancia, n\u00e3o se preocupe. Este projeto lhe dar\u00e1 a experi\u00eancia em sala de aula que voc\u00ea precisa. Se voc\u00ea est\u00e1 explorando o ensino como uma carreira, vivenciar as tarefas di\u00e1rias de um professor o ajudar\u00e1 a tomar sua decis\u00e3o.<span style=\"font-weight: 400;\">Os idiomas nos quais voc\u00ea pode ajudar s\u00e3o: ingl\u00eas, franc\u00eas, italiano e alem\u00e3o.<\/span><\/span>\n<\/div><div class=\"deeper-spacer clearfix\" data-config='{\"desktop\":50,\"mobile\":40,\"smobile\":30}'><\/div>[\/vc_column_inner][vc_column_inner width=&#8221;1\/3&#8243; offset=&#8221;vc_col-lg-offset-2 vc_col-lg-4 vc_col-md-offset-1 vc_col-md-4&#8243;]<div class=\"deeper-spacer clearfix\" data-config='{\"desktop\":6,\"mobile\":6,\"smobile\":6}'><\/div><h2 class=\"deeper-text align-left \" style=\"font-size:22px;line-height:35px;margin-bottom:0px;\" ><span>Datas de in\u00edcio:<\/span>\n<\/h2><div class=\"deeper-text align-left \" style=\"margin-bottom:0px;\" ><span>Flex\u00edveis<\/span>\n<\/div><div class=\"deeper-spacer clearfix\" data-config='{\"desktop\":37,\"mobile\":37,\"smobile\":37}'><\/div><h2 class=\"deeper-text align-left \" style=\"font-size:22px;line-height:35px;margin-bottom:0px;\" ><span>Dura\u00e7\u00e3o m\u00ednima:<\/span>\n<\/h2><div class=\"deeper-text align-left \" style=\"margin-bottom:0px;\" ><span>1 semana<\/span>\n<\/div><div class=\"deeper-spacer clearfix\" data-config='{\"desktop\":37,\"mobile\":37,\"smobile\":37}'><\/div><div class=\"deeper-fancy-image simple \" style=\"border-radius:10px;overflow:hidden;\" >\r\n\t\t\t\t\t\t\t<a target=\"_blank\" href=\"https:\/\/mondify.org\/pt\/midia\/\"><img decoding=\"async\" alt=\"image\" src=\"https:\/\/mondify.org\/pt\/wp-content\/uploads\/2024\/03\/Testemunhos.jpg\" \/><\/a> \r\n\t\t\t\t\t\t<\/div>[\/vc_column_inner][\/vc_row_inner][\/vc_column][\/vc_row][vc_row full_width=&#8221;stretch_row&#8221; canvas=&#8221;%5B%7B%22shape%22%3A%22shape-1%22%2C%22image_effect%22%3A%22style-1%22%2C%22smoothness%22%3A%2230%22%7D%5D&#8221; css=&#8221;.vc_custom_1592577640421{background-color: #f8f8f9 !important;}&#8221;][vc_column]<div class=\"deeper-spacer clearfix\" data-config='{\"desktop\":20,\"mobile\":20,\"smobile\":20}'><\/div>[vc_wp_text]<\/p>\n<div class=\"col-lg-12\">\n<div class=\"col-lg-12\">\n<div class=\"col-lg-12\">\n<h4>Suas tarefas:<\/h4>\n<p>Haver\u00e1 muitas tarefas nas quais voc\u00ea pode participar em nosso Programa de Voluntariado em Educa\u00e7\u00e3o:<br \/>\n&#8211; Trabalhar como assistente de professor<br \/>\n&#8211; Preparar aulas interativas para ensinar ingl\u00eas conversacional, italiano, franc\u00eas ou alem\u00e3o e pron\u00fancia<br \/>\n&#8211; Ensinar outras disciplinas ou um segundo idioma<br \/>\n&#8211; Criar materiais de ensino, como cartazes e cart\u00f5es de mem\u00f3ria<\/div>\n<div class=\"col-lg-12\">\n<h4>Onde na Argentina vou trabalhar?<\/h4>\n<p>Seu voluntariado acontecer\u00e1 em C\u00f3rdoba, uma cidade cheia de beleza natural com um verdadeiro entusiasmo pela vida. Voc\u00ea ver\u00e1 isso refletido em sua vibrante cena de festas e em sua colorida arte de rua. Em C\u00f3rdoba, voc\u00ea nunca ficar\u00e1 entediado! Com uma popula\u00e7\u00e3o de 2 milh\u00f5es de pessoas, C\u00f3rdoba \u00e9 a segunda maior cidade do pa\u00eds e o resultado de uma grande mistura de culturas que incluem tribos ind\u00edgenas, italo-argentinos, espanh\u00f3is-argentinos e imigrantes de todos os cantos da Europa.<\/p><\/div>\n<div class=\"col-lg-12\">\n<h4>Aeroporto de chegada<\/h4>\n<p>Se voc\u00ea vai trabalhar neste projeto, deve chegar ao Aeroporto Internacional de C\u00f3rdoba (COR), onde um membro de nossa equipe estar\u00e1 esperando para receb\u00ea-lo.<\/p><\/div>\n<div class=\"col-lg-12\">\n<h4>Alimenta\u00e7\u00e3o e acomoda\u00e7\u00e3o<\/h4>\n<p>Voc\u00ea ficar\u00e1 hospedado com uma fam\u00edlia anfitri\u00e3 em C\u00f3rdoba. Eles ir\u00e3o receb\u00ea-lo em sua casa e ficar\u00e3o felizes em compartilhar seus costumes e aprender sobre sua cultura. Acreditamos que esta \u00e9 a melhor maneira de se imergir no estilo de vida argentino e ter uma experi\u00eancia verdadeiramente \u00fanica. Seu quarto ser\u00e1 simples, mas confort\u00e1vel, limpo e seguro. O custo do programa inclui tr\u00eas refei\u00e7\u00f5es por dia.<\/p><\/div>\n<div class=\"col-lg-12\">\n<h4>Lazer<\/h4>\n<p>A Argentina \u00e9 um pa\u00eds vibrante da Am\u00e9rica do Sul, cheio de cores e patrim\u00f4nio cultural. Al\u00e9m de contribuir para projetos que valem a pena, viajar para a Argentina conosco significa que voc\u00ea poder\u00e1 explorar este fascinante pa\u00eds. Passe a tarde tomando um caf\u00e9 na Plaza San Mart\u00edn, com seus artistas de rua e sua ic\u00f4nica est\u00e1tua do General Jos\u00e9 de San Mart\u00edn. Voc\u00ea pode fazer uma viagem de fim de semana para as montanhas. A natureza circundante \u00e9 impressionante e um passeio a cavalo pelos trilhos naturais tamb\u00e9m \u00e9 v\u00e1lido. Existem experi\u00eancias culturais, como o Museu de Belas Artes Evita Superior ou o Teatro del Libertador General San Mart\u00edn. Voc\u00ea tamb\u00e9m pode aprender sobre a hist\u00f3ria do pa\u00eds em museus locais e visitar o local de nascimento de Che Guevara. Provavelmente, h\u00e1 outros volunt\u00e1rios na Argentina, ent\u00e3o voc\u00ea pode explorar por conta pr\u00f3pria ou com um grupo de volunt\u00e1rios de diferentes projetos.<\/p><\/div>\n<\/div>\n<\/div>\n<p>[\/vc_wp_text]<div class=\"deeper-spacer clearfix\" data-config='{\"desktop\":20,\"mobile\":20,\"smobile\":20}'><\/div>[\/vc_column][\/vc_row][vc_row full_width=&#8221;stretch_row&#8221; canvas=&#8221;%5B%7B%22shape%22%3A%22shape-1%22%2C%22image_effect%22%3A%22style-1%22%2C%22smoothness%22%3A%2230%22%7D%5D&#8221; css=&#8221;.vc_custom_1709070045306{background-color: #f8f8f9 !important;}&#8221;][vc_column][vc_row_inner][vc_column_inner width=&#8221;1\/3&#8243;]<div class=\"url-wrap  align-center\" >\r\n\t\t\t\t\t\t<a class=\"deeper-button button-accent small\" style=\"\" href=https:\/\/mondify.org\/pt\/orcamento\/ title=&quot;budget&quot; >Or\u00e7amento<span class=\"hover-effect\"><\/span><\/a>\r\n\t\t\t\t\t<\/div>[\/vc_column_inner][vc_column_inner width=&#8221;1\/3&#8243;]<div class=\"url-wrap  align-center\" >\r\n\t\t\t\t\t\t<a class=\"deeper-button button-gradient-orange2 medium\" style=\"\" href=https:\/\/docs.google.com\/forms\/d\/e\/1FAIpQLSetO20ebm7TAeG3AVwiCVfOxCu0vtK5B25FSjBW56pH2SyRUw\/viewform?usp=header >Inscreva-se agora<span class=\"hover-effect\"><\/span><\/a>\r\n\t\t\t\t\t<\/div>[\/vc_column_inner][vc_column_inner width=&#8221;1\/3&#8243;][vc_raw_html]JTNDZGl2JTIwc3R5bGUlM0QlMjJ0ZXh0LWFsaWduJTNBJTIwY2VudGVyJTNCJTIyJTNFJTBBJTIwJTIwJTIwJTNDYSUyMGNsYXNzJTNEJTIyZGVlcGVyLWJ1dHRvbiUyMGJ1dHRvbi1hY2NlbnQlMjBzbWFsbCUyMiUyMG9uY2xpY2slM0QlMjJoaXN0b3J5LmJhY2slMjglMjklMjIlM0VWb2x0YXIlM0MlMkZhJTNFJTBBJTNDJTJGZGl2JTNFJTBB[\/vc_raw_html][\/vc_column_inner][\/vc_row_inner]<div class=\"deeper-spacer clearfix\" data-config='{\"desktop\":60,\"mobile\":50,\"smobile\":40}'><\/div>[\/vc_column][\/vc_row]<\/p>\n<\/div>","protected":false},"excerpt":{"rendered":"<p>[vc_row][vc_column][vc_row_inner][vc_column_inner width=&#8221;2\/3&#8243; offset=&#8221;vc_col-lg-6 vc_col-md-7 vc_col-sm-offset-0&#8243;][\/vc_column_inner][vc_column_inner width=&#8221;1\/3&#8243; offset=&#8221;vc_col-lg-offset-2 vc_col-lg-4 vc_col-md-offset-1 vc_col-md-4&#8243;][\/vc_column_inner][\/vc_row_inner][\/vc_column][\/vc_row][vc_row full_width=&#8221;stretch_row&#8221; canvas=&#8221;%5B%7B%22shape%22%3A%22shape-1%22%2C%22image_effect%22%3A%22style-1%22%2C%22smoothness%22%3A%2230%22%7D%5D&#8221; css=&#8221;.vc_custom_1592577640421{background-color: #f8f8f9 !important;}&#8221;][vc_column][vc_wp_text] Suas tarefas: Haver\u00e1 muitas tarefas nas quais voc\u00ea pode participar em nosso Programa de Voluntariado em Educa\u00e7\u00e3o: &#8211; Trabalhar como assistente de professor &#8211; Preparar aulas interativas para ensinar ingl\u00eas conversacional, italiano, franc\u00eas ou alem\u00e3o<\/p>\n","protected":false},"author":2,"featured_media":0,"parent":0,"menu_order":0,"comment_status":"closed","ping_status":"closed","template":"","meta":{"footnotes":""},"class_list":["post-4561","page","type-page","status-publish","hentry"],"_links":{"self":[{"href":"https:\/\/mondify.org\/pt\/wp-json\/wp\/v2\/pages\/4561","targetHints":{"allow":["GET"]}}],"collection":[{"href":"https:\/\/mondify.org\/pt\/wp-json\/wp\/v2\/pages"}],"about":[{"href":"https:\/\/mondify.org\/pt\/wp-json\/wp\/v2\/types\/page"}],"author":[{"embeddable":true,"href":"https:\/\/mondify.org\/pt\/wp-json\/wp\/v2\/users\/2"}],"replies":[{"embeddable":true,"href":"https:\/\/mondify.org\/pt\/wp-json\/wp\/v2\/comments?post=4561"}],"version-history":[{"count":0,"href":"https:\/\/mondify.org\/pt\/wp-json\/wp\/v2\/pages\/4561\/revisions"}],"wp:attachment":[{"href":"https:\/\/mondify.org\/pt\/wp-json\/wp\/v2\/media?parent=4561"}],"curies":[{"name":"wp","href":"https:\/\/api.w.org\/{rel}","templated":true}]}}