{"id":4552,"date":"2024-02-16T22:19:40","date_gmt":"2024-02-16T22:19:40","guid":{"rendered":"https:\/\/mondify.org\/en\/?page_id=4552"},"modified":"2024-05-30T01:54:00","modified_gmt":"2024-05-30T01:54:00","slug":"medicina","status":"publish","type":"page","link":"https:\/\/mondify.org\/pt\/medicina\/","title":{"rendered":"Medicina"},"content":{"rendered":"<div class=\"wpb-content-wrapper\"><p>[vc_row][vc_column]<div class=\"deeper-spacer clearfix\" data-config='{\"desktop\":100,\"mobile\":120,\"smobile\":90}'><\/div><h1 class=\"deeper-text align-center \" style=\"margin-bottom:30px;\" ><span>Medicina<\/span>\n<\/h1><div class=\"deeper-spacer clearfix\" data-config='{\"desktop\":50,\"mobile\":40,\"smobile\":30}'><\/div><div class=\"deeper-fancy-image reveal  lr \"   data-inviewport=\"yes\">\r\n\t\t\t\t\t\t\t<figure style=\"border-radius:10px;overflow:hidden;\"><img decoding=\"async\" alt=\"image\" src=\"https:\/\/mondify.org\/pt\/wp-content\/uploads\/2023\/12\/mondify-interships-medicine-v2.jpg\" \/> <\/figure>\r\n\t\t\t\t\t\t<\/div><div class=\"deeper-spacer clearfix\" data-config='{\"desktop\":50,\"mobile\":40,\"smobile\":30}'><\/div>[vc_row_inner][vc_column_inner width=&#8221;2\/3&#8243; offset=&#8221;vc_col-lg-6 vc_col-md-7 vc_col-sm-offset-0&#8243;]<div class=\"deeper-text align-left \" style=\"margin-bottom:30px;\" ><span>Aprenda com m\u00e9dicos profissionais reais trabalhando com eles nos diferentes departamentos de um hospital.<br \/>\nCom nossos Est\u00e1gios em Medicina na Argentina, voc\u00ea pode come\u00e7ar sua jornada em dire\u00e7\u00e3o a um \u00f3timo futuro profissional. Voc\u00ea ganhar\u00e1 experi\u00eancia pr\u00e1tica trabalhando ao lado de profissionais dos diferentes departamentos de um hospital de uma grande cidade e aprender\u00e1 como \u00e9 o dia a dia deles. Quando estiver com os m\u00e9dicos fazendo suas rondas, voc\u00ea ver\u00e1 doen\u00e7as e condi\u00e7\u00f5es que s\u00f3 viu na TV ou nos livros did\u00e1ticos. Portanto, prepare-se, pergunte, fa\u00e7a anota\u00e7\u00f5es e preste muita aten\u00e7\u00e3o em como todos s\u00e3o diagnosticados e tratados. Voc\u00ea ganhar\u00e1 experi\u00eancia pr\u00e1tica na profiss\u00e3o, mas tamb\u00e9m ajudar\u00e1 em campanhas de promo\u00e7\u00e3o da sa\u00fade e programas de atendimento m\u00e9dico b\u00e1sico.<\/span>\n<\/div><div class=\"deeper-text align-left \" style=\"margin-bottom:0px;\" ><span>Se voc\u00ea \u00e9 estudante e deseja obter experi\u00eancia cl\u00ednica para sua forma\u00e7\u00e3o, ou se est\u00e1 interessado em aprender sobre profiss\u00f5es m\u00e9dicas para ajud\u00e1-lo a decidir sobre seu futuro emprego, nossos Est\u00e1gios em Medicina na Argentina s\u00e3o feitos para voc\u00ea. Voc\u00ea obter\u00e1 uma experi\u00eancia valiosa acompanhando os m\u00e9dicos de um hospital e isso tamb\u00e9m pode ajud\u00e1-lo em entrevistas de emprego. Al\u00e9m disso, voc\u00ea pode aproveitar a oportunidade para ajudar em diferentes departamentos para ver qual especialidade mais gosta. Os est\u00e1gios ocorrem durante todo o ano, ent\u00e3o voc\u00ea pode participar quando quiser. Voc\u00ea escolhe as datas que melhor se adequam a voc\u00ea.<\/span>\n<\/div><div class=\"deeper-spacer clearfix\" data-config='{\"desktop\":50,\"mobile\":40,\"smobile\":30}'><\/div>[\/vc_column_inner][vc_column_inner width=&#8221;1\/3&#8243; offset=&#8221;vc_col-lg-offset-2 vc_col-lg-4 vc_col-md-offset-1 vc_col-md-4&#8243;]<div class=\"deeper-spacer clearfix\" data-config='{\"desktop\":6,\"mobile\":6,\"smobile\":6}'><\/div><h2 class=\"deeper-text align-left \" style=\"font-size:22px;line-height:35px;margin-bottom:0px;\" ><span>Datas de in\u00edcio:<\/span>\n<\/h2><div class=\"deeper-text align-left \" style=\"margin-bottom:0px;\" ><span>Flex\u00edveis<\/span>\n<\/div><div class=\"deeper-spacer clearfix\" data-config='{\"desktop\":37,\"mobile\":37,\"smobile\":37}'><\/div><h2 class=\"deeper-text align-left \" style=\"font-size:22px;line-height:35px;margin-bottom:0px;\" ><span>Dura\u00e7\u00e3o m\u00ednima:<\/span>\n<\/h2><div class=\"deeper-text align-left \" style=\"margin-bottom:0px;\" ><span>1 semana<\/span>\n<\/div><div class=\"deeper-spacer clearfix\" data-config='{\"desktop\":37,\"mobile\":37,\"smobile\":37}'><\/div><div class=\"deeper-fancy-image simple \" style=\"border-radius:10px;overflow:hidden;\" >\r\n\t\t\t\t\t\t\t<a target=\"_blank\" href=\"https:\/\/mondify.org\/pt\/midia\/\"><img decoding=\"async\" alt=\"image\" src=\"https:\/\/mondify.org\/pt\/wp-content\/uploads\/2024\/03\/Testemunhos.jpg\" \/><\/a> \r\n\t\t\t\t\t\t<\/div>[\/vc_column_inner][\/vc_row_inner][\/vc_column][\/vc_row][vc_row full_width=&#8221;stretch_row&#8221; canvas=&#8221;%5B%7B%22shape%22%3A%22shape-1%22%2C%22image_effect%22%3A%22style-1%22%2C%22smoothness%22%3A%2230%22%7D%5D&#8221; css=&#8221;.vc_custom_1592577640421{background-color: #f8f8f9 !important;}&#8221;][vc_column]<div class=\"deeper-spacer clearfix\" data-config='{\"desktop\":20,\"mobile\":20,\"smobile\":20}'><\/div>[vc_wp_text]<\/p>\n<div class=\"col-lg-12\">\n<div class=\"col-lg-12\">\n<h4>Suas tarefas:<\/h4>\n<p>Voc\u00ea trabalhar\u00e1 tanto em um hospital quanto em pequenas cl\u00ednicas comunit\u00e1rias, principalmente realizando as seguintes atividades:<br \/>\n&#8211; Observar e aprender diretamente com m\u00e9dicos e enfermeiros.<br \/>\n&#8211; Participar de confer\u00eancias m\u00e9dicas e workshops.<br \/>\n&#8211; Prestar cuidados m\u00e9dicos b\u00e1sicos e promover sa\u00fade em programas de sa\u00fade p\u00fablica.<\/p>\n<p>Temos est\u00e1gios dispon\u00edveis nas seguintes \u00e1reas: Cardiologia, Dermatologia, Ginecologia, Hematologia, Maternidade, Neurologia, Ortopedia, Psiquiatria, Radiologia, Cirurgia (sala de opera\u00e7\u00f5es) e mais.<\/p>\n<p>Normalmente, seu supervisor ir\u00e1 design\u00e1-lo para um departamento diferente a cada semana, ent\u00e3o se voc\u00ea ficar por pouco tempo, n\u00e3o poder\u00e1 ver todos eles. Quanto mais tempo voc\u00ea ficar, mais departamentos poder\u00e1 visitar, mas se estiver interessado em um em particular, entre em contato conosco.<\/p><\/div>\n<div class=\"col-lg-12\">\n<h4>Onde na Argentina eu vou trabalhar?<\/h4>\n<p>Seu projeto ser\u00e1 realizado na cidade de C\u00f3rdoba, a segunda maior cidade da Argentina. Esta cidade jovem e din\u00e2mica \u00e9 uma das mais amig\u00e1veis do pa\u00eds. Al\u00e9m disso, a cidade abriga institui\u00e7\u00f5es m\u00e9dicas de classe mundial, com um dos melhores sistemas de sa\u00fade pelos padr\u00f5es latino-americanos. Todo o pessoal das cl\u00ednicas da cidade possui extenso treinamento.<\/p><\/div>\n<div class=\"col-lg-12\">\n<h4>Aeroporto de chegada<\/h4>\n<p>Se voc\u00ea vai trabalhar neste projeto, deve chegar ao Aeroporto Internacional de C\u00f3rdoba (COR), onde um membro de nossa equipe estar\u00e1 esperando para receb\u00ea-lo.<\/p><\/div>\n<div class=\"col-lg-12\">\n<h4>Alimenta\u00e7\u00e3o e acomoda\u00e7\u00e3o<\/h4>\n<p>Voc\u00ea ficar\u00e1 hospedado com uma fam\u00edlia anfitri\u00e3 em C\u00f3rdoba. Eles ir\u00e3o receb\u00ea-lo em sua casa e ficar\u00e3o felizes em compartilhar seus costumes e aprender sobre sua cultura. Acreditamos que esta \u00e9 a melhor maneira de se imergir no estilo de vida argentino e ter uma experi\u00eancia \u00fanica. Seu quarto ser\u00e1 simples, mas confort\u00e1vel, limpo e seguro. O custo do programa inclui tr\u00eas refei\u00e7\u00f5es por dia.<\/p><\/div>\n<div class=\"col-lg-12\">\n<h4>Lazer<\/h4>\n<p>A Argentina \u00e9 um pa\u00eds vibrante da Am\u00e9rica do Sul, cheio de cores e patrim\u00f4nio cultural. Al\u00e9m de contribuir para projetos que valem a pena, viajar para a Argentina conosco significa que voc\u00ea poder\u00e1 explorar este pa\u00eds fascinante. Passe a tarde desfrutando de um caf\u00e9 na Plaza San Mart\u00edn, com seus artistas de rua e sua ic\u00f4nica est\u00e1tua do General Jos\u00e9 de San Mart\u00edn. Voc\u00ea pode fazer uma viagem de fim de semana para as montanhas. A natureza circundante \u00e9 impressionante e um passeio a cavalo pelas trilhas naturais tamb\u00e9m \u00e9 gratificante. Existem experi\u00eancias culturais, como o Museu de Belas Artes Evita Superior ou o Teatro del Libertador General San Mart\u00edn. Voc\u00ea tamb\u00e9m pode aprender sobre a hist\u00f3ria do pa\u00eds em museus locais e visitar o local de nascimento de Che Guevara. Provavelmente, h\u00e1 outros volunt\u00e1rios na Argentina, ent\u00e3o voc\u00ea pode explorar por conta pr\u00f3pria ou com um grupo de volunt\u00e1rios de diferentes projetos.<\/p><\/div>\n<\/div>\n<p>[\/vc_wp_text]<div class=\"deeper-spacer clearfix\" data-config='{\"desktop\":20,\"mobile\":20,\"smobile\":20}'><\/div>[\/vc_column][\/vc_row][vc_row full_width=&#8221;stretch_row&#8221; canvas=&#8221;%5B%7B%22shape%22%3A%22shape-1%22%2C%22image_effect%22%3A%22style-1%22%2C%22smoothness%22%3A%2230%22%7D%5D&#8221; css=&#8221;.vc_custom_1709070045306{background-color: #f8f8f9 !important;}&#8221;][vc_column][vc_row_inner][vc_column_inner width=&#8221;1\/3&#8243;]<div class=\"url-wrap  align-center\" >\r\n\t\t\t\t\t\t<a class=\"deeper-button button-accent small\" style=\"\" href=https:\/\/mondify.org\/pt\/orcamento\/ title=&quot;budget&quot; >Or\u00e7amento<span class=\"hover-effect\"><\/span><\/a>\r\n\t\t\t\t\t<\/div>[\/vc_column_inner][vc_column_inner width=&#8221;1\/3&#8243;]<div class=\"url-wrap  align-center\" >\r\n\t\t\t\t\t\t<a class=\"deeper-button button-gradient-orange2 medium\" style=\"\" href=https:\/\/docs.google.com\/forms\/d\/e\/1FAIpQLSe_sunNfRWtid-c6y3g9ZT16k2dYHMD0G8QL5ZbLSiQvmxq2w\/viewform >Inscreva-se agora<span class=\"hover-effect\"><\/span><\/a>\r\n\t\t\t\t\t<\/div>[\/vc_column_inner][vc_column_inner width=&#8221;1\/3&#8243;][vc_raw_html]JTNDZGl2JTIwc3R5bGUlM0QlMjJ0ZXh0LWFsaWduJTNBJTIwY2VudGVyJTNCJTIyJTNFJTBBJTIwJTIwJTIwJTNDYSUyMGNsYXNzJTNEJTIyZGVlcGVyLWJ1dHRvbiUyMGJ1dHRvbi1hY2NlbnQlMjBzbWFsbCUyMiUyMG9uY2xpY2slM0QlMjJoaXN0b3J5LmJhY2slMjglMjklMjIlM0VWb2x0YXIlM0MlMkZhJTNFJTBBJTNDJTJGZGl2JTNFJTBB[\/vc_raw_html][\/vc_column_inner][\/vc_row_inner]<div class=\"deeper-spacer clearfix\" data-config='{\"desktop\":60,\"mobile\":50,\"smobile\":40}'><\/div>[\/vc_column][\/vc_row]<\/p>\n<\/div>","protected":false},"excerpt":{"rendered":"<p>[vc_row][vc_column][vc_row_inner][vc_column_inner width=&#8221;2\/3&#8243; offset=&#8221;vc_col-lg-6 vc_col-md-7 vc_col-sm-offset-0&#8243;][\/vc_column_inner][vc_column_inner width=&#8221;1\/3&#8243; offset=&#8221;vc_col-lg-offset-2 vc_col-lg-4 vc_col-md-offset-1 vc_col-md-4&#8243;][\/vc_column_inner][\/vc_row_inner][\/vc_column][\/vc_row][vc_row full_width=&#8221;stretch_row&#8221; canvas=&#8221;%5B%7B%22shape%22%3A%22shape-1%22%2C%22image_effect%22%3A%22style-1%22%2C%22smoothness%22%3A%2230%22%7D%5D&#8221; css=&#8221;.vc_custom_1592577640421{background-color: #f8f8f9 !important;}&#8221;][vc_column][vc_wp_text] Suas tarefas: Voc\u00ea trabalhar\u00e1 tanto em um hospital quanto em pequenas cl\u00ednicas comunit\u00e1rias, principalmente realizando as seguintes atividades: &#8211; Observar e aprender diretamente com m\u00e9dicos e enfermeiros. &#8211; Participar de confer\u00eancias m\u00e9dicas e workshops. &#8211;<\/p>\n","protected":false},"author":2,"featured_media":0,"parent":0,"menu_order":0,"comment_status":"closed","ping_status":"closed","template":"","meta":{"footnotes":""},"class_list":["post-4552","page","type-page","status-publish","hentry"],"_links":{"self":[{"href":"https:\/\/mondify.org\/pt\/wp-json\/wp\/v2\/pages\/4552","targetHints":{"allow":["GET"]}}],"collection":[{"href":"https:\/\/mondify.org\/pt\/wp-json\/wp\/v2\/pages"}],"about":[{"href":"https:\/\/mondify.org\/pt\/wp-json\/wp\/v2\/types\/page"}],"author":[{"embeddable":true,"href":"https:\/\/mondify.org\/pt\/wp-json\/wp\/v2\/users\/2"}],"replies":[{"embeddable":true,"href":"https:\/\/mondify.org\/pt\/wp-json\/wp\/v2\/comments?post=4552"}],"version-history":[{"count":0,"href":"https:\/\/mondify.org\/pt\/wp-json\/wp\/v2\/pages\/4552\/revisions"}],"wp:attachment":[{"href":"https:\/\/mondify.org\/pt\/wp-json\/wp\/v2\/media?parent=4552"}],"curies":[{"name":"wp","href":"https:\/\/api.w.org\/{rel}","templated":true}]}}