{"id":4548,"date":"2024-02-16T22:09:49","date_gmt":"2024-02-16T22:09:49","guid":{"rendered":"https:\/\/mondify.org\/en\/?page_id=4548"},"modified":"2025-06-04T20:38:04","modified_gmt":"2025-06-04T20:38:04","slug":"direitos-humanos","status":"publish","type":"page","link":"https:\/\/mondify.org\/pt\/direitos-humanos\/","title":{"rendered":"Direitos Humanos"},"content":{"rendered":"<div class=\"wpb-content-wrapper\"><p>[vc_row][vc_column]<div class=\"deeper-spacer clearfix\" data-config='{\"desktop\":100,\"mobile\":120,\"smobile\":90}'><\/div><h1 class=\"deeper-text align-center \" style=\"margin-bottom:30px;\" ><span>Direitos Humanos<\/span>\n<\/h1><div class=\"deeper-spacer clearfix\" data-config='{\"desktop\":50,\"mobile\":40,\"smobile\":30}'><\/div><div class=\"deeper-fancy-image reveal  lr \"   data-inviewport=\"yes\">\r\n\t\t\t\t\t\t\t<figure style=\"border-radius:10px;overflow:hidden;\"><img decoding=\"async\" alt=\"image\" src=\"https:\/\/mondify.org\/pt\/wp-content\/uploads\/2023\/12\/mondify_prog_001-v2.jpg\" \/> <\/figure>\r\n\t\t\t\t\t\t<\/div><div class=\"deeper-spacer clearfix\" data-config='{\"desktop\":50,\"mobile\":40,\"smobile\":30}'><\/div>[vc_row_inner][vc_column_inner width=&#8221;2\/3&#8243; offset=&#8221;vc_col-lg-6 vc_col-md-7 vc_col-sm-offset-0&#8243;]<div class=\"deeper-text align-left \" style=\"margin-bottom:30px;\" ><span>Adquira experi\u00eancia de trabalho e ajude a conscientizar sobre quest\u00f5es de direitos humanos em comunidades desfavorecidas.<br \/>\nVoc\u00ea trabalhar\u00e1 com nosso coordenador de projeto e organiza\u00e7\u00f5es locais para informar as pessoas sobre seus direitos. Esses est\u00e1gios agregar\u00e3o grande valor ao seu curr\u00edculo e lhe dar\u00e3o uma vantagem em suas entrevistas de emprego. Na Argentina, as pessoas lidam diariamente com problemas como viol\u00eancia dom\u00e9stica, desigualdade de g\u00eanero e falta de moradia. Muitas delas nem mesmo sabem que s\u00e3o v\u00edtimas ou perpetradoras desses abusos. O Escrit\u00f3rio de Direitos Humanos da Mondify em C\u00f3rdoba busca fornecer solu\u00e7\u00f5es com campanhas informativas e workshops, al\u00e9m de trabalhar diretamente com os benefici\u00e1rios para apoiar seu acesso aos direitos b\u00e1sicos.<\/span>\n<\/div><div class=\"deeper-text align-left \" style=\"margin-bottom:0px;\" ><span>Este projeto \u00e9 perfeito se voc\u00ea se interessa por direitos humanos e em ajudar aqueles que precisam. \u00c9 uma oportunidade para voc\u00ea adquirir experi\u00eancia de trabalho enquanto cumpre seu compromisso humanit\u00e1rio com os outros. O melhor \u00e9 que voc\u00ea n\u00e3o precisa ter experi\u00eancia, j\u00e1 que trabalhar\u00e1 com especialistas em nosso Escrit\u00f3rio de Direitos Humanos, que lhe ensinar\u00e3o tudo o que voc\u00ea precisa saber para este projeto. Esses est\u00e1gios na Argentina ocorrem durante todo o ano, ent\u00e3o voc\u00ea pode participar quando quiser. Se deseja aprender mais e causar um impacto maior nas comunidades onde trabalhar\u00e1, recomendamos que fique o m\u00e1ximo que puder. A experi\u00eancia que voc\u00ea pode adquirir em direitos humanos na Argentina vale a pena.<\/span>\n<\/div><div class=\"deeper-spacer clearfix\" data-config='{\"desktop\":50,\"mobile\":40,\"smobile\":30}'><\/div>[\/vc_column_inner][vc_column_inner width=&#8221;1\/3&#8243; offset=&#8221;vc_col-lg-offset-2 vc_col-lg-4 vc_col-md-offset-1 vc_col-md-4&#8243;]<div class=\"deeper-spacer clearfix\" data-config='{\"desktop\":6,\"mobile\":6,\"smobile\":6}'><\/div><h2 class=\"deeper-text align-left \" style=\"font-size:22px;line-height:35px;margin-bottom:0px;\" ><span>Datas de in\u00edcio:<\/span>\n<\/h2><div class=\"deeper-text align-left \" style=\"margin-bottom:0px;\" ><span>Flex\u00edveis<\/span>\n<\/div><div class=\"deeper-spacer clearfix\" data-config='{\"desktop\":37,\"mobile\":37,\"smobile\":37}'><\/div><h2 class=\"deeper-text align-left \" style=\"font-size:22px;line-height:35px;margin-bottom:0px;\" ><span>Dura\u00e7\u00e3o m\u00ednima:<\/span>\n<\/h2><div class=\"deeper-text align-left \" style=\"margin-bottom:0px;\" ><span>1 semana<\/span>\n<\/div><div class=\"deeper-spacer clearfix\" data-config='{\"desktop\":37,\"mobile\":37,\"smobile\":37}'><\/div><div class=\"deeper-fancy-image simple \" style=\"border-radius:10px;overflow:hidden;\" >\r\n\t\t\t\t\t\t\t<a target=\"_blank\" href=\"https:\/\/mondify.org\/pt\/midia\/\"><img decoding=\"async\" alt=\"image\" src=\"https:\/\/mondify.org\/pt\/wp-content\/uploads\/2024\/03\/Testemunhos.jpg\" \/><\/a> \r\n\t\t\t\t\t\t<\/div>[\/vc_column_inner][\/vc_row_inner][\/vc_column][\/vc_row][vc_row full_width=&#8221;stretch_row&#8221; canvas=&#8221;%5B%7B%22shape%22%3A%22shape-1%22%2C%22image_effect%22%3A%22style-1%22%2C%22smoothness%22%3A%2230%22%7D%5D&#8221; css=&#8221;.vc_custom_1592577640421{background-color: #f8f8f9 !important;}&#8221;][vc_column]<div class=\"deeper-spacer clearfix\" data-config='{\"desktop\":20,\"mobile\":20,\"smobile\":20}'><\/div>[vc_wp_text]<\/p>\n<div class=\"col-lg-12\">\n<h4>Suas Tarefas<\/h4>\n<p>Durante sua estadia como estagi\u00e1rio de Direitos Humanos na Argentina, voc\u00ea trabalhar\u00e1 em:<\/p>\n<p>&#8211; Fornecimento de alimentos, produtos de cozinha, roupas e materiais escolares para pessoas em situa\u00e7\u00e3o de rua, fam\u00edlias necessitadas e mulheres em situa\u00e7\u00f5es vulner\u00e1veis.<br \/>\n&#8211; Compartilhamento de tempo com crian\u00e7as e adolescentes, e ensin\u00e1-los sobre seus direitos; crian\u00e7as e adolescentes t\u00eam o direito de brincar, sorrir, estudar e serem ouvidos.<br \/>\n&#8211; Auxiliar grupos minorit\u00e1rios, idosos e pessoas com problemas de sa\u00fade mental e v\u00e1rias defici\u00eancias, para gerenciar consultas m\u00e9dicas, realizar trabalhos burocr\u00e1ticos e participar de campanhas para serem ouvidos.<br \/>\n&#8211; Compartilhamento de espa\u00e7os com pessoas em situa\u00e7\u00f5es vulner\u00e1veis, fortalecendo sua capacidade, autoestima e relacionamentos sociais, e construindo uma rede de apoio social duradoura. Permitindo que se sintam ouvidos, compreendidos e valorizados. Oferecendo um espa\u00e7o livre de estigma, preconceito e paternalismo.<br \/>\n&#8211; A luta pelos direitos nunca para. Volunt\u00e1rios e estagi\u00e1rios tamb\u00e9m aprender\u00e3o sobre o per\u00edodo da ditadura argentina, visitar\u00e3o centros de deten\u00e7\u00e3o ilegal e acompanhar\u00e3o o trabalho de diferentes ONGs para manter viva a mem\u00f3ria.<\/div>\n<div class=\"col-lg-12\">\n<h4>Onde na Argentina eu vou trabalhar?<\/h4>\n<p>Seu projeto ser\u00e1 realizado na cidade de C\u00f3rdoba, a segunda maior cidade da Argentina. Esta cidade jovem e din\u00e2mica \u00e9 uma das mais amig\u00e1veis do pa\u00eds. Durante sua estadia, voc\u00ea trabalhar\u00e1 em nosso escrit\u00f3rio de direitos humanos, compartilhando um escrit\u00f3rio com funcion\u00e1rios locais e outros colegas. O escrit\u00f3rio \u00e9 totalmente financiado e administrado pela Mondify, ent\u00e3o contamos com nossos estagi\u00e1rios para manter as coisas funcionando. Voc\u00ea tamb\u00e9m ter\u00e1 que trabalhar fora do escrit\u00f3rio, em centros comunit\u00e1rios e organiza\u00e7\u00f5es parceiras.<\/p><\/div>\n<div class=\"col-lg-12\">\n<h4>Aeroporto de chegada<\/h4>\n<p>Se voc\u00ea vai trabalhar neste projeto, deve chegar ao Aeroporto Internacional de C\u00f3rdoba (COR), onde um membro de nossa equipe estar\u00e1 esperando para receb\u00ea-lo.<\/p><\/div>\n<div class=\"col-lg-12\">\n<h4>Alimenta\u00e7\u00e3o e acomoda\u00e7\u00e3o<\/h4>\n<p>Voc\u00ea ficar\u00e1 com uma fam\u00edlia anfitri\u00e3 em C\u00f3rdoba. Eles ir\u00e3o receb\u00ea-lo em sua casa e ficar\u00e3o felizes em compartilhar seus costumes e aprender sobre sua cultura. Acreditamos que esta \u00e9 a melhor maneira de se imergir no estilo de vida argentino e ter uma experi\u00eancia verdadeiramente \u00fanica. Seu quarto ser\u00e1 simples, mas confort\u00e1vel, limpo e seguro. O custo do programa inclui tr\u00eas refei\u00e7\u00f5es por dia.<\/p><\/div>\n<div class=\"col-lg-12\">\n<h4>Lazer<\/h4>\n<p>A Argentina \u00e9 um pa\u00eds vibrante da Am\u00e9rica do Sul, cheio de cores e patrim\u00f4nio cultural. Al\u00e9m de contribuir para projetos que valem a pena, viajar para a Argentina conosco significa que voc\u00ea poder\u00e1 explorar este fascinante pa\u00eds. Passe a tarde desfrutando de um caf\u00e9 na Plaza San Mart\u00edn, com seus artistas de rua e sua ic\u00f4nica est\u00e1tua do General Jos\u00e9 de San Mart\u00edn. Voc\u00ea pode fazer uma viagem de fim de semana para as montanhas. A natureza ao redor \u00e9 impressionante e um passeio a cavalo pelas trilhas naturais tamb\u00e9m vale a pena. Existem experi\u00eancias culturais, como o Museu Evita de Belas Artes ou o Teatro del Libertador General San Mart\u00edn. Voc\u00ea tamb\u00e9m pode aprender sobre a hist\u00f3ria do pa\u00eds em museus locais e visitar o local de nascimento de Che Guevara. Provavelmente haver\u00e1 outros volunt\u00e1rios na Argentina, ent\u00e3o voc\u00ea pode explorar por conta pr\u00f3pria ou com um grupo de volunt\u00e1rios de diferentes projetos.<\/p><\/div>\n<p>[\/vc_wp_text]<div class=\"deeper-spacer clearfix\" data-config='{\"desktop\":20,\"mobile\":20,\"smobile\":20}'><\/div>[\/vc_column][\/vc_row][vc_row full_width=&#8221;stretch_row&#8221; canvas=&#8221;%5B%7B%22shape%22%3A%22shape-1%22%2C%22image_effect%22%3A%22style-1%22%2C%22smoothness%22%3A%2230%22%7D%5D&#8221; css=&#8221;.vc_custom_1709070045306{background-color: #f8f8f9 !important;}&#8221;][vc_column][vc_row_inner][vc_column_inner width=&#8221;1\/3&#8243;]<div class=\"url-wrap  align-center\" >\r\n\t\t\t\t\t\t<a class=\"deeper-button button-accent small\" style=\"\" href=https:\/\/mondify.org\/pt\/orcamento\/ title=&quot;budget&quot; >Or\u00e7amento<span class=\"hover-effect\"><\/span><\/a>\r\n\t\t\t\t\t<\/div>[\/vc_column_inner][vc_column_inner width=&#8221;1\/3&#8243;]<div class=\"url-wrap  align-center\" >\r\n\t\t\t\t\t\t<a class=\"deeper-button button-gradient-orange2 medium\" style=\"\" href=https:\/\/docs.google.com\/forms\/d\/e\/1FAIpQLSetO20ebm7TAeG3AVwiCVfOxCu0vtK5B25FSjBW56pH2SyRUw\/viewform?usp=header >Inscreva-se agora<span class=\"hover-effect\"><\/span><\/a>\r\n\t\t\t\t\t<\/div>[\/vc_column_inner][vc_column_inner width=&#8221;1\/3&#8243;][vc_raw_html]JTNDZGl2JTIwc3R5bGUlM0QlMjJ0ZXh0LWFsaWduJTNBJTIwY2VudGVyJTNCJTIyJTNFJTBBJTIwJTIwJTIwJTNDYSUyMGNsYXNzJTNEJTIyZGVlcGVyLWJ1dHRvbiUyMGJ1dHRvbi1hY2NlbnQlMjBzbWFsbCUyMiUyMG9uY2xpY2slM0QlMjJoaXN0b3J5LmJhY2slMjglMjklMjIlM0VWb2x0YXIlM0MlMkZhJTNFJTBBJTNDJTJGZGl2JTNFJTBB[\/vc_raw_html][\/vc_column_inner][\/vc_row_inner]<div class=\"deeper-spacer clearfix\" data-config='{\"desktop\":60,\"mobile\":50,\"smobile\":40}'><\/div>[\/vc_column][\/vc_row]<\/p>\n<\/div>","protected":false},"excerpt":{"rendered":"<p>[vc_row][vc_column][vc_row_inner][vc_column_inner width=&#8221;2\/3&#8243; offset=&#8221;vc_col-lg-6 vc_col-md-7 vc_col-sm-offset-0&#8243;][\/vc_column_inner][vc_column_inner width=&#8221;1\/3&#8243; offset=&#8221;vc_col-lg-offset-2 vc_col-lg-4 vc_col-md-offset-1 vc_col-md-4&#8243;][\/vc_column_inner][\/vc_row_inner][\/vc_column][\/vc_row][vc_row full_width=&#8221;stretch_row&#8221; canvas=&#8221;%5B%7B%22shape%22%3A%22shape-1%22%2C%22image_effect%22%3A%22style-1%22%2C%22smoothness%22%3A%2230%22%7D%5D&#8221; css=&#8221;.vc_custom_1592577640421{background-color: #f8f8f9 !important;}&#8221;][vc_column][vc_wp_text] Suas Tarefas Durante sua estadia como estagi\u00e1rio de Direitos Humanos na Argentina, voc\u00ea trabalhar\u00e1 em: &#8211; Fornecimento de alimentos, produtos de cozinha, roupas e materiais escolares para pessoas em situa\u00e7\u00e3o de rua, fam\u00edlias necessitadas e<\/p>\n","protected":false},"author":2,"featured_media":0,"parent":0,"menu_order":0,"comment_status":"closed","ping_status":"closed","template":"","meta":{"footnotes":""},"class_list":["post-4548","page","type-page","status-publish","hentry"],"_links":{"self":[{"href":"https:\/\/mondify.org\/pt\/wp-json\/wp\/v2\/pages\/4548","targetHints":{"allow":["GET"]}}],"collection":[{"href":"https:\/\/mondify.org\/pt\/wp-json\/wp\/v2\/pages"}],"about":[{"href":"https:\/\/mondify.org\/pt\/wp-json\/wp\/v2\/types\/page"}],"author":[{"embeddable":true,"href":"https:\/\/mondify.org\/pt\/wp-json\/wp\/v2\/users\/2"}],"replies":[{"embeddable":true,"href":"https:\/\/mondify.org\/pt\/wp-json\/wp\/v2\/comments?post=4548"}],"version-history":[{"count":0,"href":"https:\/\/mondify.org\/pt\/wp-json\/wp\/v2\/pages\/4548\/revisions"}],"wp:attachment":[{"href":"https:\/\/mondify.org\/pt\/wp-json\/wp\/v2\/media?parent=4548"}],"curies":[{"name":"wp","href":"https:\/\/api.w.org\/{rel}","templated":true}]}}