{"id":6596,"date":"2024-07-20T17:00:20","date_gmt":"2024-07-20T17:00:20","guid":{"rendered":"https:\/\/mondify.org\/?page_id=6596"},"modified":"2024-09-10T22:21:06","modified_gmt":"2024-09-10T22:21:06","slug":"domande-frequenti","status":"publish","type":"page","link":"https:\/\/mondify.org\/it\/domande-frequenti\/","title":{"rendered":"Domande frequenti per partire con Mondify"},"content":{"rendered":"<div class=\"wpb-content-wrapper\"><p>[vc_row full_width=&#8221;stretch_row_content_no_spaces&#8221; canvas=&#8221;%5B%7B%22shape%22%3A%22shape-1%22%2C%22image_effect%22%3A%22style-1%22%2C%22smoothness%22%3A%2230%22%7D%5D&#8221; css=&#8221;.vc_custom_1721183152123{background-image: url(https:\/\/mondify.org\/wp-content\/uploads\/2024\/07\/bg-faq2.jpg?id=6553) !important;background-position: center !important;background-repeat: no-repeat !important;background-size: cover !important;}&#8221; el_id=&#8221;start&#8221;][vc_column]<div class=\"deeper-spacer clearfix\" data-config='{\"desktop\":150,\"mobile\":150,\"smobile\":150}'><\/div><h2 class=\"deeper-text align-center \" style=\"color:#ffffff;\" ><span>Domande frequenti sui viaggi di volontariato e stage in America Latina<\/span>\n<\/h2><div class=\"deeper-text align-center \" style=\"color:#ffffff;\" ><span>Qui trovi le risposte alle domande pi\u00f9 frequenti sui nostri viaggi di volontariato e stage in America Latina.<br \/>\nSe hai altre domande, <strong><a style=\"color: #fff;\" href=\"\/#contact\">contattaci!<\/a>!<\/strong><\/span>\n<\/div><div class=\"deeper-spacer clearfix\" data-config='{\"desktop\":150,\"mobile\":150,\"smobile\":150}'><\/div>[\/vc_column][\/vc_row][vc_row][vc_column]<div class=\"deeper-spacer clearfix\" data-config='{\"desktop\":100,\"mobile\":90,\"smobile\":90}'><\/div>[\/vc_column][\/vc_row][vc_row][vc_column][vc_row_inner][vc_column_inner width=&#8221;1\/2&#8243;][vc_toggle title=&#8221;Quali sono i progetti a cui partecipare?&#8221; color=&#8221;orange&#8221; css=&#8221;&#8221;]Siamo impegnati in progetti molto vari, sia in ambito comunitario che ambientale. Ci sono progetti di volontariato nelle scuole, insegnamento dell\u2019italiano, sport, ma anche stage sui diritti umani, giornalismo o medicina.Oppure, puoi scegliere un progetto di volontariato ambientale o volontariato con gli animali e ritrovarti a vivere in luoghi da sogno, mentre dai una mano per la tutela dell\u2019ambente.<br \/>\nPuoi dare un\u2019occhiata alle pagine dedicate ai progetti di <a href=\"https:\/\/mondify.org\/it\/it-volontariato\/#community\">sviluppo comunitario<\/a>e quelli di <a href=\"https:\/\/mondify.org\/it\/it-volontariato\/#conservation\">volontariato ambientale<\/a>.[\/vc_toggle][vc_toggle title=&#8221;Quali sono le destinazioni?&#8221; color=&#8221;orange&#8221; css=&#8221;&#8221;]Lavoriamo in Argentina ed Ecuador.<\/p>\n<ul>\n<li style=\"list-style-type: none;\">\n<ul>\n<li>In Argentina, i progetti si svolgono a <a href=\"https:\/\/mondify.org\/it\/it-cordoba\/\">Cordoba<\/a>, <a href=\"https:\/\/mondify.org\/it\/it-buenos-aires\/\">Buenos Aires<\/a> e <a href=\"https:\/\/mondify.org\/it\/it-patagonia\/\">Patagonia<\/a>.<\/li>\n<li>In Ecuador, siamo alle <a href=\"https:\/\/mondify.org\/it\/it-galapagos\/\">Galapagos<\/a><\/li>\n<\/ul>\n<\/li>\n<\/ul>\n<p>[\/vc_toggle][vc_toggle title=&#8221;Quali sono i requisiti richiesti?&#8221; color=&#8221;orange&#8221; css=&#8221;&#8221;]Non c&#8217;\u00e8 bisogno di requisiti particolari.<br \/>\nAnzi, vogliamo che questa sia anche un&#8217;occasione per imparare, oltre che per dare una mano.<br \/>\nIn base al progetto che scegli, riceverai una formazione iniziale e ti seguiremo nel corso delle attivit\u00e0.<br \/>\nInoltre, cerchiamo di definire il tuo ruolo in base alle tue preferenze e aspettative, alle conoscenze che hai e a quelle che desideri.<br \/>\nNaturalmente, ci sono eccezioni in base al progetto.[\/vc_toggle][vc_toggle title=&#8221;Devo conoscere la lingua?&#8221; color=&#8221;orange&#8221; css=&#8221;&#8221;]Senza dubbio, conoscere lo spagnolo \u00e8 un vantaggio. Tuttavia, per buona parte dei progetti, non \u00e8 un requisito necessario. La cosa importante \u00e8 che ti senta a tuo agio nel comunicare con le persone e, di solito, \u00e8 facile comunicare tra chi parla italiano e chi spagnolo.<\/p>\n<p>In alcuni casi, possiamo prevedere un supporto per le traduzioni.<\/p>\n<p>Inoltre, organizziamo anche <a href=\"https:\/\/mondify.org\/it\/corsi-di-spagnolo\/\">corsi di spagnolo<\/a>. Quale migliore occasione per migliorare le tue competenze linguistiche?[\/vc_toggle][vc_toggle title=&#8221;Ci sono limiti d\u2019et\u00e0?&#8221; color=&#8221;orange&#8221; css=&#8221;&#8221;]I nostri progetti sono aperti a tutte le persone dai 16 anni in poi.<br \/>\nCon noi, partono persone di 10, 30, 40 ma anche 50 o 60 anni. Ciascuno vive l\u2019esperienza in base al proprio vissuto, ma l\u2019aspetto molto bello \u00e8 che si creano relazioni che prescindono da un\u2019eventuale differenza d\u2019et\u00e0.<br \/>\nPer le persone minorenni, \u00e8 necessaria l\u2019autorizzazione da parte dei genitori.[\/vc_toggle][vc_toggle title=&#8221;Quando posso partire?&#8221; color=&#8221;orange&#8221; css=&#8221;&#8221;]Puoi partire quando vuoi. Puoi scegliere la data di partenza e rientro. Pu\u00f2 essere qualunque giorno del mese o della settimana.<br \/>\nI nostri progetti si svolgono tutto l\u2019anno e ti inseriamo in base alle tue preferenze.<br \/>\nConsidera solo che, se arrivi di venerd\u00ec, \u00e8 molto probabile che inizierai le attivit\u00e0 il luned\u00ec successivo.[\/vc_toggle][\/vc_column_inner][vc_column_inner width=&#8221;1\/2&#8243;][vc_toggle title=&#8221;Qual \u00e8 la durata prevista?&#8221; color=&#8221;orange&#8221; css=&#8221;&#8221;]In generale, puoi partecipare anche solo per una settimana, ma ogni progetto ha una durata minima diversa. Puoi trovarla sulle pagine dedicate ai progetti specifici.<br \/>\nConsigliamo sempre un soggiorno quanto pi\u00f9 lungo possibile, cos\u00ec da avere il tempo per ambientarsi e vivere al meglio l\u2019esperienza, sia da un punto di vista personale che professionale.<br \/>\nCi rendiamo conto, tuttavia, che non \u00e8 facile staccarsi dagli impegni a casa, per cui ci organizziamo in modo da facilitare l\u2019inserimento a chiunque, a prescindere dalla durata del progetto.[\/vc_toggle][vc_toggle title=&#8221;Come funziona?&#8221; color=&#8221;orange&#8221; css=&#8221;&#8221;]Fare un viaggio di volontariato o stage \u00e8 un&#8217;avventura incredibile.<br \/>\nCon Mondify, \u00e8 anche semplice!<\/p>\n<p>Considera che puoi:<\/p>\n<ul>\n<li>partire quando vuoi<\/li>\n<li>partecipare anche se non hai esperienza<\/li>\n<li>contare sul nostro supporto<\/li>\n<\/ul>\n<p>Questo \u00e8 possibile grazie alla presenza del nostro staff che cura i progetti in modo costante e accoglie le persone che come te vogliono partecipare.<br \/>\nPrevediamo una formazione iniziale e tutoraggio per tutta la durata del tuo soggiorno.<br \/>\nI progetti si svolgono tutto l&#8217;anno e ti inseriamo in base alle tue preferenze.<br \/>\nPer indicazioni pi\u00f9 dettagliate su <a href=\"https:\/\/mondify.org\/it\/come-funziona\/\">cosa fare per partire con Mondify<\/a>.[\/vc_toggle][vc_toggle title=&#8221;Quali sono i termini per l\u2019iscrizione?&#8221; color=&#8221;orange&#8221; css=&#8221;&#8221;]Siamo flessibili. L\u2019ideale \u00e8 completare l\u2019iscrizione almeno tre mesi prima della partenza.Ci sono persone che si iscrivono anche con un anno di anticipo e in questo modo hanno il tempo di pagare a rate e prepararsi al progetto; da parte nostra, in questi casi, \u00e8 pi\u00f9 semplice soddisfare eventuali richieste particolari.<br \/>\nCi sono altre persone che invece si decidono all\u2019ultimo minuto. Se sei tra queste, <a href=\"https:\/\/mondify.org\/it\/home-italiano\/#contact\">contattaci<\/a> subito e inizieremo a organizzare il tuo viaggio![\/vc_toggle][vc_toggle title=&#8221;Di quali vaccinazioni ho bisogno?&#8221; color=&#8221;orange&#8221; css=&#8221;&#8221;]Il tipo di vaccinazioni dipende dal progetto che scegli. In generale, non ci sono grosse esigenze, ma possiamo limitarci a dare solo consigli informali. Ti suggeriamo di consultare un medico o un centro specializzato.[\/vc_toggle][vc_toggle title=&#8221;Perch\u00e9 dovrei scegliere Mondify?&#8221; color=&#8221;orange&#8221; css=&#8221;&#8221;]Siamo presenti direttamente sia in Argentina che Ecuador. Seguiamo dal vivo i nostri progetti, facciamo attenzione alle esigenze delle comunit\u00e0 e monitoriamo le attivit\u00e0.<br \/>\nLa nostra presenza locale garantisce anche un maggior senso di sicurezza per te. Ti accoglieremo in aeroporto e ti seguiremo per tutta la durata del tuo soggiorno.[\/vc_toggle][vc_toggle title=&#8221;Ci sono dei costi?&#8221; color=&#8221;orange&#8221; css=&#8221;&#8221;]Ci sono dei costi di partecipazione che coprono tutte le spese organizzative e quelle in loco. In pratica, dovrai aggiungere i costi del volo e quelli dell&#8217;assicurazione.<br \/>\nConsidera che c&#8217;\u00e8 un ufficio locale e il nostro staff ti seguir\u00e0 prima del tuo arrivo e poi, una volta che sei l\u00ec, ti aiuter\u00e0 ad ambientarti e sar\u00e0 sempre a tua disposizione.<br \/>\nI costi variano in base al Paese, al progetto e alla durata del tuo soggiorno. Puoi consultarli alla pagina dedicata al <a href=\"https:\/\/mondify.org\/it\/eur-budget\/\">budget<\/a>.<br \/>\nTi basta selezionare progetto, destinazione numero di settimane, per avere un preventivo.[\/vc_toggle][vc_toggle title=&#8221;Perch\u00e9 devo pagare per fare volontariato?&#8221; color=&#8221;orange&#8221; css=&#8221;&#8221;]I costi sono necessari per garantire l\u2019organizzazione perfetta della tua esperienza.<br \/>\nCi impegniamo con professionalit\u00e0 e continuit\u00e0 nei nostri progetti. Organizzare il tuo inserimento richiede energie e risorse: consentire flessibilit\u00e0, prevedere formazione e assicurare un supporto sono possibili solo grazie al nostro staff specializzato.[\/vc_toggle][\/vc_column_inner][\/vc_row_inner][\/vc_column][\/vc_row][vc_row][vc_column]<div class=\"deeper-spacer clearfix\" data-config='{\"desktop\":100,\"mobile\":90,\"smobile\":90}'><\/div>[\/vc_column][\/vc_row][vc_row full_width=&#8221;stretch_row&#8221; bg_custom=&#8221;row-full-screen&#8221; bg_position=&#8221;center center&#8221; bg_color_one=&#8221;#3f4d9b&#8221; bg_color_two=&#8221;#3f75d9&#8243; canvas=&#8221;%5B%7B%22shape%22%3A%22shape-1%22%2C%22image_effect%22%3A%22style-1%22%2C%22smoothness%22%3A%2230%22%7D%5D&#8221; css=&#8221;.vc_custom_1721493556257{background-position: center !important;background-repeat: no-repeat !important;background-size: cover !important;}&#8221;][vc_column]<div class=\"deeper-spacer clearfix\" data-config='{\"desktop\":50,\"mobile\":60,\"smobile\":60}'><\/div><h2 class=\"deeper-text align-center \" style=\"color:#ffffff;\" ><span>Cosa succede se ho altre domande?<\/span>\n<\/h2><div class=\"deeper-text align-center \" style=\"color:#ffffff;\" ><span>Se hai una domanda o vuoi parlare con qualcuno, per favore contattaci.<\/span>\n<\/div><div class=\"deeper-spacer clearfix\" data-config='{\"desktop\":50,\"mobile\":60,\"smobile\":60}'><\/div><div class=\"url-wrap  align-center\" >\r\n\t\t\t\t\t\t<a class=\"deeper-button button-gradient-orange2 medium\" style=\"\" href=https:\/\/mondify.org\/it\/contattaci\/ >Contattaci<span class=\"hover-effect\"><\/span><\/a>\r\n\t\t\t\t\t<\/div><div class=\"deeper-spacer clearfix\" data-config='{\"desktop\":50,\"mobile\":60,\"smobile\":60}'><\/div>[\/vc_column][\/vc_row]<\/p>\n<\/div>","protected":false},"excerpt":{"rendered":"<p>[vc_row full_width=&#8221;stretch_row_content_no_spaces&#8221; canvas=&#8221;%5B%7B%22shape%22%3A%22shape-1%22%2C%22image_effect%22%3A%22style-1%22%2C%22smoothness%22%3A%2230%22%7D%5D&#8221; css=&#8221;.vc_custom_1721183152123{background-image: url(https:\/\/mondify.org\/wp-content\/uploads\/2024\/07\/bg-faq2.jpg?id=6553) !important;background-position: center !important;background-repeat: no-repeat !important;background-size: cover !important;}&#8221; el_id=&#8221;start&#8221;][vc_column][\/vc_column][\/vc_row][vc_row][vc_column][\/vc_column][\/vc_row][vc_row][vc_column][vc_row_inner][vc_column_inner width=&#8221;1\/2&#8243;][vc_toggle title=&#8221;Quali sono i progetti a cui partecipare?&#8221; color=&#8221;orange&#8221; css=&#8221;&#8221;]Siamo impegnati in progetti molto vari, sia in ambito comunitario che ambientale. Ci sono progetti di volontariato nelle scuole, insegnamento dell\u2019italiano, sport, ma anche stage sui diritti umani,<\/p>\n","protected":false},"author":2,"featured_media":0,"parent":0,"menu_order":0,"comment_status":"closed","ping_status":"closed","template":"","meta":{"footnotes":""},"class_list":["post-6596","page","type-page","status-publish","hentry"],"_links":{"self":[{"href":"https:\/\/mondify.org\/it\/wp-json\/wp\/v2\/pages\/6596","targetHints":{"allow":["GET"]}}],"collection":[{"href":"https:\/\/mondify.org\/it\/wp-json\/wp\/v2\/pages"}],"about":[{"href":"https:\/\/mondify.org\/it\/wp-json\/wp\/v2\/types\/page"}],"author":[{"embeddable":true,"href":"https:\/\/mondify.org\/it\/wp-json\/wp\/v2\/users\/2"}],"replies":[{"embeddable":true,"href":"https:\/\/mondify.org\/it\/wp-json\/wp\/v2\/comments?post=6596"}],"version-history":[{"count":0,"href":"https:\/\/mondify.org\/it\/wp-json\/wp\/v2\/pages\/6596\/revisions"}],"wp:attachment":[{"href":"https:\/\/mondify.org\/it\/wp-json\/wp\/v2\/media?parent=6596"}],"curies":[{"name":"wp","href":"https:\/\/api.w.org\/{rel}","templated":true}]}}