{"id":5504,"date":"2024-03-27T15:01:26","date_gmt":"2024-03-27T15:01:26","guid":{"rendered":"https:\/\/mondify.org\/?page_id=5504"},"modified":"2024-09-16T20:39:22","modified_gmt":"2024-09-16T20:39:22","slug":"volontariato-ambientale-alle-galapagos","status":"publish","type":"page","link":"https:\/\/mondify.org\/it\/volontariato-ambientale-alle-galapagos\/","title":{"rendered":"Volontariato ambientale e tutela degli animali alle Galapagos"},"content":{"rendered":"<div class=\"wpb-content-wrapper\"><p>[vc_row][vc_column]<div class=\"deeper-spacer clearfix\" data-config='{\"desktop\":100,\"mobile\":120,\"smobile\":120}'><\/div><h1 class=\"deeper-text align-center \" style=\"margin-bottom:30px;\" ><span>Volontariato ambientale e tutela degli animali alle Galapagos<\/span>\n<\/h1><div class=\"deeper-spacer clearfix\" data-config='{\"desktop\":50,\"mobile\":40,\"smobile\":30}'><\/div><div class=\"deeper-fancy-image reveal  lr \"   data-inviewport=\"yes\">\r\n\t\t\t\t\t\t\t<figure style=\"border-radius:10px;overflow:hidden;\"><img decoding=\"async\" alt=\"image\" src=\"https:\/\/mondify.org\/it\/wp-content\/uploads\/2024\/01\/mondify_prog_010-v2.jpg\" \/> <\/figure>\r\n\t\t\t\t\t\t<\/div><div class=\"deeper-spacer clearfix\" data-config='{\"desktop\":50,\"mobile\":40,\"smobile\":30}'><\/div>[vc_row_inner][vc_column_inner width=&#8221;2\/3&#8243; offset=&#8221;vc_col-lg-6 vc_col-md-7 vc_col-sm-offset-0&#8243;]<div class=\"deeper-text align-left \" style=\"margin-bottom:30px;\" ><span><span style=\"font-weight: 400;\">Il nostro Progetto di <\/span><b>volontariato ambientale e tutela degli animali alle Galapagos<\/b><span style=\"font-weight: 400;\"> si svolge a San Cristobal. Qui, puoi vivere in armonia con la natura e incontrare ogni tipo di animale: tartarughe giganti (compresi neonati), iguane marine, leoni marini, tantissime specie di pesci tropicali, pellicani, fenicotteri e tante altre specie di uccelli.\u00a0<\/span><\/span>\n<span><span style=\"font-weight: 400;\">In queste isole vulcaniche, l\u2019estate dura tutto l\u2019anno e i paesaggi vanno dall\u2019aspro lunare al colorato e pittoresco: spiagge di sabbia bianca e un mare cristallino in tutte le sfumature di blu, rocce di lava e cactus, insieme a incantevoli villaggi di pescatori.\u00a0<\/span><span style=\"font-weight: 400;\">Unisciti al nostro progetto di <\/span><b>tutela delle Isole Galapagos<\/b><span style=\"font-weight: 400;\"> e vivi in un paradiso famoso in tutto il mondo! Aiutaci a proteggere gli animali nel rinomato <\/span><b>Parco Nazionale delle Galapagos<\/b><span style=\"font-weight: 400;\">.<\/span><\/span>\n<\/div><div class=\"deeper-spacer clearfix\" data-config='{\"desktop\":50,\"mobile\":40,\"smobile\":30}'><\/div>[\/vc_column_inner][vc_column_inner width=&#8221;1\/3&#8243; offset=&#8221;vc_col-lg-offset-2 vc_col-lg-4 vc_col-md-offset-1 vc_col-md-4&#8243;]<div class=\"deeper-spacer clearfix\" data-config='{\"desktop\":6,\"mobile\":6,\"smobile\":6}'><\/div><h2 class=\"deeper-text align-left \" style=\"font-size:22px;line-height:35px;margin-bottom:0px;\" ><span>Date di inizio:<\/span>\n<\/h2><div class=\"deeper-text align-left \" style=\"margin-bottom:0px;\" ><span>Flessibile<\/span>\n<\/div><div class=\"deeper-spacer clearfix\" data-config='{\"desktop\":37,\"mobile\":37,\"smobile\":37}'><\/div><h2 class=\"deeper-text align-left \" style=\"font-size:22px;line-height:35px;margin-bottom:0px;\" ><span>Durata minima:<\/span>\n<\/h2><div class=\"deeper-text align-left \" style=\"margin-bottom:0px;\" ><span>2 Settimane<\/span>\n<\/div><div class=\"deeper-spacer clearfix\" data-config='{\"desktop\":37,\"mobile\":37,\"smobile\":37}'><\/div><div class=\"deeper-fancy-image simple \" style=\"border-radius:10px;overflow:hidden;\" >\r\n\t\t\t\t\t\t\t<a target=\"_blank\" href=\"https:\/\/mondify.org\/it\/it-media\/\"><img decoding=\"async\" alt=\"image\" src=\"https:\/\/mondify.org\/it\/wp-content\/uploads\/2024\/03\/Testimonianze.jpg\" \/><\/a> \r\n\t\t\t\t\t\t<\/div>[\/vc_column_inner][\/vc_row_inner][\/vc_column][\/vc_row][vc_row full_width=&#8221;stretch_row&#8221; canvas=&#8221;%5B%7B%22shape%22%3A%22shape-1%22%2C%22image_effect%22%3A%22style-1%22%2C%22smoothness%22%3A%2230%22%7D%5D&#8221; css=&#8221;.vc_custom_1592577640421{background-color: #f8f8f9 !important;}&#8221;][vc_column]<div class=\"deeper-spacer clearfix\" data-config='{\"desktop\":20,\"mobile\":20,\"smobile\":20}'><\/div>[vc_wp_text]<\/p>\n<div class=\"col-lg-12\">\n<div class=\"col-lg-12\">\n<p><b>Le attivit\u00e0 del progetto di volontariato ambientale nelle Galapagos<\/b><\/p>\n<p><span style=\"font-weight: 400;\">Collaboriamo con Projects Galapagos, che fa parte dell&#8217;organizzazione del Parco Nazionale delle Galapagos.\u00a0 Le tue attivit\u00e0 sono molto varie.<\/span><b><\/b><\/p>\n<ul>\n<li aria-level=\"1\"><b>Protezione delle tartarughe giganti<\/b><\/li>\n<\/ul>\n<p><span style=\"font-weight: 400;\">Presso il Centro di Allevamento delle Tartarughe Giganti, darai una mano per:<\/span><\/p>\n<ul>\n<li style=\"font-weight: 400;\" aria-level=\"1\"><span style=\"font-weight: 400;\">nutrire le tartarughe giganti\u00a0<\/span><\/li>\n<li style=\"font-weight: 400;\" aria-level=\"1\"><span style=\"font-weight: 400;\">coltivare e raccogliere le piante Otoy per il nutrimento delle tartarughe<\/span><\/li>\n<li style=\"font-weight: 400;\" aria-level=\"1\"><span style=\"font-weight: 400;\">manutenere i recinti\u00a0<\/span><\/li>\n<\/ul>\n<p><b>Monitoraggio degli animali selvatici<\/b><\/p>\n<p><span style=\"font-weight: 400;\">Insieme a persone esperte di scienze ambientali, ti occuperai di raccogliere dati su leoni marini, iguane e procellarie presenti nel Parco<\/span><b><\/b><\/p>\n<p><b>Sensibilizzazione e pulizia\u00a0<\/b><\/p>\n<p><span style=\"font-weight: 400;\">Parteciperai a programmi di educazione ambientale e sensibilizzare bambini e bambine alla protezione e conservazione dell\u2019ambiente.\u00a0<\/span><\/p>\n<p><span style=\"font-weight: 400;\">In pi\u00f9, collaborerai alla pulizia delle spiagge<\/span><\/p>\n<p><b>Chi pu\u00f2 partecipare al progetto di volontariato ambientale e tutela degli animali alle Galapagos<\/b><\/p>\n<p><span style=\"font-weight: 400;\">Il progetto \u00e8 aperto a chiunque abbia una passione per gli animali e la natura. Il nostro personale esperto ti guider\u00e0 e ti insegner\u00e0 tutto ci\u00f2 di cui hai bisogno per dare il tuo contributo. \u00c8 La combinazione perfetta tra teoria e lavoro fisico.<\/span><\/p>\n<p><b>Dove vivrai alle Galapagos<\/b><\/p>\n<p><span style=\"font-weight: 400;\">Vivrai a Puerto Baquerizo Moreno, la capitale, e a El Progreso, il pi\u00f9 antico villaggio delle Galapagos.\u00a0\u00a0<\/span><\/p>\n<p><span style=\"font-weight: 400;\">Alloggerai a<\/span> <span style=\"font-weight: 400;\">Puerto Baquerizo Moreno in una riserva naturale insieme ad altri volontari oppure vivrai con una famiglia locale da noi selezionata. In entrambi i casi, la gente del luogo sar\u00e0 felice di fare la tua conoscenza e introdurti alla loro cultura. Crediamo che questo sia un aspetto che ti permetta di immergerti per davvero nella vita ecuadoregna e realizzare cos\u00ec un\u2019esperienza unica.\u00a0<\/span><\/p>\n<p><span style=\"font-weight: 400;\">La tua camera sar\u00e0 semplice ma confortevole, pulita e con tutto quello di cui avrai bisogno. Il costo del programma include tre pasti al giorno.<\/span><\/p>\n<p><span style=\"font-weight: 400;\">L\u2019aeroporto di arrivo \u00e8 quello dell\u2019isola di San Cristobal (SCY) dove troverai una persona del nostro staff ad accoglierti e ad accompagnarti al tuo alloggio.<\/span><\/p>\n<p><b>Cosa fare nel tempo libero<\/b><\/p>\n<p><span style=\"font-weight: 400;\">Il Parco nazionale delle Galapagos \u00e8 famoso per la sua biodiversit\u00e0, quasi unica al mondo. L&#8217;insieme di isole ospitano una grande e meravigliosa variet\u00e0 di animali terrestri e acquatici, tra cui le famose tartarughe giganti. Partendo per uno dei nostri progetti, avrai modo di esplorare questo luogo incredibile.\u00a0<\/span><\/p>\n<p><span style=\"font-weight: 400;\">Trascorrerai il pomeriggio passeggiando lungo il <\/span><i><span style=\"font-weight: 400;\">Malec\u00f2n<\/span><\/i><span style=\"font-weight: 400;\">, osservando leoni e iguane marine, gustando un caff\u00e8 in uno dei bar o ristoranti locali, con i suoi vivaci negozi e l&#8217;iconica statua di Charles Darwin. Potrai fare delle gite in barca alle spiagge e alle isole vicine, snorkeling o immersioni, camminare lungo percorsi naturalistici fino al lago Junco sull\u2019altopiano. Anche il Centro di Interpretazione di San Crist\u00f3bal merita una visita, con le sue interessanti mostre sulla storia dell\u2019arcipelago, le sue tradizioni e la sua cultura.<\/span><\/p>\n<p><b>0Alcune buone ragioni per fare volontariato ambientale alle Galapagos con Mondify<\/b><\/p>\n<ul>\n<li style=\"font-weight: 400;\" aria-level=\"1\"><span style=\"font-weight: 400;\">Avrai accesso esclusivo al meraviglioso Parco Nazionale delle Isole Galapagos: un\u2019opportunit\u00e0 unica!<\/span><\/li>\n<li style=\"font-weight: 400;\" aria-level=\"1\"><span style=\"font-weight: 400;\">Farai la tua parte per la tutela di uno dei pi\u00f9 ricchi ecosistemi al mondo.<\/span><\/li>\n<li style=\"font-weight: 400;\" aria-level=\"1\"><span style=\"font-weight: 400;\">Conoscerai persone da tutto il mondo, che sono l\u00ec con il tuo stesso desiderio di esplorare ed essere parte attiva del cambiamento.<\/span><\/li>\n<li style=\"font-weight: 400;\" aria-level=\"1\"><span style=\"font-weight: 400;\">Lavorerai con persone esperte e imparerai molto sia dalle attivit\u00e0 sul campo che nella ricerca.<\/span><\/li>\n<\/ul>\n<p><span style=\"font-weight: 400;\">In pi\u00f9, ti troverai a vivere in un luogo di bellezza straordinaria, con paesaggi mozzafiato e il pi\u00f9 grande numero di specie animali al mondo. Approfitta di questa opportunit\u00e0 e vivi il viaggio della tua vita!<\/span><\/div>\n<\/div>\n<p>[\/vc_wp_text]<div class=\"deeper-spacer clearfix\" data-config='{\"desktop\":20,\"mobile\":20,\"smobile\":20}'><\/div>[\/vc_column][\/vc_row][vc_row full_width=&#8221;stretch_row&#8221; canvas=&#8221;%5B%7B%22shape%22%3A%22shape-1%22%2C%22image_effect%22%3A%22style-1%22%2C%22smoothness%22%3A%2230%22%7D%5D&#8221; css=&#8221;.vc_custom_1709070045306{background-color: #f8f8f9 !important;}&#8221;][vc_column][vc_row_inner][vc_column_inner width=&#8221;1\/3&#8243;]<div class=\"url-wrap  align-center\" >\r\n\t\t\t\t\t\t<a class=\"deeper-button button-accent small\" style=\"\" href=https:\/\/mondify.org\/it\/eur-budget\/ title=&quot;budget&quot; >Budget<span class=\"hover-effect\"><\/span><\/a>\r\n\t\t\t\t\t<\/div>[\/vc_column_inner][vc_column_inner width=&#8221;1\/3&#8243;]<div class=\"url-wrap  align-center\" >\r\n\t\t\t\t\t\t<a class=\"deeper-button button-gradient-orange2 medium\" style=\"\" href=https:\/\/docs.google.com\/forms\/d\/e\/1FAIpQLSfJtKldNq1SvMelN-KvE2L7ns1l51Ok7zGyyBk5DJtmKP7T-g\/viewform >Iscriviti ora<span class=\"hover-effect\"><\/span><\/a>\r\n\t\t\t\t\t<\/div>[\/vc_column_inner][vc_column_inner width=&#8221;1\/3&#8243;][vc_raw_html]JTNDZGl2JTIwc3R5bGUlM0QlMjJ0ZXh0LWFsaWduJTNBJTIwY2VudGVyJTNCJTIyJTNFJTBBJTIwJTIwJTIwJTNDYSUyMGNsYXNzJTNEJTIyZGVlcGVyLWJ1dHRvbiUyMGJ1dHRvbi1hY2NlbnQlMjBzbWFsbCUyMiUyMG9uY2xpY2slM0QlMjJoaXN0b3J5LmJhY2slMjglMjklMjIlM0VUb3JuYSUyMGluZGlldHJvJTNDJTJGYSUzRSUwQSUzQyUyRmRpdiUzRSUwQQ==[\/vc_raw_html][\/vc_column_inner][\/vc_row_inner]<div class=\"deeper-spacer clearfix\" data-config='{\"desktop\":60,\"mobile\":50,\"smobile\":40}'><\/div>[\/vc_column][\/vc_row]<\/p>\n<\/div>","protected":false},"excerpt":{"rendered":"<p>[vc_row][vc_column][vc_row_inner][vc_column_inner width=&#8221;2\/3&#8243; offset=&#8221;vc_col-lg-6 vc_col-md-7 vc_col-sm-offset-0&#8243;][\/vc_column_inner][vc_column_inner width=&#8221;1\/3&#8243; offset=&#8221;vc_col-lg-offset-2 vc_col-lg-4 vc_col-md-offset-1 vc_col-md-4&#8243;][\/vc_column_inner][\/vc_row_inner][\/vc_column][\/vc_row][vc_row full_width=&#8221;stretch_row&#8221; canvas=&#8221;%5B%7B%22shape%22%3A%22shape-1%22%2C%22image_effect%22%3A%22style-1%22%2C%22smoothness%22%3A%2230%22%7D%5D&#8221; css=&#8221;.vc_custom_1592577640421{background-color: #f8f8f9 !important;}&#8221;][vc_column][vc_wp_text] Le attivit\u00e0 del progetto di volontariato ambientale nelle Galapagos Collaboriamo con Projects Galapagos, che fa parte dell&#8217;organizzazione del Parco Nazionale delle Galapagos.\u00a0 Le tue attivit\u00e0 sono molto varie. Protezione delle tartarughe giganti Presso il Centro<\/p>\n","protected":false},"author":2,"featured_media":0,"parent":0,"menu_order":0,"comment_status":"closed","ping_status":"closed","template":"","meta":{"footnotes":""},"class_list":["post-5504","page","type-page","status-publish","hentry"],"_links":{"self":[{"href":"https:\/\/mondify.org\/it\/wp-json\/wp\/v2\/pages\/5504","targetHints":{"allow":["GET"]}}],"collection":[{"href":"https:\/\/mondify.org\/it\/wp-json\/wp\/v2\/pages"}],"about":[{"href":"https:\/\/mondify.org\/it\/wp-json\/wp\/v2\/types\/page"}],"author":[{"embeddable":true,"href":"https:\/\/mondify.org\/it\/wp-json\/wp\/v2\/users\/2"}],"replies":[{"embeddable":true,"href":"https:\/\/mondify.org\/it\/wp-json\/wp\/v2\/comments?post=5504"}],"version-history":[{"count":0,"href":"https:\/\/mondify.org\/it\/wp-json\/wp\/v2\/pages\/5504\/revisions"}],"wp:attachment":[{"href":"https:\/\/mondify.org\/it\/wp-json\/wp\/v2\/media?parent=5504"}],"curies":[{"name":"wp","href":"https:\/\/api.w.org\/{rel}","templated":true}]}}