{"id":5498,"date":"2024-03-27T14:07:18","date_gmt":"2024-03-27T14:07:18","guid":{"rendered":"https:\/\/mondify.org\/?page_id=5498"},"modified":"2024-09-16T20:39:11","modified_gmt":"2024-09-16T20:39:11","slug":"riabilitazione-delle-scimmie-urlatrici","status":"publish","type":"page","link":"https:\/\/mondify.org\/it\/riabilitazione-delle-scimmie-urlatrici\/","title":{"rendered":"Riabilitazione delle scimmie urlatrici"},"content":{"rendered":"<div class=\"wpb-content-wrapper\"><p>[vc_row][vc_column]<div class=\"deeper-spacer clearfix\" data-config='{\"desktop\":100,\"mobile\":120,\"smobile\":120}'><\/div><h1 class=\"deeper-text align-center \" style=\"margin-bottom:30px;\" ><span>Riabilitazione delle scimmie urlatrici in Cordoba, Argentina<\/span>\n<\/h1><div class=\"deeper-spacer clearfix\" data-config='{\"desktop\":50,\"mobile\":40,\"smobile\":30}'><\/div><div class=\"deeper-fancy-image reveal  lr \"   data-inviewport=\"yes\">\r\n\t\t\t\t\t\t\t<figure style=\"border-radius:10px;overflow:hidden;\"><img decoding=\"async\" alt=\"image\" src=\"https:\/\/mondify.org\/it\/wp-content\/uploads\/2023\/12\/mondify_prog_010-v2.jpg\" \/> <\/figure>\r\n\t\t\t\t\t\t<\/div><div class=\"deeper-spacer clearfix\" data-config='{\"desktop\":50,\"mobile\":40,\"smobile\":30}'><\/div>[vc_row_inner][vc_column_inner width=&#8221;2\/3&#8243; offset=&#8221;vc_col-lg-6 vc_col-md-7 vc_col-sm-offset-0&#8243;]<div class=\"deeper-text align-left \" style=\"margin-bottom:0px;\" ><span><span style=\"font-weight: 400;\">Il progetto di <\/span><b>volontariato per la riabilitazione delle scimmie urlatrici in Argentina<\/b><span style=\"font-weight: 400;\"> si svolge nella riserva naturale Tiu Mayu, circondata dal verde della splendida Sierra di Cordoba. Pi\u00f9 morbida rispetto alle vicine Ande e non lontana dalla vivace citt\u00e0 di Cordoba, si tratta di un luogo accogliente in cui lasciarsi stupire dalla meraviglia della natura e sentire forte il desiderio di prendersene cura. Nella riserva di Tiu Mayu, ci sono montagne, foreste e fiumi da esplorare. In pi\u00f9, qui si trova l\u2019unico centro di primati in Argentina e il solo centro al mondo che si dedica alle scimmie urlatrici. Il rifugio \u00e8 stato riconosciuto dall\u2019Istituto Jane Goodall e rappresenta l\u2019Argentina per il Great Ape Project.<\/span><\/span>\n<span><span style=\"font-weight: 400;\">Unisciti a noi e dai una mano per la riabilitazione delle scimmie urlatrici e altri animali selvatici salvati dal traffico illegale.<\/span><\/span>\n<\/div><div class=\"deeper-spacer clearfix\" data-config='{\"desktop\":50,\"mobile\":40,\"smobile\":30}'><\/div>[\/vc_column_inner][vc_column_inner width=&#8221;1\/3&#8243; offset=&#8221;vc_col-lg-offset-2 vc_col-lg-4 vc_col-md-offset-1 vc_col-md-4&#8243;]<div class=\"deeper-spacer clearfix\" data-config='{\"desktop\":6,\"mobile\":6,\"smobile\":6}'><\/div><h2 class=\"deeper-text align-left \" style=\"font-size:22px;line-height:35px;margin-bottom:0px;\" ><span>Date di inizio:<\/span>\n<\/h2><div class=\"deeper-text align-left \" style=\"margin-bottom:0px;\" ><span>Flessibile<\/span>\n<\/div><div class=\"deeper-spacer clearfix\" data-config='{\"desktop\":37,\"mobile\":37,\"smobile\":37}'><\/div><h2 class=\"deeper-text align-left \" style=\"font-size:22px;line-height:35px;margin-bottom:0px;\" ><span>Durata minima:<\/span>\n<\/h2><div class=\"deeper-text align-left \" style=\"margin-bottom:0px;\" ><span>2 Settimane<\/span>\n<\/div><div class=\"deeper-spacer clearfix\" data-config='{\"desktop\":37,\"mobile\":37,\"smobile\":37}'><\/div><div class=\"deeper-fancy-image simple \" style=\"border-radius:10px;overflow:hidden;\" >\r\n\t\t\t\t\t\t\t<a target=\"_blank\" href=\"https:\/\/mondify.org\/it\/it-media\/\"><img decoding=\"async\" alt=\"image\" src=\"https:\/\/mondify.org\/it\/wp-content\/uploads\/2024\/03\/Testimonianze.jpg\" \/><\/a> \r\n\t\t\t\t\t\t<\/div>[\/vc_column_inner][\/vc_row_inner][\/vc_column][\/vc_row][vc_row full_width=&#8221;stretch_row&#8221; canvas=&#8221;%5B%7B%22shape%22%3A%22shape-1%22%2C%22image_effect%22%3A%22style-1%22%2C%22smoothness%22%3A%2230%22%7D%5D&#8221; css=&#8221;.vc_custom_1592577640421{background-color: #f8f8f9 !important;}&#8221;][vc_column]<div class=\"deeper-spacer clearfix\" data-config='{\"desktop\":20,\"mobile\":20,\"smobile\":20}'><\/div>[vc_wp_text]<\/p>\n<div class=\"col-lg-12\">\n<p><b>Le attivit\u00e0 del Progetto di Riabilitazione delle Scimmie Urlatrici in Argentina<\/b><\/p>\n<p><span style=\"font-weight: 400;\">Le attivit\u00e0 da svolgere sono tantissime, tutte con l\u2019obiettivo di <\/span><b>salvare e riabilitare animali selvatici<\/b><span style=\"font-weight: 400;\">. Il centro accoglie soprattutto scimmie urlatrici, ma ci sono anche puma, altri animali selvatici e cani abbandonati. <\/span><span style=\"font-weight: 400;\"><br \/>\n<\/span><span style=\"font-weight: 400;\">Le tre principali aree di lavoro sono:<\/span><\/p>\n<ul>\n<li style=\"font-weight: 400;\" aria-level=\"1\"><span style=\"font-weight: 400;\">riabilitazione degli animali, talvolta impegnandosi per la socializzazione,<\/span><\/li>\n<li style=\"font-weight: 400;\" aria-level=\"1\"><span style=\"font-weight: 400;\">alimentazione degli animali,<\/span><\/li>\n<li style=\"font-weight: 400;\" aria-level=\"1\"><span style=\"font-weight: 400;\">manutenzione dei recinti.<\/span><\/li>\n<\/ul>\n<p><span style=\"font-weight: 400;\">Grazie a un programma di riabilitazione fisica, psicologica e sociale, studiato in modo accurato, giorno dopo giorno, potrai vivere l\u2019esperienza intensa di vedere questi animali tornare a essere selvatici dopo essere stati strappati dal loro habitat naturale. Affiancherai persone esperte che sapranno mostrarti come prenderti cura degli animali in queste circostanze.\u00a0<\/span><\/p>\n<p><b>Chi pu\u00f2 partecipare al progetto di volontariato con gli animali in Argentina<\/b><\/p>\n<p><span style=\"font-weight: 400;\">Questo \u00e8 il progetto ideale se hai interesse per conservazione, zoologia, biologia o scienze naturali. <\/span><span style=\"font-weight: 400;\"><br \/>\n<\/span><span style=\"font-weight: 400;\">Per partecipare, non sono richiesti requisiti specifici. Tutto quello che ci vuole \u00e8 che ti senta a tuo agio anche se dovrai sporcarti le mani e lasciare momentaneamente alcuni dei confort di casa.<\/span><\/p>\n<p><b>Dove vivrai in Argentina<\/b><\/p>\n<p><span style=\"font-weight: 400;\">Vivrai all\u2019interno della riserva naturale di Tiu Mayu con altre persone che partecipano al progetto: un\u2019ottima occasione per conoscersi meglio, fare amicizia, condividere esperienze e andare in giro nei dintorni. L\u2019alloggio \u00e8 piuttosto rustico, ma sicuro, pulito e confortevole. <\/span><span style=\"font-weight: 400;\"><br \/>\n<\/span><span style=\"font-weight: 400;\">Sono previsti tre pasti al giorno.<\/span><\/p>\n<p><span style=\"font-weight: 400;\">Il centro pi\u00f9 vicino \u00e8 La Cumbre, una cittadina molto suggestiva che dista circa 11 km. Ci sono montagne, fiumi, cascate e foreste: tanta bellezza da esplorare nella Riserva Naturale Tiu Mayu.<\/span><\/p>\n<p><span style=\"font-weight: 400;\">Da qui, \u00e8 possibile raggiungere facilmente in autobus la citt\u00e0 di Cordoba, che si trova circa 70 km a sud.<\/span><\/p>\n<p><span style=\"font-weight: 400;\">Per questo progetto, dovresti arrivare all\u2019Aeroporto Internazionale di C\u00f3rdoba (COR) dove troverai persona del nostro staff ad aspettarti.<\/span><\/p>\n<p><b>Cosa fare nel tempo libero<\/b><\/p>\n<p><span style=\"font-weight: 400;\">Oltre a dare il tuo contributo ad un progetto con un forte impatto, avrai l\u2019opportunit\u00e0 di esplorare l\u2019Argentina.<\/span><\/p>\n<p><span style=\"font-weight: 400;\">La Cumbre \u00e8 il punto di partenza perfetto. Puoi fare una passeggiata a cavallo o trekking lungo sentieri montuosi di una bellezza estasiante.\u00a0<\/span><\/p>\n<p><span style=\"font-weight: 400;\">Nel tempo libero, potresti andare a C\u00f3rdoba, una citt\u00e0 con pi\u00f9 di due milioni di abitanti e con ben cinque universit\u00e0. La citt\u00e0 perfetta per le persone giovani. Potrai visitare il Museo delle Arti Evita o il Teatro del <\/span><i><span style=\"font-weight: 400;\">Libertador General San Mart\u00edn<\/span><\/i><span style=\"font-weight: 400;\">, o ancora il mercato delle pulci di G\u00fcemes.<\/span><\/p>\n<p><span style=\"font-weight: 400;\">Quasi certamente, troverai l\u00ec altri volontari con cui andare in giro, se ti va.\u00a0<\/span><\/p>\n<p><b>Alcune buone ragioni per unirti al progetto di Riabilitazione delle Scimmie Urlatrici in Argentina<\/b><\/p>\n<p><span style=\"font-weight: 400;\">\u00c8 l\u2019opportunit\u00e0 unica nella vita per:<\/span><\/p>\n<ul>\n<li style=\"font-weight: 400;\" aria-level=\"1\"><span style=\"font-weight: 400;\">fare volontariato con animali selvatici all\u2019estero e vivere in un rifugio,<\/span><\/li>\n<li style=\"font-weight: 400;\" aria-level=\"1\"><span style=\"font-weight: 400;\">fare amicizia con persone da tutto il mondo, con cui condividi un interesse forte,<\/span><\/li>\n<li style=\"font-weight: 400;\" aria-level=\"1\"><span style=\"font-weight: 400;\">contare sul supporto costante da parte dello staff.<\/span><\/li>\n<\/ul>\n<p><span style=\"font-weight: 400;\">Inoltre, ti troverai a vivere in una splendida riserva naturale, vicino a una citt\u00e0 vivace e interessante.\u00a0<\/span><\/div>\n<p>[\/vc_wp_text]<div class=\"deeper-spacer clearfix\" data-config='{\"desktop\":20,\"mobile\":20,\"smobile\":20}'><\/div>[\/vc_column][\/vc_row][vc_row full_width=&#8221;stretch_row&#8221; canvas=&#8221;%5B%7B%22shape%22%3A%22shape-1%22%2C%22image_effect%22%3A%22style-1%22%2C%22smoothness%22%3A%2230%22%7D%5D&#8221; css=&#8221;.vc_custom_1709070045306{background-color: #f8f8f9 !important;}&#8221;][vc_column][vc_row_inner][vc_column_inner width=&#8221;1\/3&#8243;]<div class=\"url-wrap  align-center\" >\r\n\t\t\t\t\t\t<a class=\"deeper-button button-accent small\" style=\"\" href=https:\/\/mondify.org\/it\/eur-budget\/ title=&quot;budget&quot; >Budget<span class=\"hover-effect\"><\/span><\/a>\r\n\t\t\t\t\t<\/div>[\/vc_column_inner][vc_column_inner width=&#8221;1\/3&#8243;]<div class=\"url-wrap  align-center\" >\r\n\t\t\t\t\t\t<a class=\"deeper-button button-gradient-orange2 medium\" style=\"\" href=https:\/\/docs.google.com\/forms\/d\/e\/1FAIpQLSfJtKldNq1SvMelN-KvE2L7ns1l51Ok7zGyyBk5DJtmKP7T-g\/viewform >Iscriviti ora<span class=\"hover-effect\"><\/span><\/a>\r\n\t\t\t\t\t<\/div>[\/vc_column_inner][vc_column_inner width=&#8221;1\/3&#8243;][vc_raw_html]JTNDZGl2JTIwc3R5bGUlM0QlMjJ0ZXh0LWFsaWduJTNBJTIwY2VudGVyJTNCJTIyJTNFJTBBJTIwJTIwJTIwJTNDYSUyMGNsYXNzJTNEJTIyZGVlcGVyLWJ1dHRvbiUyMGJ1dHRvbi1hY2NlbnQlMjBzbWFsbCUyMiUyMG9uY2xpY2slM0QlMjJoaXN0b3J5LmJhY2slMjglMjklMjIlM0VUb3JuYSUyMGluZGlldHJvJTNDJTJGYSUzRSUwQSUzQyUyRmRpdiUzRSUwQQ==[\/vc_raw_html][\/vc_column_inner][\/vc_row_inner]<div class=\"deeper-spacer clearfix\" data-config='{\"desktop\":60,\"mobile\":50,\"smobile\":40}'><\/div>[\/vc_column][\/vc_row]<\/p>\n<\/div>","protected":false},"excerpt":{"rendered":"<p>[vc_row][vc_column][vc_row_inner][vc_column_inner width=&#8221;2\/3&#8243; offset=&#8221;vc_col-lg-6 vc_col-md-7 vc_col-sm-offset-0&#8243;][\/vc_column_inner][vc_column_inner width=&#8221;1\/3&#8243; offset=&#8221;vc_col-lg-offset-2 vc_col-lg-4 vc_col-md-offset-1 vc_col-md-4&#8243;][\/vc_column_inner][\/vc_row_inner][\/vc_column][\/vc_row][vc_row full_width=&#8221;stretch_row&#8221; canvas=&#8221;%5B%7B%22shape%22%3A%22shape-1%22%2C%22image_effect%22%3A%22style-1%22%2C%22smoothness%22%3A%2230%22%7D%5D&#8221; css=&#8221;.vc_custom_1592577640421{background-color: #f8f8f9 !important;}&#8221;][vc_column][vc_wp_text] Le attivit\u00e0 del Progetto di Riabilitazione delle Scimmie Urlatrici in Argentina Le attivit\u00e0 da svolgere sono tantissime, tutte con l\u2019obiettivo di salvare e riabilitare animali selvatici. Il centro accoglie soprattutto scimmie urlatrici, ma ci sono<\/p>\n","protected":false},"author":2,"featured_media":0,"parent":0,"menu_order":0,"comment_status":"closed","ping_status":"closed","template":"","meta":{"footnotes":""},"class_list":["post-5498","page","type-page","status-publish","hentry"],"_links":{"self":[{"href":"https:\/\/mondify.org\/it\/wp-json\/wp\/v2\/pages\/5498","targetHints":{"allow":["GET"]}}],"collection":[{"href":"https:\/\/mondify.org\/it\/wp-json\/wp\/v2\/pages"}],"about":[{"href":"https:\/\/mondify.org\/it\/wp-json\/wp\/v2\/types\/page"}],"author":[{"embeddable":true,"href":"https:\/\/mondify.org\/it\/wp-json\/wp\/v2\/users\/2"}],"replies":[{"embeddable":true,"href":"https:\/\/mondify.org\/it\/wp-json\/wp\/v2\/comments?post=5498"}],"version-history":[{"count":0,"href":"https:\/\/mondify.org\/it\/wp-json\/wp\/v2\/pages\/5498\/revisions"}],"wp:attachment":[{"href":"https:\/\/mondify.org\/it\/wp-json\/wp\/v2\/media?parent=5498"}],"curies":[{"name":"wp","href":"https:\/\/api.w.org\/{rel}","templated":true}]}}