{"id":5495,"date":"2024-03-27T13:23:40","date_gmt":"2024-03-27T13:23:40","guid":{"rendered":"https:\/\/mondify.org\/?page_id=5495"},"modified":"2024-09-16T20:39:06","modified_gmt":"2024-09-16T20:39:06","slug":"tutela-di-balene-e-puma-in-patagonia","status":"publish","type":"page","link":"https:\/\/mondify.org\/it\/tutela-di-balene-e-puma-in-patagonia\/","title":{"rendered":"Tutela di balene e puma in Patagonia"},"content":{"rendered":"<div class=\"wpb-content-wrapper\"><p>[vc_row][vc_column]<div class=\"deeper-spacer clearfix\" data-config='{\"desktop\":100,\"mobile\":120,\"smobile\":120}'><\/div><h1 class=\"deeper-text align-center \" style=\"margin-bottom:30px;\" ><span>Tutela di balene e puma in Patagonia, Argentina<\/span>\n<\/h1><div class=\"deeper-spacer clearfix\" data-config='{\"desktop\":50,\"mobile\":40,\"smobile\":30}'><\/div><div class=\"deeper-fancy-image reveal  lr \"   data-inviewport=\"yes\">\r\n\t\t\t\t\t\t\t<figure style=\"border-radius:10px;overflow:hidden;\"><img decoding=\"async\" alt=\"image\" src=\"https:\/\/mondify.org\/it\/wp-content\/uploads\/2023\/12\/mondify_prog_009-v2.jpg\" \/> <\/figure>\r\n\t\t\t\t\t\t<\/div><div class=\"deeper-spacer clearfix\" data-config='{\"desktop\":50,\"mobile\":40,\"smobile\":30}'><\/div>[vc_row_inner][vc_column_inner width=&#8221;2\/3&#8243; offset=&#8221;vc_col-lg-6 vc_col-md-7 vc_col-sm-offset-0&#8243;]<div class=\"deeper-text align-left \" style=\"margin-bottom:30px;\" ><span>Il progetto si svolge nella splendida riserva faunistica &#8220;La Esperanza&#8221;, sulla costa della Patagonia, dove vivono i volontari e le volontarie.<\/span>\n<\/div><div class=\"deeper-text align-left \" style=\"margin-bottom:0px;\" ><span>Silenzio maestoso e distese spaziose. Maras e guanachi lungo la strada. Alberi piegati dal vento. Cielo vasto e tramonti rossi, terra selvaggia e mare blu scuro. La luce \u00e8 bellissima e l&#8217;aria \u00e8 limpida e fresca. Immagina di trovarti in mezzo alla natura con i suoi suoni e paesaggi senza tempo.<br \/>\nUnisciti al nostro progetto di volontariato ambientale in Patagonia, Argentina, per vivere in una riserva naturale, contribuire alla salvaguardia di un ecosistema unico e soprattutto per dare una mano alla tutela di balene e puma.<\/span>\n<\/div><div class=\"deeper-spacer clearfix\" data-config='{\"desktop\":50,\"mobile\":40,\"smobile\":30}'><\/div>[\/vc_column_inner][vc_column_inner width=&#8221;1\/3&#8243; offset=&#8221;vc_col-lg-offset-2 vc_col-lg-4 vc_col-md-offset-1 vc_col-md-4&#8243;]<div class=\"deeper-spacer clearfix\" data-config='{\"desktop\":6,\"mobile\":6,\"smobile\":6}'><\/div><h2 class=\"deeper-text align-left \" style=\"font-size:22px;line-height:35px;margin-bottom:0px;\" ><span>Date di inizio:<\/span>\n<\/h2><div class=\"deeper-text align-left \" style=\"margin-bottom:0px;\" ><span>Flessibile<\/span>\n<\/div><div class=\"deeper-spacer clearfix\" data-config='{\"desktop\":37,\"mobile\":37,\"smobile\":37}'><\/div><h2 class=\"deeper-text align-left \" style=\"font-size:22px;line-height:35px;margin-bottom:0px;\" ><span>Durata minima:<\/span>\n<\/h2><div class=\"deeper-text align-left \" style=\"margin-bottom:0px;\" ><span>1 settimana<\/span>\n<\/div><div class=\"deeper-spacer clearfix\" data-config='{\"desktop\":37,\"mobile\":37,\"smobile\":37}'><\/div><div class=\"deeper-fancy-image simple \" style=\"border-radius:10px;overflow:hidden;\" >\r\n\t\t\t\t\t\t\t<a target=\"_blank\" href=\"https:\/\/mondify.org\/it\/it-media\/\"><img decoding=\"async\" alt=\"image\" src=\"https:\/\/mondify.org\/it\/wp-content\/uploads\/2024\/03\/Testimonianze.jpg\" \/><\/a> \r\n\t\t\t\t\t\t<\/div>[\/vc_column_inner][\/vc_row_inner][\/vc_column][\/vc_row][vc_row full_width=&#8221;stretch_row&#8221; canvas=&#8221;%5B%7B%22shape%22%3A%22shape-1%22%2C%22image_effect%22%3A%22style-1%22%2C%22smoothness%22%3A%2230%22%7D%5D&#8221; css=&#8221;.vc_custom_1592577640421{background-color: #f8f8f9 !important;}&#8221;][vc_column]<div class=\"deeper-spacer clearfix\" data-config='{\"desktop\":20,\"mobile\":20,\"smobile\":20}'><\/div>[vc_wp_text]<b>Le attivit\u00e0 del progetto di volontariato ambientale in Patagonia<\/b><\/p>\n<p><span style=\"font-weight: 400;\">Le attivit\u00e0 in cui impegnarti per il progetto di volontariato ambientale in Patagonia sono tante e molto varie. Soprattutto, ci impegniamo per la tutela di balene e puma.<\/span><\/p>\n<p><b>Tutela di balene e puma<\/b><\/p>\n<ul>\n<li style=\"font-weight: 400;\" aria-level=\"1\"><span style=\"font-weight: 400;\">partecipare ai censimenti stagionali su leoni marini e balene australi,\u00a0<\/span><\/li>\n<li style=\"font-weight: 400;\" aria-level=\"1\"><span style=\"font-weight: 400;\">studiare la popolazione locale di puma e guanachi\u00a0<\/span><\/li>\n<\/ul>\n<p><b>Ecosistema in Patagonia<\/b><\/p>\n<h4><img loading=\"lazy\" decoding=\"async\" class=\"aligncenter\" src=\"https:\/\/mondify.org\/wp-content\/uploads\/2023\/12\/calendariofaunai.jpg\" alt=\"\" width=\"623\" height=\"309\" \/><\/h4>\n<ul>\n<li style=\"font-weight: 400;\" aria-level=\"1\"><span style=\"font-weight: 400;\">studiare la popolazione locale di guanachi<\/span><\/li>\n<li style=\"font-weight: 400;\" aria-level=\"1\"><span style=\"font-weight: 400;\">studiare le nuove popolazioni di Maras dopo gli incendi<\/span><\/li>\n<li style=\"font-weight: 400;\" aria-level=\"1\"><span style=\"font-weight: 400;\">fare censimenti stagionali dei leoni marini<\/span><\/li>\n<li style=\"font-weight: 400;\" aria-level=\"1\"><span style=\"font-weight: 400;\">dare una mano alle attivit\u00e0 di manutenzione periodica, mantenimento degli impianti e dei sentieri della riserva<\/span><\/li>\n<\/ul>\n<p><span style=\"font-weight: 400;\">Tutte queste ricerche e attivit\u00e0 sono vitali per comprendere il comportamento degli animali e i cambiamenti, e contribuire cos\u00ec alla tutela ambientale.\u00a0<\/span><\/p>\n<p><span style=\"font-weight: 400;\">Il momento migliore per avvistare le balene australi \u00e8 tra la fine di maggio e l\u2019inizio di dicembre, quando questi giganti marini si avvicinano alle coste pi\u00f9 calde e tranquille per accoppiarsi e partorire. Tuttavia, ci sono moltissimi animali e attivit\u00e0 da fare in qualsiasi momento dell\u2019anno.<\/span><\/p>\n<p><b>Chi pu\u00f2 partecipare al progetto di tutela di balene e puma in Patagonia<\/b><\/p>\n<p><span style=\"font-weight: 400;\">Questo programma \u00e8 l\u2019ideale per chiunque ami la natura e le attivit\u00e0 all\u2019aria aperta. Lavorerai con persone esperte per monitorare le specie minacciate o in via di estinzione, incluse balene e puma.<\/span><\/p>\n<p><span style=\"font-weight: 400;\">Si tratta di un\u2019opportunit\u00e0 grandiosa se hai in mente di intraprendere gli studi ambientali. Arricchirai il tuo cv con esperienza concreta e in pi\u00f9 avrai un sacco di aneddoti da raccontare durante i tuoi colloqui di lavoro.<\/span><\/p>\n<p><b>Dove vivrai in Patagonia<\/b><\/p>\n<p><span style=\"font-weight: 400;\">Lavorerai nella riserva naturale &#8220;La Esperanza&#8221;, 80 km a nord della citt\u00e0 di Puerto Madryn. Con una superficie di 6.700 ettari e 12 km di costa sul golfo di San Mattia nell\u2019oceano Atlantico del sud, \u00e8 rifugio per guanachi, puma, leoni marini e altre specie durante tutto l\u2019anno. Ogni anno, nella stagione giusta, \u00e8 possibile ammirare balene australi, orche, megattere e delfini.<\/span><\/p>\n<p><span style=\"font-weight: 400;\">Condividerai l\u2019alloggio nella Riserva con altre persone che come te partecipano al progetto di tutela ambientale. Sar\u00e0 un\u2019occasione unica per stringere amicizie in tutto il mondo, condividere un\u2019esperienza tanto intensa ed esplorare i dintorni in compagnia. <\/span><span style=\"font-weight: 400;\"><br \/>\n<\/span><span style=\"font-weight: 400;\">L\u2019alloggio \u00e8 sicuro, pulito e confortevole. Sono previsti tre pasti al giorno.<\/span><\/p>\n<p><span style=\"font-weight: 400;\">Puerto Madryn si trova a nord ovest della provincia di Chubut in Argentina, sulle rive del Golfo Nuevo. \u00c8 considerate una porta per la Penisola Vald\u00e9s, dichiarata Patrimonio dell\u2019Umanit\u00e0 dalle Nazioni Unite nel 1999 e Riserva della Biosfera nel 2015. Qui \u00e8 dove vedrai pi\u00f9 balene.\u00a0 (Puerto Madryn \u00e8 anche la capitale nazionale delle immersioni).<\/span><\/p>\n<p><span style=\"font-weight: 400;\">L\u2019aeroporto di arrivo ideale \u00e8 El Tehuelche (PMY) di Puerto Madryn. In alternativa, pu\u00f2 andar bena anche l\u2019Aeroporto Marcos A Zar di Trelew. <\/span><span style=\"font-weight: 400;\"><br \/>\n<\/span><span style=\"font-weight: 400;\">In entrambi i casi, una persona del nostro staff sar\u00e0 l\u00ec ad accoglierti.\u00a0<\/span><\/p>\n<p><b>Cosa fare nel tempo libero<\/b><\/p>\n<p><span style=\"font-weight: 400;\">Nei fine settimana, avrai abbastanza tempo per viaggiare nella parte settentrionale della Patagonia argentina.<\/span><\/p>\n<p><span style=\"font-weight: 400;\">Nella Penisola Valdes, Patrimonio dell\u2019Umanit\u00e0, potrai ammirare balene, pinguini e orche nel loro habitat naturale. Un altro posto interessante da visitare \u00e8 Punta Tombo, una colonia che ospita pi\u00f9 di mezzo milione di pinguini.<\/span><\/p>\n<p><span style=\"font-weight: 400;\">Non perdere l\u2019occasione di fare immersioni. Puerto Madryn \u00e8 la capitale del diving. Potrai immergerti con cuccioli di leoni marini ed esplorare navi affondate. La citt\u00e0 \u00e8 piena di ristoranti e musei da visitare durante il giorno.<\/span><\/p>\n<p><span style=\"font-weight: 400;\">Potresti anche fare escursioni alla <\/span><i><span style=\"font-weight: 400;\">Chubut River Valley<\/span><\/i><span style=\"font-weight: 400;\">, dove imparerai un sacco di cose sulle colonie gallesi. In pi\u00f9, potrai visitare il pi\u00f9 importante museo paleontologico del Paese.<\/span><\/p>\n<p><b>Quattro buone ragioni per fare volontariato ambientale in Patagonia<\/b><\/p>\n<ul>\n<li style=\"font-weight: 400;\" aria-level=\"1\"><span style=\"font-weight: 400;\">Contribuire alla tutela di flora e fauna di un ecosistema incredibile.<\/span><\/li>\n<li style=\"font-weight: 400;\" aria-level=\"1\"><span style=\"font-weight: 400;\">Imparare molto sulla natura e sulla tutela attraverso attivit\u00e0 pratiche.<\/span><\/li>\n<li style=\"font-weight: 400;\" aria-level=\"1\"><span style=\"font-weight: 400;\">Incontrare persone da tutto il mondo.<\/span><\/li>\n<li style=\"font-weight: 400;\" aria-level=\"1\"><span style=\"font-weight: 400;\">Poter contare sul supporto costante da parte del nostro staff e delle persone esperte in materie ambientali.<\/span><\/li>\n<\/ul>\n<p><span style=\"font-weight: 400;\">In pi\u00f9, un viaggio di volontariato in Patagonia \u00e8 un viaggio ai confini del mondo, dove terra e mare sembrano smisurati. Ti troverai in un luogo pieno di meraviglie, natura e sorprese. Un viaggio che cambier\u00e0 la tua vita.\u00a0<\/span>[\/vc_wp_text]<div class=\"deeper-spacer clearfix\" data-config='{\"desktop\":20,\"mobile\":20,\"smobile\":20}'><\/div>[\/vc_column][\/vc_row][vc_row full_width=&#8221;stretch_row&#8221; canvas=&#8221;%5B%7B%22shape%22%3A%22shape-1%22%2C%22image_effect%22%3A%22style-1%22%2C%22smoothness%22%3A%2230%22%7D%5D&#8221; css=&#8221;.vc_custom_1709070045306{background-color: #f8f8f9 !important;}&#8221;][vc_column][vc_row_inner][vc_column_inner width=&#8221;1\/3&#8243;]<div class=\"url-wrap  align-center\" >\r\n\t\t\t\t\t\t<a class=\"deeper-button button-accent small\" style=\"\" href=https:\/\/mondify.org\/it\/eur-budget\/ title=&quot;budget&quot; >Budget<span class=\"hover-effect\"><\/span><\/a>\r\n\t\t\t\t\t<\/div>[\/vc_column_inner][vc_column_inner width=&#8221;1\/3&#8243;]<div class=\"url-wrap  align-center\" >\r\n\t\t\t\t\t\t<a class=\"deeper-button button-gradient-orange2 medium\" style=\"\" href=https:\/\/docs.google.com\/forms\/d\/e\/1FAIpQLSfJtKldNq1SvMelN-KvE2L7ns1l51Ok7zGyyBk5DJtmKP7T-g\/viewform >Iscriviti ora<span class=\"hover-effect\"><\/span><\/a>\r\n\t\t\t\t\t<\/div>[\/vc_column_inner][vc_column_inner width=&#8221;1\/3&#8243;][vc_raw_html]JTNDZGl2JTIwc3R5bGUlM0QlMjJ0ZXh0LWFsaWduJTNBJTIwY2VudGVyJTNCJTIyJTNFJTBBJTIwJTIwJTIwJTNDYSUyMGNsYXNzJTNEJTIyZGVlcGVyLWJ1dHRvbiUyMGJ1dHRvbi1hY2NlbnQlMjBzbWFsbCUyMiUyMG9uY2xpY2slM0QlMjJoaXN0b3J5LmJhY2slMjglMjklMjIlM0VUb3JuYSUyMGluZGlldHJvJTNDJTJGYSUzRSUwQSUzQyUyRmRpdiUzRSUwQQ==[\/vc_raw_html][\/vc_column_inner][\/vc_row_inner]<div class=\"deeper-spacer clearfix\" data-config='{\"desktop\":60,\"mobile\":50,\"smobile\":40}'><\/div>[\/vc_column][\/vc_row]<\/p>\n<\/div>","protected":false},"excerpt":{"rendered":"<p>[vc_row][vc_column][vc_row_inner][vc_column_inner width=&#8221;2\/3&#8243; offset=&#8221;vc_col-lg-6 vc_col-md-7 vc_col-sm-offset-0&#8243;][\/vc_column_inner][vc_column_inner width=&#8221;1\/3&#8243; offset=&#8221;vc_col-lg-offset-2 vc_col-lg-4 vc_col-md-offset-1 vc_col-md-4&#8243;][\/vc_column_inner][\/vc_row_inner][\/vc_column][\/vc_row][vc_row full_width=&#8221;stretch_row&#8221; canvas=&#8221;%5B%7B%22shape%22%3A%22shape-1%22%2C%22image_effect%22%3A%22style-1%22%2C%22smoothness%22%3A%2230%22%7D%5D&#8221; css=&#8221;.vc_custom_1592577640421{background-color: #f8f8f9 !important;}&#8221;][vc_column][vc_wp_text]Le attivit\u00e0 del progetto di volontariato ambientale in Patagonia Le attivit\u00e0 in cui impegnarti per il progetto di volontariato ambientale in Patagonia sono tante e molto varie. Soprattutto, ci impegniamo per la tutela di balene e<\/p>\n","protected":false},"author":2,"featured_media":0,"parent":0,"menu_order":0,"comment_status":"closed","ping_status":"closed","template":"","meta":{"footnotes":""},"class_list":["post-5495","page","type-page","status-publish","hentry"],"_links":{"self":[{"href":"https:\/\/mondify.org\/it\/wp-json\/wp\/v2\/pages\/5495","targetHints":{"allow":["GET"]}}],"collection":[{"href":"https:\/\/mondify.org\/it\/wp-json\/wp\/v2\/pages"}],"about":[{"href":"https:\/\/mondify.org\/it\/wp-json\/wp\/v2\/types\/page"}],"author":[{"embeddable":true,"href":"https:\/\/mondify.org\/it\/wp-json\/wp\/v2\/users\/2"}],"replies":[{"embeddable":true,"href":"https:\/\/mondify.org\/it\/wp-json\/wp\/v2\/comments?post=5495"}],"version-history":[{"count":0,"href":"https:\/\/mondify.org\/it\/wp-json\/wp\/v2\/pages\/5495\/revisions"}],"wp:attachment":[{"href":"https:\/\/mondify.org\/it\/wp-json\/wp\/v2\/media?parent=5495"}],"curies":[{"name":"wp","href":"https:\/\/api.w.org\/{rel}","templated":true}]}}