{"id":5453,"date":"2024-03-26T13:06:26","date_gmt":"2024-03-26T13:06:26","guid":{"rendered":"https:\/\/mondify.org\/?page_id=5453"},"modified":"2024-09-16T20:36:17","modified_gmt":"2024-09-16T20:36:17","slug":"stage-diritti-umani-in-argentina","status":"publish","type":"page","link":"https:\/\/mondify.org\/it\/stage-diritti-umani-in-argentina\/","title":{"rendered":"Diritti Umani"},"content":{"rendered":"<div class=\"wpb-content-wrapper\"><p>[vc_row][vc_column]<div class=\"deeper-spacer clearfix\" data-config='{\"desktop\":100,\"mobile\":120,\"smobile\":120}'><\/div><h1 class=\"deeper-text align-center \" style=\"margin-bottom:30px;\" ><span>Stage sui diritti umani in Argentina con Mondify<\/span>\n<\/h1><div class=\"deeper-spacer clearfix\" data-config='{\"desktop\":50,\"mobile\":40,\"smobile\":30}'><\/div><div class=\"deeper-fancy-image reveal  lr \"   data-inviewport=\"yes\">\r\n\t\t\t\t\t\t\t<figure style=\"border-radius:10px;overflow:hidden;\"><img decoding=\"async\" alt=\"image\" src=\"https:\/\/mondify.org\/it\/wp-content\/uploads\/2023\/12\/mondify_prog_001-v2.jpg\" \/> <\/figure>\r\n\t\t\t\t\t\t<\/div><div class=\"deeper-spacer clearfix\" data-config='{\"desktop\":50,\"mobile\":40,\"smobile\":30}'><\/div>[vc_row_inner][vc_column_inner width=&#8221;2\/3&#8243; offset=&#8221;vc_col-lg-6 vc_col-md-7 vc_col-sm-offset-0&#8243;]<div class=\"deeper-text align-left \" style=\"margin-bottom:30px;\" ><span>Parti per Cordoba e partecipa al nostro stage sui Diritti Umani in Argentina. Lavorerai a stretto contatto con le comunit\u00e0 per sensibilizzarle e per tutelare i loro diritti fondamentali. In Argentina, molte persone affrontano problemi di violenza domestica, disuguaglianza di genere e la mancanza di dimora. Molte di loro sono addirittura inconsapevoli di essere vittime o di perpetrare abusi. L\u2019ufficio per i Diritti Umani di Mondify a Cordoba si impegna per trovare soluzioni, organizzare campagne di sensibilizzazione e workshop, oltre a lavorare direttamente con le vittime per garantire il rispetto dei loro diritti fondamentali. Preparati a entrare in azione: collaborerai con persone esperte di diritti umani e con le<br \/>\norganizzazioni locali per superare ostacoli e costruire un futuro migliore per tutti.<\/span>\n<\/div><div class=\"deeper-spacer clearfix\" data-config='{\"desktop\":50,\"mobile\":40,\"smobile\":30}'><\/div>[\/vc_column_inner][vc_column_inner width=&#8221;1\/3&#8243; offset=&#8221;vc_col-lg-offset-2 vc_col-lg-4 vc_col-md-offset-1 vc_col-md-4&#8243;]<div class=\"deeper-spacer clearfix\" data-config='{\"desktop\":6,\"mobile\":6,\"smobile\":6}'><\/div><h2 class=\"deeper-text align-left \" style=\"font-size:22px;line-height:35px;margin-bottom:0px;\" ><span>Date di inizio:<\/span>\n<\/h2><div class=\"deeper-text align-left \" style=\"margin-bottom:0px;\" ><span>Flessibile<\/span>\n<\/div><div class=\"deeper-spacer clearfix\" data-config='{\"desktop\":37,\"mobile\":37,\"smobile\":37}'><\/div><h2 class=\"deeper-text align-left \" style=\"font-size:22px;line-height:35px;margin-bottom:0px;\" ><span>Durata minima:<\/span>\n<\/h2><div class=\"deeper-text align-left \" style=\"margin-bottom:0px;\" ><span>1 settimana<\/span>\n<\/div><div class=\"deeper-spacer clearfix\" data-config='{\"desktop\":37,\"mobile\":37,\"smobile\":37}'><\/div><div class=\"deeper-fancy-image simple \" style=\"border-radius:10px;overflow:hidden;\" >\r\n\t\t\t\t\t\t\t<a target=\"_blank\" href=\"https:\/\/mondify.org\/it\/it-media\/\"><img decoding=\"async\" alt=\"image\" src=\"https:\/\/mondify.org\/it\/wp-content\/uploads\/2024\/03\/Testimonianze.jpg\" \/><\/a> \r\n\t\t\t\t\t\t<\/div>[\/vc_column_inner][\/vc_row_inner][\/vc_column][\/vc_row][vc_row full_width=&#8221;stretch_row&#8221; canvas=&#8221;%5B%7B%22shape%22%3A%22shape-1%22%2C%22image_effect%22%3A%22style-1%22%2C%22smoothness%22%3A%2230%22%7D%5D&#8221; css=&#8221;.vc_custom_1592577640421{background-color: #f8f8f9 !important;}&#8221;][vc_column]<div class=\"deeper-spacer clearfix\" data-config='{\"desktop\":20,\"mobile\":20,\"smobile\":20}'><\/div>[vc_wp_text]<\/p>\n<div class=\"col-lg-12\">\n<p><strong>Le attivit\u00e0 dello stage sui Diritti Umani in Argentina:<\/strong><\/p>\n<p>Il tuo tempo sar\u00e0 diviso tra un dinamico lavoro d\u2019ufficio e le sfide del lavoro sul campo; avrai l\u2019opportunit\u00e0 di sperimentare una vasta gamma di attivit\u00e0 in tre aree principali:<\/p>\n<ul>\n<li>campagne di sensibilizzazione e workshop,<\/li>\n<li>\u00a0raccolta dati e informazioni,<\/li>\n<li>supporto alle vittime di abusi<\/li>\n<\/ul>\n<p>Durante la tua esperienza di stage sui Diritti Umani in Argentina, le tue attivit\u00e0 sarann definite in base alle esigenze del progetto, alle tue competenze e alle tue aspettative in termini di formazione.<br \/>\nPotresti contribuire a progettare campagne di sensibilizzazione oppure unirti alle iniziative in corso. Potresti organizzare workshop o fare formazione. Potresti perfino dare una mano nelle questioni amministrative, necessarie a far funzionare il nostro ufficio in modo efficiente.<br \/>\nAvventurandoti sul campo, come parte del nostro team, potresti condurre interviste e fare ricerca per indirizzare il nostro impegno. Le informazioni acquisite sul campo ci aiutano a plasmare la strategia e scegliere iniziative che abbiano un impatto tangibile sulla vita delle persone.<br \/>\nAvrai anche la possibilit\u00e0 di distribuire beni di prima necessit\u00e0 a coloro che non hanno dimora o che hanno pi\u00f9 bisogno, come cibo, vestiti e materiale scolastico. Inoltre, darai una mano con la burocrazia per un appuntamento medico, una carta d\u2019identit\u00e0 o altri documenti.<\/p>\n<p>Interagire con le comunit\u00e0 ti consentir\u00e0 di cogliere la differenza che pu\u00f2 fare anche solo una piccola attivit\u00e0 del progetto. Dal lavoro d\u2019ufficio dietro le quinte al lavoro sul campo, diventerai parte integrante di un progetto che mira a un cambiamento nel lungo termine.<\/p>\n<p><strong>Chi pu\u00f2 partecipare al progetto per i Diritti Umani in Argentina<\/strong><\/p>\n<p>Questo progetto \u00e8 perfetto se hai interesse nell\u2019ambito dei diritti umani e vuoi dare un contributo concreto. Puoi partecipare anche se non hai precedente esperienza. Avrai il privilegio di lavorare insieme a persone esperte, che ti trasmetteranno le conoscenze e le competenze utili. Sar\u00e0 una grande occasione per imparare, arricchire il tuo curriculum e farti spiccare durante i colloqui di lavoro.<\/p>\n<p><strong>Date di partenza e durata dello stage sui Diritti Umani<\/strong><\/p>\n<p>Puoi scegliere liberamente le date di partenza. Il progetto si svolge tutto l\u2019anno e ti inseriremo nelle attivit\u00e0 in base alle tue preferenze. La durata minima \u00e8 una settimana, ma ti suggeriamo di fermarti quanto pi\u00f9 a lungo possibile, cos\u00ec da avere il tempo per ambientarti, imparare e avere un impatto maggiore. Sar\u00e0 un\u2019esperienza gratificante e arricchente.<\/p>\n<p><strong>Dove vivrai in Argentina<\/strong><\/p>\n<p>Il progetto si svolge a Cordoba, la seconda citt\u00e0 in Argentina. Giovane e dinamica, \u00e8 una delle citt\u00e0 pi\u00f9 aperte e vivaci nel Paese. Sarai ospite di una famiglia locale a C\u00f3rdoba. Ti accoglieranno nella loro casa, felici di condividere le loro abitudini e scoprire la tua cultura. Crediamo che questo sia il modo migliore per immergerti nello stile di vita argentino e vivere un\u2019esperienza unica. La tua stanza sar\u00e0 semplice, ma confortevole, pulita e sicura.<br \/>\nIl costo di partecipazione include tre pasti al giorno. L\u2019aeroporto di arrivo \u00e8 Cordoba International Airport (COR).<br \/>\nL\u00ec, troverai una persona del nostro staff ad aspettarti per portarti a casa della famiglia dove vivrai durante il tuo soggiorno.<br \/>\nRiceverai un\u2019introduzione al luogo, affinch\u00e9 tu possa ambientarti presto.<\/p>\n<p><strong>Cosa fare nel tempo libero<\/strong><\/p>\n<p>L\u2019Argentina vibra di colori e cultura. Partecipare ad uno dei nostri progetti di volontariato e stage sar\u00e0 anche un\u2019ottima occasione per esplorare questo Paese tra i pi\u00f9 affascinanti in America Latina.<br \/>\nSono tante le cose che potrai fare nel tempo libero. Le offerte culturali non mancano:<\/p>\n<p>una visita al Museo di Belle Arti Evita Superior oppure al Teatro del Libertador General San Mart\u00edn. Avrai anche modo di imparare la storia del Paese nei musei locali oppure visitare il posto in cui \u00e8 nato Che Guevara. Ma potrai anche semplicemente trascorrere un pomeriggio gustando un caff\u00e8 in Piazza San Mart\u00edn, con la sua iconica statua del<br \/>\nGenerale Jos\u00e9 de San Mart\u00edn.<br \/>\nNel fine settimana, un\u2019ottima idea \u00e8 fare una gita in montagna. La natura intorno alla citt\u00e0 \u00e8 incredibile. Per apprezzarla ancora di pi\u00f9, ti consigliamo una passeggiata a cavallo. Conoscerai altre persone che partecipano a progetti di volontariato o stage in Argentina. Potrebbero diventare un\u2019ottima compagnia per le tue esplorazioni del Paese.<\/p>\n<p><strong>Cinque buoni motivi per fare uno stage sui Diritti Umani in Argentina<\/strong><\/p>\n<p>&#8211; Imparerai molto sui Diritti Umani e farai esperienza pratica<br \/>\n&#8211; Aggiungerai valore al tuo CV e spiccherai durante i tuoi colloqui di lavoro<br \/>\n&#8211; Avrai l\u2019opportunit\u00e0 di fare amicizia con persone da tutto il mondo<br \/>\n&#8211; Potrai vivere la tua esperienza senza stress, grazie al nostro supporto 24\/7<br \/>\n&#8211; Potrai lasciare la tua impronta nel tempo<br \/>\nUnisciti a noi! Dai uno scopo alla tua passione.<\/div>\n<p>[\/vc_wp_text]<div class=\"deeper-spacer clearfix\" data-config='{\"desktop\":20,\"mobile\":20,\"smobile\":20}'><\/div>[\/vc_column][\/vc_row][vc_row full_width=&#8221;stretch_row&#8221; canvas=&#8221;%5B%7B%22shape%22%3A%22shape-1%22%2C%22image_effect%22%3A%22style-1%22%2C%22smoothness%22%3A%2230%22%7D%5D&#8221; css=&#8221;.vc_custom_1709070045306{background-color: #f8f8f9 !important;}&#8221;][vc_column][vc_row_inner][vc_column_inner width=&#8221;1\/3&#8243;]<div class=\"url-wrap  align-center\" >\r\n\t\t\t\t\t\t<a class=\"deeper-button button-accent small\" style=\"\" href=https:\/\/mondify.org\/it\/eur-budget\/ title=&quot;budget&quot; >Budget<span class=\"hover-effect\"><\/span><\/a>\r\n\t\t\t\t\t<\/div>[\/vc_column_inner][vc_column_inner width=&#8221;1\/3&#8243;]<div class=\"url-wrap  align-center\" >\r\n\t\t\t\t\t\t<a class=\"deeper-button button-gradient-orange2 medium\" style=\"\" href=https:\/\/docs.google.com\/forms\/d\/e\/1FAIpQLSfJtKldNq1SvMelN-KvE2L7ns1l51Ok7zGyyBk5DJtmKP7T-g\/viewform >Iscriviti ora<span class=\"hover-effect\"><\/span><\/a>\r\n\t\t\t\t\t<\/div>[\/vc_column_inner][vc_column_inner width=&#8221;1\/3&#8243;][vc_raw_html]JTNDZGl2JTIwc3R5bGUlM0QlMjJ0ZXh0LWFsaWduJTNBJTIwY2VudGVyJTNCJTIyJTNFJTBBJTIwJTIwJTIwJTNDYSUyMGNsYXNzJTNEJTIyZGVlcGVyLWJ1dHRvbiUyMGJ1dHRvbi1hY2NlbnQlMjBzbWFsbCUyMiUyMG9uY2xpY2slM0QlMjJoaXN0b3J5LmJhY2slMjglMjklMjIlM0VUb3JuYSUyMGluZGlldHJvJTNDJTJGYSUzRSUwQSUzQyUyRmRpdiUzRSUwQQ==[\/vc_raw_html][\/vc_column_inner][\/vc_row_inner]<div class=\"deeper-spacer clearfix\" data-config='{\"desktop\":60,\"mobile\":50,\"smobile\":40}'><\/div>[\/vc_column][\/vc_row]<\/p>\n<\/div>","protected":false},"excerpt":{"rendered":"<p>[vc_row][vc_column][vc_row_inner][vc_column_inner width=&#8221;2\/3&#8243; offset=&#8221;vc_col-lg-6 vc_col-md-7 vc_col-sm-offset-0&#8243;][\/vc_column_inner][vc_column_inner width=&#8221;1\/3&#8243; offset=&#8221;vc_col-lg-offset-2 vc_col-lg-4 vc_col-md-offset-1 vc_col-md-4&#8243;][\/vc_column_inner][\/vc_row_inner][\/vc_column][\/vc_row][vc_row full_width=&#8221;stretch_row&#8221; canvas=&#8221;%5B%7B%22shape%22%3A%22shape-1%22%2C%22image_effect%22%3A%22style-1%22%2C%22smoothness%22%3A%2230%22%7D%5D&#8221; css=&#8221;.vc_custom_1592577640421{background-color: #f8f8f9 !important;}&#8221;][vc_column][vc_wp_text] Le attivit\u00e0 dello stage sui Diritti Umani in Argentina: Il tuo tempo sar\u00e0 diviso tra un dinamico lavoro d\u2019ufficio e le sfide del lavoro sul campo; avrai l\u2019opportunit\u00e0 di sperimentare una vasta gamma di attivit\u00e0<\/p>\n","protected":false},"author":2,"featured_media":0,"parent":0,"menu_order":0,"comment_status":"closed","ping_status":"closed","template":"","meta":{"footnotes":""},"class_list":["post-5453","page","type-page","status-publish","hentry"],"_links":{"self":[{"href":"https:\/\/mondify.org\/it\/wp-json\/wp\/v2\/pages\/5453","targetHints":{"allow":["GET"]}}],"collection":[{"href":"https:\/\/mondify.org\/it\/wp-json\/wp\/v2\/pages"}],"about":[{"href":"https:\/\/mondify.org\/it\/wp-json\/wp\/v2\/types\/page"}],"author":[{"embeddable":true,"href":"https:\/\/mondify.org\/it\/wp-json\/wp\/v2\/users\/2"}],"replies":[{"embeddable":true,"href":"https:\/\/mondify.org\/it\/wp-json\/wp\/v2\/comments?post=5453"}],"version-history":[{"count":0,"href":"https:\/\/mondify.org\/it\/wp-json\/wp\/v2\/pages\/5453\/revisions"}],"wp:attachment":[{"href":"https:\/\/mondify.org\/it\/wp-json\/wp\/v2\/media?parent=5453"}],"curies":[{"name":"wp","href":"https:\/\/api.w.org\/{rel}","templated":true}]}}