{"id":5408,"date":"2024-03-21T19:46:59","date_gmt":"2024-03-21T19:46:59","guid":{"rendered":"https:\/\/mondify.org\/?page_id=5408"},"modified":"2024-09-16T20:38:29","modified_gmt":"2024-09-16T20:38:29","slug":"volontariato-scuole-ecuador","status":"publish","type":"page","link":"https:\/\/mondify.org\/it\/volontariato-scuole-ecuador\/","title":{"rendered":"Volontariato nelle scuole alle Galapagos, in Ecuador"},"content":{"rendered":"<div class=\"wpb-content-wrapper\"><p>[vc_row][vc_column]<div class=\"deeper-spacer clearfix\" data-config='{\"desktop\":100,\"mobile\":120,\"smobile\":120}'><\/div><h1 class=\"deeper-text align-center \" style=\"margin-bottom:30px;\" ><span>Volontariato nelle scuole alle Galapagos, in Ecuador<\/span>\n<\/h1><div class=\"deeper-spacer clearfix\" data-config='{\"desktop\":50,\"mobile\":40,\"smobile\":30}'><\/div><div class=\"deeper-fancy-image reveal  lr \"   data-inviewport=\"yes\">\r\n\t\t\t\t\t\t\t<figure style=\"border-radius:10px;overflow:hidden;\"><img decoding=\"async\" alt=\"image\" src=\"https:\/\/mondify.org\/it\/wp-content\/uploads\/2023\/12\/mondify_prog_006-v2.jpg\" \/> <\/figure>\r\n\t\t\t\t\t\t<\/div><div class=\"deeper-spacer clearfix\" data-config='{\"desktop\":50,\"mobile\":40,\"smobile\":30}'><\/div>[vc_row_inner][vc_column_inner width=&#8221;2\/3&#8243; offset=&#8221;vc_col-lg-6 vc_col-md-7 vc_col-sm-offset-0&#8243;]<div class=\"deeper-text align-left \" style=\"margin-bottom:30px;\" ><span><span style=\"font-weight: 400;\">Vieni in Ecuador a fare volontariato e insegna inglese ai bambini e alle bambine. Potrai assistere e aiutare il personale locale durante le lezioni di inglese o tenere un corso tutto tuo. Bambini e bambine hanno bisogno di fare conversazione e migliorare la fiducia in s\u00e9. Per te sar\u00e0 un\u2019ottima occasione per fare esperienza diretta come insegnante e rafforzare il tuo cv.\u00a0<\/span><\/span>\n<span><span style=\"font-weight: 400;\">Lavorerai nelle scuole primarie e secondarie, o nel nostro Centro didattico. Un obiettivo chiave, soprattutto se sei madrelingua inglese, \u00e8 quello di aiutare a migliorare la loro pronuncia. Conoscere l\u2019inglese \u00e8 fondamentale in un Paese turistico come l\u2019Ecuador. Col tuo aiuto studenti e studentesse potranno avere un futuro migliore.<\/span><\/span>\n<span><span style=\"font-weight: 400;\">Se cerchi un\u2019esperienza di insegnamento che ti possa aiutare nella tua carriera e, contemporaneamente, vuoi aiutare chi ne ha bisogno, il nostro progetto ti permette di conseguire entrambi gli obiettivi. Acquisirai competenze pratiche al fianco di insegnanti qualificati. Ma organizzerai anche lezioni e corsi per i bambini e le bambine che devono migliorare il loro livello di inglese.\u00a0<\/span><\/span>\n<span><span style=\"font-weight: 400;\">Se hai gi\u00e0 esperienza nell\u2019insegnamento \u00e8 fantastico, ma se non ce l\u2019hai non ti devi preoccupare. Questo progetto ti dar\u00e0, senza dubbio, la consapevolezza necessaria per valutare una carriera nell\u2019insegnamento.<\/span><\/span>\n<\/div><div class=\"deeper-spacer clearfix\" data-config='{\"desktop\":50,\"mobile\":40,\"smobile\":30}'><\/div>[\/vc_column_inner][vc_column_inner width=&#8221;1\/3&#8243; offset=&#8221;vc_col-lg-offset-2 vc_col-lg-4 vc_col-md-offset-1 vc_col-md-4&#8243;]<div class=\"deeper-spacer clearfix\" data-config='{\"desktop\":6,\"mobile\":6,\"smobile\":6}'><\/div><h2 class=\"deeper-text align-left \" style=\"font-size:22px;line-height:35px;margin-bottom:0px;\" ><span>Date di inizio:<\/span>\n<\/h2><div class=\"deeper-text align-left \" style=\"margin-bottom:0px;\" ><span>Flessibile<\/span>\n<\/div><div class=\"deeper-spacer clearfix\" data-config='{\"desktop\":37,\"mobile\":37,\"smobile\":37}'><\/div><h2 class=\"deeper-text align-left \" style=\"font-size:22px;line-height:35px;margin-bottom:0px;\" ><span>Durata minima:<\/span>\n<\/h2><div class=\"deeper-text align-left \" style=\"margin-bottom:0px;\" ><span>1 settimana<\/span>\n<\/div><div class=\"deeper-spacer clearfix\" data-config='{\"desktop\":37,\"mobile\":37,\"smobile\":37}'><\/div><div class=\"deeper-fancy-image simple \" style=\"border-radius:10px;overflow:hidden;\" >\r\n\t\t\t\t\t\t\t<a target=\"_blank\" href=\"https:\/\/mondify.org\/it\/it-media\/\"><img decoding=\"async\" alt=\"image\" src=\"https:\/\/mondify.org\/it\/wp-content\/uploads\/2024\/03\/Testimonianze.jpg\" \/><\/a> \r\n\t\t\t\t\t\t<\/div>[\/vc_column_inner][\/vc_row_inner][\/vc_column][\/vc_row][vc_row full_width=&#8221;stretch_row&#8221; canvas=&#8221;%5B%7B%22shape%22%3A%22shape-1%22%2C%22image_effect%22%3A%22style-1%22%2C%22smoothness%22%3A%2230%22%7D%5D&#8221; css=&#8221;.vc_custom_1592577640421{background-color: #f8f8f9 !important;}&#8221;][vc_column]<div class=\"deeper-spacer clearfix\" data-config='{\"desktop\":20,\"mobile\":20,\"smobile\":20}'><\/div>[vc_wp_text]<\/p>\n<div class=\"col-lg-12\">\n<div class=\"col-lg-12\">\n<div class=\"col-lg-12\">\n<p><strong>Le attivit\u00e0 del progetto di volontariato nelle scuole in Ecuador<\/strong><\/p>\n<p><span style=\"font-weight: 400;\">Avrai diversi compiti da sviluppare nel nostro progetto di volontariato educativo:<\/span><\/p>\n<ul>\n<li style=\"font-weight: 400;\" aria-level=\"1\"><span style=\"font-weight: 400;\">affiancare gli insegnanti del luogo<\/span><\/li>\n<li style=\"font-weight: 400;\" aria-level=\"1\"><span style=\"font-weight: 400;\">preparare lezioni interattive per migliorare la pronuncia e la conversazione<\/span><\/li>\n<li style=\"font-weight: 400;\" aria-level=\"1\">realizzare materiali di apprendimento, come poster e <i>memory cards<\/i><\/li>\n<\/ul>\n<ul>\n<li style=\"font-weight: 400;\" aria-level=\"1\"><span style=\"font-weight: 400;\">condurre lezioni di inglese (con il supporto del nostro staff)<\/span><\/li>\n<\/ul>\n<p><strong>Dove vivrai alle Galapagos<\/strong><\/p>\n<p><span style=\"font-weight: 400;\">Lavorerai a Puerto Baquerizo Moreno, la capitale, e a El Progreso, il pi\u00f9 antico villaggio delle Galapagos.\u00a0\u00a0<\/span><\/p>\n<p><strong>Arrivo all\u2019aeroporto<\/strong><\/p>\n<p><span style=\"font-weight: 400;\">Arriverai all\u2019aeroporto dell\u2019isola di San Cristobal (SCY) dove troverai una persona del nostro staff ad accoglierti e ad accompagnarti al tuo alloggio.<\/span><\/p>\n<p><strong>Vitto e Alloggio\u00a0<\/strong><\/p>\n<p><span style=\"font-weight: 400;\">Alloggerai a<\/span> <span style=\"font-weight: 400;\">Puerto Baquerizo Moreno presso una famiglia locale da noi selezionata o vivrai <\/span><i><span style=\"font-weight: 400;\">in una riserva naturale<\/span><\/i><span style=\"font-weight: 400;\"> insieme ad altri volontari. in un nostro alloggio condiviso con altri volontari.\u00a0 In entrambi i casi, sarai il benvenuto e la gente del luogo sar\u00e0 felice di fare la tua conoscenza e introdurti alla loro cultura. Crediamo che questo sia un aspetto che ti permetta di immergerti per davvero nella vita ecuadoregna e realizzare cos\u00ec un\u2019esperienza unica.\u00a0<\/span><\/p>\n<p><span style=\"font-weight: 400;\">La tua camera sar\u00e0 semplice ma confortevole, pulita e con tutto quello di cui avrai bisogno. Il costo del programma include tre pasti al giorno.<\/span><\/p>\n<p><strong>\u00a0Tempo libero<\/strong><\/p>\n<p><span style=\"font-weight: 400;\">Il Parco nazionale delle Galapagos \u00e8 famoso per la sua biodiversit\u00e0, quasi unica al mondo. L&#8217;insieme di isole ospitano una grande e meravigliosa variet\u00e0 di animali terrestri e acquatici, tra cui le famose tartarughe giganti. Partendo per uno dei nostri progetti, avrai modo di esplorare questo luogo incredibile.\u00a0<\/span><\/p>\n<p><span style=\"font-weight: 400;\">Trascorrerai il pomeriggio passeggiando lungo il <\/span><i><span style=\"font-weight: 400;\">Malec\u00f2n<\/span><\/i><span style=\"font-weight: 400;\">, osservando leoni e iguane marine, gustando un caff\u00e8 in uno dei bar o ristoranti locali, con i suoi vivaci negozi e l&#8217;iconica statua di Charles Darwin. Potrai fare delle gite in barca alle spiagge e alle isole vicine, snorkeling o immersioni, camminare lungo percorsi naturalistici fino al lago Junco sull\u2019altopiano. Anche il Centro di Interpretazione di San Crist\u00f3bal merita una visita, con le sue interessanti mostre sulla storia dell\u2019arcipelago, le sue tradizioni e la sua cultura.<\/span><\/p>\n<p><span style=\"font-weight: 400;\">I volontari e le volontarie vengono alle Galapagos da molti paesi del mondo. Viaggiare con noi \u00e8 un ottimo modo per fare nuove amicizie internazionali.<\/span><\/div>\n<\/div>\n<\/div>\n<p>[\/vc_wp_text]<div class=\"deeper-spacer clearfix\" data-config='{\"desktop\":20,\"mobile\":20,\"smobile\":20}'><\/div>[\/vc_column][\/vc_row][vc_row full_width=&#8221;stretch_row&#8221; canvas=&#8221;%5B%7B%22shape%22%3A%22shape-1%22%2C%22image_effect%22%3A%22style-1%22%2C%22smoothness%22%3A%2230%22%7D%5D&#8221; css=&#8221;.vc_custom_1709070045306{background-color: #f8f8f9 !important;}&#8221;][vc_column][vc_row_inner][vc_column_inner width=&#8221;1\/3&#8243;]<div class=\"url-wrap  align-center\" >\r\n\t\t\t\t\t\t<a class=\"deeper-button button-accent small\" style=\"\" href=https:\/\/mondify.org\/it\/eur-budget\/ title=&quot;budget&quot; >Budget<span class=\"hover-effect\"><\/span><\/a>\r\n\t\t\t\t\t<\/div>[\/vc_column_inner][vc_column_inner width=&#8221;1\/3&#8243;]<div class=\"url-wrap  align-center\" >\r\n\t\t\t\t\t\t<a class=\"deeper-button button-gradient-orange2 medium\" style=\"\" href=https:\/\/docs.google.com\/forms\/d\/e\/1FAIpQLSfJtKldNq1SvMelN-KvE2L7ns1l51Ok7zGyyBk5DJtmKP7T-g\/viewform >Iscriviti ora<span class=\"hover-effect\"><\/span><\/a>\r\n\t\t\t\t\t<\/div>[\/vc_column_inner][vc_column_inner width=&#8221;1\/3&#8243;][vc_raw_html]JTNDZGl2JTIwc3R5bGUlM0QlMjJ0ZXh0LWFsaWduJTNBJTIwY2VudGVyJTNCJTIyJTNFJTBBJTIwJTIwJTIwJTNDYSUyMGNsYXNzJTNEJTIyZGVlcGVyLWJ1dHRvbiUyMGJ1dHRvbi1hY2NlbnQlMjBzbWFsbCUyMiUyMG9uY2xpY2slM0QlMjJoaXN0b3J5LmJhY2slMjglMjklMjIlM0VUb3JuYSUyMGluZGlldHJvJTNDJTJGYSUzRSUwQSUzQyUyRmRpdiUzRSUwQQ==[\/vc_raw_html][\/vc_column_inner][\/vc_row_inner]<div class=\"deeper-spacer clearfix\" data-config='{\"desktop\":60,\"mobile\":50,\"smobile\":40}'><\/div>[\/vc_column][\/vc_row]<\/p>\n<\/div>","protected":false},"excerpt":{"rendered":"<p>[vc_row][vc_column][vc_row_inner][vc_column_inner width=&#8221;2\/3&#8243; offset=&#8221;vc_col-lg-6 vc_col-md-7 vc_col-sm-offset-0&#8243;][\/vc_column_inner][vc_column_inner width=&#8221;1\/3&#8243; offset=&#8221;vc_col-lg-offset-2 vc_col-lg-4 vc_col-md-offset-1 vc_col-md-4&#8243;][\/vc_column_inner][\/vc_row_inner][\/vc_column][\/vc_row][vc_row full_width=&#8221;stretch_row&#8221; canvas=&#8221;%5B%7B%22shape%22%3A%22shape-1%22%2C%22image_effect%22%3A%22style-1%22%2C%22smoothness%22%3A%2230%22%7D%5D&#8221; css=&#8221;.vc_custom_1592577640421{background-color: #f8f8f9 !important;}&#8221;][vc_column][vc_wp_text] Le attivit\u00e0 del progetto di volontariato nelle scuole in Ecuador Avrai diversi compiti da sviluppare nel nostro progetto di volontariato educativo: affiancare gli insegnanti del luogo preparare lezioni interattive per migliorare la pronuncia e la<\/p>\n","protected":false},"author":2,"featured_media":0,"parent":0,"menu_order":0,"comment_status":"closed","ping_status":"closed","template":"","meta":{"footnotes":""},"class_list":["post-5408","page","type-page","status-publish","hentry"],"_links":{"self":[{"href":"https:\/\/mondify.org\/it\/wp-json\/wp\/v2\/pages\/5408","targetHints":{"allow":["GET"]}}],"collection":[{"href":"https:\/\/mondify.org\/it\/wp-json\/wp\/v2\/pages"}],"about":[{"href":"https:\/\/mondify.org\/it\/wp-json\/wp\/v2\/types\/page"}],"author":[{"embeddable":true,"href":"https:\/\/mondify.org\/it\/wp-json\/wp\/v2\/users\/2"}],"replies":[{"embeddable":true,"href":"https:\/\/mondify.org\/it\/wp-json\/wp\/v2\/comments?post=5408"}],"version-history":[{"count":0,"href":"https:\/\/mondify.org\/it\/wp-json\/wp\/v2\/pages\/5408\/revisions"}],"wp:attachment":[{"href":"https:\/\/mondify.org\/it\/wp-json\/wp\/v2\/media?parent=5408"}],"curies":[{"name":"wp","href":"https:\/\/api.w.org\/{rel}","templated":true}]}}