{"id":5402,"date":"2024-03-21T19:38:45","date_gmt":"2024-03-21T19:38:45","guid":{"rendered":"https:\/\/mondify.org\/?page_id=5402"},"modified":"2024-09-16T20:38:03","modified_gmt":"2024-09-16T20:38:03","slug":"volontariato-scuole-argentina","status":"publish","type":"page","link":"https:\/\/mondify.org\/it\/volontariato-scuole-argentina\/","title":{"rendered":"Volontariato nelle scuole in Argentina"},"content":{"rendered":"<div class=\"wpb-content-wrapper\"><p>[vc_row][vc_column]<div class=\"deeper-spacer clearfix\" data-config='{\"desktop\":100,\"mobile\":120,\"smobile\":120}'><\/div><h1 class=\"deeper-text align-center \" style=\"margin-bottom:30px;\" ><span><span data-sheets-root=\"1\" data-sheets-value=\"{&quot;1&quot;:2,&quot;2&quot;:&quot;Volontariato nelle scuole in Argentina&quot;}\" data-sheets-userformat=\"{&quot;2&quot;:1009,&quot;3&quot;:{&quot;1&quot;:0},&quot;7&quot;:{&quot;1&quot;:[{&quot;1&quot;:2,&quot;2&quot;:0,&quot;5&quot;:{&quot;1&quot;:2,&quot;2&quot;:0}},{&quot;1&quot;:0,&quot;2&quot;:0,&quot;3&quot;:3},{&quot;1&quot;:1,&quot;2&quot;:0,&quot;4&quot;:1}]},&quot;8&quot;:{&quot;1&quot;:[{&quot;1&quot;:2,&quot;2&quot;:0,&quot;5&quot;:{&quot;1&quot;:2,&quot;2&quot;:0}},{&quot;1&quot;:0,&quot;2&quot;:0,&quot;3&quot;:3},{&quot;1&quot;:1,&quot;2&quot;:0,&quot;4&quot;:1}]},&quot;9&quot;:1,&quot;10&quot;:1,&quot;11&quot;:4,&quot;12&quot;:0}\">Volontariato nelle scuole in Argentina<\/span><\/span>\n<\/h1><div class=\"deeper-spacer clearfix\" data-config='{\"desktop\":50,\"mobile\":40,\"smobile\":30}'><\/div><div class=\"deeper-fancy-image reveal  lr \"   data-inviewport=\"yes\">\r\n\t\t\t\t\t\t\t<figure style=\"border-radius:10px;overflow:hidden;\"><img decoding=\"async\" alt=\"image\" src=\"https:\/\/mondify.org\/it\/wp-content\/uploads\/2023\/12\/mondify_prog_005-v2.jpg\" \/> <\/figure>\r\n\t\t\t\t\t\t<\/div><div class=\"deeper-spacer clearfix\" data-config='{\"desktop\":50,\"mobile\":40,\"smobile\":30}'><\/div>[vc_row_inner][vc_column_inner width=&#8221;2\/3&#8243; offset=&#8221;vc_col-lg-6 vc_col-md-7 vc_col-sm-offset-0&#8243;]<div class=\"deeper-text align-left \" style=\"margin-bottom:30px;\" ><span><span style=\"font-weight: 400;\">Fai esperienza nelle scuole e dai una mano per l\u2019insegnamento di lingue straniere.\u00a0<\/span><\/span>\n<span><span style=\"font-weight: 400;\">Unisciti al nostro progetto di volontariato per l\u2019insegnamento in Argentina e aiuta persone in et\u00e0 adulta o infantile a migliorare la conoscenza delle lingue straniere. Potrai affiancare insegnanti locali o gestire una classe in autonomia affinch\u00e9 facciano pratica e acquisiscano fiducia nelle proprie capacit\u00e0 linguistiche. Una grande opportunit\u00e0 anche per migliorare il tuo CV.<\/span><\/span>\n<span><span style=\"font-weight: 400;\">I progetti si svolgono in collaborazione con scuole superiori, scuole di lingua o universit\u00e0. Come persona madrelingua, saprai come dare una mano per migliorare la pronuncia e la comprensione. Parlare un\u2019altra lingua \u00e8 importante anche per il mondo del business in Argentina. Aumentando la sicurezza rispetto alla capacit\u00e0 di parlare una lingua straniera, si aprono porte per un futuro migliore, senza menzionale le meraviglie di una cultura e di un\u2019esperienza all\u2019estero.\u00a0<\/span><\/span>\n<span><span style=\"font-weight: 400;\">Se vuoi che quest\u2019esperienza ti prepari alla tua carriera e dare una mano a studenti e studentesse mentre sei in Argentina, questo \u00e8 il progetto che fa per te!<\/span><\/span>\n<span><span style=\"font-weight: 400;\">Affiancherai insegnanti locali e, con il loro aiuto, sarai una guida e preparerai le classi affinch\u00e9 possano migliorare la propria conoscenza linguistica. E naturalmente sar\u00e0 una grande occasione per migliorare le tue conoscenze!\u00a0<\/span><\/span>\n<span><span style=\"font-weight: 400;\">Non hai bisogno di precedente esperienza per partecipare. Questo progetto ti consentir\u00e0 di acquisire pratica. Se stai valutando la professione di insegnante, vivere la quotidianit\u00e0 di questo lavoro ti aiuter\u00e0 a prendere una decisione.\u00a0<\/span><\/span>\n<span><span style=\"font-weight: 400;\">Le lingue in cui puoi dare una mano sono:<\/span><\/span>\n<ul>\n<li style=\"font-weight: 400;\" aria-level=\"1\"><span style=\"font-weight: 400;\">inglese,<\/span><\/li>\n<li style=\"font-weight: 400;\" aria-level=\"1\"><span style=\"font-weight: 400;\">francese,<\/span><\/li>\n<li style=\"font-weight: 400;\" aria-level=\"1\"><span style=\"font-weight: 400;\">italiano,<\/span><\/li>\n<li style=\"font-weight: 400;\" aria-level=\"1\"><span style=\"font-weight: 400;\">tedesco<\/span><\/li>\n<\/ul>\n<\/div><div class=\"deeper-spacer clearfix\" data-config='{\"desktop\":50,\"mobile\":40,\"smobile\":30}'><\/div>[\/vc_column_inner][vc_column_inner width=&#8221;1\/3&#8243; offset=&#8221;vc_col-lg-offset-2 vc_col-lg-4 vc_col-md-offset-1 vc_col-md-4&#8243;]<div class=\"deeper-spacer clearfix\" data-config='{\"desktop\":6,\"mobile\":6,\"smobile\":6}'><\/div><h2 class=\"deeper-text align-left \" style=\"font-size:22px;line-height:35px;margin-bottom:0px;\" ><span>Date di inizio:<\/span>\n<\/h2><div class=\"deeper-text align-left \" style=\"margin-bottom:0px;\" ><span>Flessibile<\/span>\n<\/div><div class=\"deeper-spacer clearfix\" data-config='{\"desktop\":37,\"mobile\":37,\"smobile\":37}'><\/div><h2 class=\"deeper-text align-left \" style=\"font-size:22px;line-height:35px;margin-bottom:0px;\" ><span>Durata minima:<\/span>\n<\/h2><div class=\"deeper-text align-left \" style=\"margin-bottom:0px;\" ><span>1 settimana<\/span>\n<\/div><div class=\"deeper-spacer clearfix\" data-config='{\"desktop\":37,\"mobile\":37,\"smobile\":37}'><\/div><div class=\"deeper-fancy-image simple \" style=\"border-radius:10px;overflow:hidden;\" >\r\n\t\t\t\t\t\t\t<a target=\"_blank\" href=\"https:\/\/mondify.org\/it\/it-media\/\"><img decoding=\"async\" alt=\"image\" src=\"https:\/\/mondify.org\/it\/wp-content\/uploads\/2024\/03\/Testimonianze.jpg\" \/><\/a> \r\n\t\t\t\t\t\t<\/div>[\/vc_column_inner][\/vc_row_inner][\/vc_column][\/vc_row][vc_row full_width=&#8221;stretch_row&#8221; canvas=&#8221;%5B%7B%22shape%22%3A%22shape-1%22%2C%22image_effect%22%3A%22style-1%22%2C%22smoothness%22%3A%2230%22%7D%5D&#8221; css=&#8221;.vc_custom_1592577640421{background-color: #f8f8f9 !important;}&#8221;][vc_column]<div class=\"deeper-spacer clearfix\" data-config='{\"desktop\":20,\"mobile\":20,\"smobile\":20}'><\/div>[vc_wp_text]<strong>Le attivit\u00e0 di volontariato nelle scuole in Argentina:<\/strong><\/p>\n<p><span style=\"font-weight: 400;\">Sono tante le attivit\u00e0 in cui impegnarti partecipando al progetto di volontariato per l\u2019insegnamento:<\/span><\/p>\n<ul>\n<li style=\"font-weight: 400;\" aria-level=\"1\"><span style=\"font-weight: 400;\">lavorare come assistente dell\u2019insegnante<\/span><\/li>\n<li style=\"font-weight: 400;\" aria-level=\"1\"><span style=\"font-weight: 400;\">preparare lezioni interattive per insegnare conversazione e pronuncia<\/span><\/li>\n<li style=\"font-weight: 400;\" aria-level=\"1\"><span style=\"font-weight: 400;\">insegnare altre materie o una seconda lingua<\/span><\/li>\n<li style=\"font-weight: 400;\" aria-level=\"1\"><span style=\"font-weight: 400;\">creare materiale per l\u2019insegnamento come poster e schede didattiche<\/span><\/li>\n<\/ul>\n<p><strong>Dove vivrai in Argentina<\/strong><\/p>\n<p><span style=\"font-weight: 400;\">Il progetto si svolge a Cordoba, una citt\u00e0 piena di bellezze naturali e traboccante di gioia di vivere, che vedrai riflessa nella sua vivacit\u00e0 e nella colorata street art. Non ti annoierai mai! Con una popolazione di circa 2 milioni di abitanti, Cordoba \u00e8 la seconda citt\u00e0 in Argentina e il risultato di un grande mix di culture che include trib\u00f9 indigene, comunit\u00e0 italo argentine, ispano argentine e persone immigrate da diversi angoli dell\u2019Europa. Giovane e dinamica, \u00e8 una delle citt\u00e0 pi\u00f9 aperte e vivaci nel Paese.<\/span><\/p>\n<p><strong>Arrivo in aeroporto<\/strong><\/p>\n<p><span style=\"font-weight: 400;\">Se parteciperai a questo progetto, dovresti arrivare all\u2019Aeroporto Internazionale di Cordoba International Airport (COR) dove una persona del nostro staff ti aspetter\u00e0 a braccia aperte.<\/span><\/p>\n<p><strong>Vitto e alloggio<\/strong><\/p>\n<p><span style=\"font-weight: 400;\">Sarai ospite di una famiglia locale a C\u00f3rdoba. Ti accoglieranno nella loro casa, felici di condividere le loro abitudini e scoprire la tua cultura. Crediamo che questo sia il modo migliore per immergerti nello stile di vita argentino e vivere un\u2019esperienza unica. La tua stanza sar\u00e0 semplice, ma confortevole, pulita e sicura.<\/span><span style=\"font-weight: 400;\"><br \/>\n<\/span><span style=\"font-weight: 400;\">Il costo di partecipazione include tre pasti al giorno.\u00a0<\/span><\/p>\n<p><strong>Tempo libero<\/strong><\/p>\n<p><span style=\"font-weight: 400;\">L\u2019Argentina vibra di colori e cultura. Partecipare ad uno dei nostri progetti di volontariato e stage sar\u00e0 anche un\u2019ottima occasione per esplorare questo Paese tra i pi\u00f9 affascinanti in America Latina.<\/span><\/p>\n<p><span style=\"font-weight: 400;\">Sono tante le cose che potrai fare nel tempo libero. Le offerte culturali non mancano: una visita al Museo di Belle Arti Evita Superior oppure al Teatro del <\/span><i><span style=\"font-weight: 400;\">Libertador General San Mart\u00edn<\/span><\/i><span style=\"font-weight: 400;\">. Avrai anche modo di imparare la storia del Paese nei musei locali oppure visitare il posto in cui \u00e8 nato Che Guevara. Ma potrai anche semplicemente trascorrere un pomeriggio gustando un caff\u00e8 in Piazza San Mart\u00edn, con la sua iconica statua del Generale Jos\u00e9 de San Mart\u00edn.<\/span><\/p>\n<p><span style=\"font-weight: 400;\">Nel fine settimana, un\u2019ottima idea \u00e8 fare una gita in montagna. La natura intorno alla citt\u00e0 \u00e8 incredibile. Per apprezzarla ancora di pi\u00f9, ti consigliamo una passeggiata a cavallo.\u00a0<\/span><\/p>\n<p><span style=\"font-weight: 400;\">Conoscerai altre persone che partecipano a progetti di volontariato o stage in Argentina. Potrebbero diventare un\u2019ottima compagnia per le tue esplorazioni del Paese.<\/span>[\/vc_wp_text]<div class=\"deeper-spacer clearfix\" data-config='{\"desktop\":20,\"mobile\":20,\"smobile\":20}'><\/div>[\/vc_column][\/vc_row][vc_row full_width=&#8221;stretch_row&#8221; canvas=&#8221;%5B%7B%22shape%22%3A%22shape-1%22%2C%22image_effect%22%3A%22style-1%22%2C%22smoothness%22%3A%2230%22%7D%5D&#8221; css=&#8221;.vc_custom_1709070045306{background-color: #f8f8f9 !important;}&#8221;][vc_column][vc_row_inner][vc_column_inner width=&#8221;1\/3&#8243;]<div class=\"url-wrap  align-center\" >\r\n\t\t\t\t\t\t<a class=\"deeper-button button-accent small\" style=\"\" href=https:\/\/mondify.org\/it\/eur-budget\/ title=&quot;budget&quot; >Budget<span class=\"hover-effect\"><\/span><\/a>\r\n\t\t\t\t\t<\/div>[\/vc_column_inner][vc_column_inner width=&#8221;1\/3&#8243;]<div class=\"url-wrap  align-center\" >\r\n\t\t\t\t\t\t<a class=\"deeper-button button-gradient-orange2 medium\" style=\"\" href=https:\/\/docs.google.com\/forms\/d\/e\/1FAIpQLSfJtKldNq1SvMelN-KvE2L7ns1l51Ok7zGyyBk5DJtmKP7T-g\/viewform >Iscriviti ora<span class=\"hover-effect\"><\/span><\/a>\r\n\t\t\t\t\t<\/div>[\/vc_column_inner][vc_column_inner width=&#8221;1\/3&#8243;][vc_raw_html]JTNDZGl2JTIwc3R5bGUlM0QlMjJ0ZXh0LWFsaWduJTNBJTIwY2VudGVyJTNCJTIyJTNFJTBBJTIwJTIwJTIwJTNDYSUyMGNsYXNzJTNEJTIyZGVlcGVyLWJ1dHRvbiUyMGJ1dHRvbi1hY2NlbnQlMjBzbWFsbCUyMiUyMG9uY2xpY2slM0QlMjJoaXN0b3J5LmJhY2slMjglMjklMjIlM0VUb3JuYSUyMGluZGlldHJvJTNDJTJGYSUzRSUwQSUzQyUyRmRpdiUzRSUwQQ==[\/vc_raw_html][\/vc_column_inner][\/vc_row_inner]<div class=\"deeper-spacer clearfix\" data-config='{\"desktop\":60,\"mobile\":50,\"smobile\":40}'><\/div>[\/vc_column][\/vc_row]<\/p>\n<\/div>","protected":false},"excerpt":{"rendered":"<p>[vc_row][vc_column][vc_row_inner][vc_column_inner width=&#8221;2\/3&#8243; offset=&#8221;vc_col-lg-6 vc_col-md-7 vc_col-sm-offset-0&#8243;][\/vc_column_inner][vc_column_inner width=&#8221;1\/3&#8243; offset=&#8221;vc_col-lg-offset-2 vc_col-lg-4 vc_col-md-offset-1 vc_col-md-4&#8243;][\/vc_column_inner][\/vc_row_inner][\/vc_column][\/vc_row][vc_row full_width=&#8221;stretch_row&#8221; canvas=&#8221;%5B%7B%22shape%22%3A%22shape-1%22%2C%22image_effect%22%3A%22style-1%22%2C%22smoothness%22%3A%2230%22%7D%5D&#8221; css=&#8221;.vc_custom_1592577640421{background-color: #f8f8f9 !important;}&#8221;][vc_column][vc_wp_text]Le attivit\u00e0 di volontariato nelle scuole in Argentina: Sono tante le attivit\u00e0 in cui impegnarti partecipando al progetto di volontariato per l\u2019insegnamento: lavorare come assistente dell\u2019insegnante preparare lezioni interattive per insegnare conversazione e pronuncia insegnare altre<\/p>\n","protected":false},"author":2,"featured_media":0,"parent":0,"menu_order":0,"comment_status":"closed","ping_status":"closed","template":"","meta":{"footnotes":""},"class_list":["post-5402","page","type-page","status-publish","hentry"],"_links":{"self":[{"href":"https:\/\/mondify.org\/it\/wp-json\/wp\/v2\/pages\/5402","targetHints":{"allow":["GET"]}}],"collection":[{"href":"https:\/\/mondify.org\/it\/wp-json\/wp\/v2\/pages"}],"about":[{"href":"https:\/\/mondify.org\/it\/wp-json\/wp\/v2\/types\/page"}],"author":[{"embeddable":true,"href":"https:\/\/mondify.org\/it\/wp-json\/wp\/v2\/users\/2"}],"replies":[{"embeddable":true,"href":"https:\/\/mondify.org\/it\/wp-json\/wp\/v2\/comments?post=5402"}],"version-history":[{"count":0,"href":"https:\/\/mondify.org\/it\/wp-json\/wp\/v2\/pages\/5402\/revisions"}],"wp:attachment":[{"href":"https:\/\/mondify.org\/it\/wp-json\/wp\/v2\/media?parent=5402"}],"curies":[{"name":"wp","href":"https:\/\/api.w.org\/{rel}","templated":true}]}}