{"id":5397,"date":"2024-03-21T18:50:43","date_gmt":"2024-03-21T18:50:43","guid":{"rendered":"https:\/\/mondify.org\/?page_id=5397"},"modified":"2024-09-16T20:37:52","modified_gmt":"2024-09-16T20:37:52","slug":"stage-odontoiatria-in-argentina","status":"publish","type":"page","link":"https:\/\/mondify.org\/it\/stage-odontoiatria-in-argentina\/","title":{"rendered":"Stage in odontoiatria in Argentina"},"content":{"rendered":"<div class=\"wpb-content-wrapper\"><p>[vc_row][vc_column]<div class=\"deeper-spacer clearfix\" data-config='{\"desktop\":100,\"mobile\":120,\"smobile\":120}'><\/div><h1 class=\"deeper-text align-center \" style=\"margin-bottom:30px;\" ><span><span data-sheets-root=\"1\" data-sheets-value=\"{&quot;1&quot;:2,&quot;2&quot;:&quot;Stage in odontoiatria in Argentina&quot;}\" data-sheets-userformat=\"{&quot;2&quot;:1009,&quot;3&quot;:{&quot;1&quot;:0},&quot;7&quot;:{&quot;1&quot;:[{&quot;1&quot;:2,&quot;2&quot;:0,&quot;5&quot;:{&quot;1&quot;:2,&quot;2&quot;:0}},{&quot;1&quot;:0,&quot;2&quot;:0,&quot;3&quot;:3},{&quot;1&quot;:1,&quot;2&quot;:0,&quot;4&quot;:1}]},&quot;8&quot;:{&quot;1&quot;:[{&quot;1&quot;:2,&quot;2&quot;:0,&quot;5&quot;:{&quot;1&quot;:2,&quot;2&quot;:0}},{&quot;1&quot;:0,&quot;2&quot;:0,&quot;3&quot;:3},{&quot;1&quot;:1,&quot;2&quot;:0,&quot;4&quot;:1}]},&quot;9&quot;:1,&quot;10&quot;:1,&quot;11&quot;:4,&quot;12&quot;:0}\">Stage in odontoiatria in Argentina<\/span><\/span>\n<\/h1><div class=\"deeper-spacer clearfix\" data-config='{\"desktop\":50,\"mobile\":40,\"smobile\":30}'><\/div><div class=\"deeper-fancy-image reveal  lr \"   data-inviewport=\"yes\">\r\n\t\t\t\t\t\t\t<figure style=\"border-radius:10px;overflow:hidden;\"><img decoding=\"async\" alt=\"image\" src=\"https:\/\/mondify.org\/it\/wp-content\/uploads\/2023\/12\/mondify-interships-dentist-v2.jpg\" \/> <\/figure>\r\n\t\t\t\t\t\t<\/div><div class=\"deeper-spacer clearfix\" data-config='{\"desktop\":50,\"mobile\":40,\"smobile\":30}'><\/div>[vc_row_inner][vc_column_inner width=&#8221;2\/3&#8243; offset=&#8221;vc_col-lg-6 vc_col-md-7 vc_col-sm-offset-0&#8243;]<div class=\"deeper-text align-left \" style=\"margin-bottom:30px;\" ><span>Fai esperienza e impara direttamente da dantisti in un ospedale.<\/span>\n<span>Partecipa ad uno stage in Odontoiatria in Argentina e dai una spinta alla tua carriera con un\u2019esperienza internazionale. Imparerai direttamente dai dentisti dell\u2019Ospedale Pediatrico del Ni\u00f1o Jes\u00fas. Un\u2019occasione incredibile per arricchire il tuo CV.<\/span>\n<span>Ti saranno assegnati compiti pratici e darai una mano durante i controlli di base. Lavoriamo in comunit\u00e0 svantaggiate, dove l\u2019accesso alle cure dentistiche non \u00e8 semplice. In pi\u00f9, potrai dare una mano insegnando a bambini e bambine l\u2019importanza dell\u2019igiene orale.<\/span>\n<span>I nostri stage sono perfetti per chi studia odontoiatria e vuole accrescere il proprio CV.<\/span>\n<span>Non c\u2019\u00e8 bisogno di esperienza per partecipare. L\u2019obiettivo \u00e8 che tu possa imparare e ti insegneremo tutto quello che \u00e8 necessario per svolgere le tue attivit\u00e0. Affiancherai i dentisti nei loro compiti quotidiani e potrai fare tutte le domande che vuoi. Ti daranno informazioni sulle condizioni e i disturbi pi\u00f9 frequenti e ti insegneranno trattamenti e diagnosi.<\/span>\n<\/div><div class=\"deeper-spacer clearfix\" data-config='{\"desktop\":50,\"mobile\":40,\"smobile\":30}'><\/div>[\/vc_column_inner][vc_column_inner width=&#8221;1\/3&#8243; offset=&#8221;vc_col-lg-offset-2 vc_col-lg-4 vc_col-md-offset-1 vc_col-md-4&#8243;]<div class=\"deeper-spacer clearfix\" data-config='{\"desktop\":6,\"mobile\":6,\"smobile\":6}'><\/div><h2 class=\"deeper-text align-left \" style=\"font-size:22px;line-height:35px;margin-bottom:0px;\" ><span>Date di inizio:<\/span>\n<\/h2><div class=\"deeper-text align-left \" style=\"margin-bottom:0px;\" ><span>Flessibile<\/span>\n<\/div><div class=\"deeper-spacer clearfix\" data-config='{\"desktop\":37,\"mobile\":37,\"smobile\":37}'><\/div><h2 class=\"deeper-text align-left \" style=\"font-size:22px;line-height:35px;margin-bottom:0px;\" ><span>Durata minima:<\/span>\n<\/h2><div class=\"deeper-text align-left \" style=\"margin-bottom:0px;\" ><span>1 settimana<\/span>\n<\/div><div class=\"deeper-spacer clearfix\" data-config='{\"desktop\":37,\"mobile\":37,\"smobile\":37}'><\/div><div class=\"deeper-fancy-image simple \" style=\"border-radius:10px;overflow:hidden;\" >\r\n\t\t\t\t\t\t\t<a target=\"_blank\" href=\"https:\/\/mondify.org\/it\/it-media\/\"><img decoding=\"async\" alt=\"image\" src=\"https:\/\/mondify.org\/it\/wp-content\/uploads\/2024\/03\/Testimonianze.jpg\" \/><\/a> \r\n\t\t\t\t\t\t<\/div>[\/vc_column_inner][\/vc_row_inner][\/vc_column][\/vc_row][vc_row full_width=&#8221;stretch_row&#8221; canvas=&#8221;%5B%7B%22shape%22%3A%22shape-1%22%2C%22image_effect%22%3A%22style-1%22%2C%22smoothness%22%3A%2230%22%7D%5D&#8221; css=&#8221;.vc_custom_1592577640421{background-color: #f8f8f9 !important;}&#8221;][vc_column]<div class=\"deeper-spacer clearfix\" data-config='{\"desktop\":20,\"mobile\":20,\"smobile\":20}'><\/div>[vc_wp_text]<\/p>\n<div class=\"col-lg-12\">\n<div class=\"col-lg-12\">\n<div class=\"col-lg-12\">\n<p><strong>Le attivit\u00e0 dello stage in Odontoiatria in Argentina:<\/strong><\/p>\n<p><span style=\"font-weight: 400;\">Come stagista, acquisirai conoscenze pratiche. Alcune delle attivit\u00e0 che ti aiuteranno a raggiungere questo obiettivo sono:<\/span><\/p>\n<ul>\n<li style=\"font-weight: 400;\" aria-level=\"1\"><span style=\"font-weight: 400;\">osservare e affiancare dentisti<\/span><\/li>\n<li style=\"font-weight: 400;\" aria-level=\"1\"><span style=\"font-weight: 400;\">assistere i dentisti nelle procedure di base durante le \u201c<\/span><i><span style=\"font-weight: 400;\">brigate mediche<\/span><\/i><span style=\"font-weight: 400;\">\u201d tra la popolazione pi\u00f9 svantaggiata<\/span><\/li>\n<li style=\"font-weight: 400;\" aria-level=\"1\"><span style=\"font-weight: 400;\">insegnare ai bambini le regole basiche dell\u2019igiene orale<\/span><\/li>\n<\/ul>\n<p><strong>Dove vivrai in Argentina:<\/strong><\/p>\n<p><span style=\"font-weight: 400;\">Il progetto si svolge a Cordoba, la seconda citt\u00e0 in Argentina. Giovane e dinamica, \u00e8 una delle citt\u00e0 pi\u00f9 aperte e vivaci nel Paese.<\/span><\/p>\n<p><strong>Arrivo in aeroporto:<\/strong><\/p>\n<p><span style=\"font-weight: 400;\">Se parteciperai a questo progetto, dovresti arrivare all\u2019Aeroporto Internazionale di Cordoba International Airport (COR) dove una persona del nostro staff ti aspetter\u00e0 a braccia aperte.<\/span><\/p>\n<p><strong>Vitto e alloggio:<\/strong><\/p>\n<p><span style=\"font-weight: 400;\">Sarai ospite di una famiglia locale a C\u00f3rdoba. Ti accoglieranno nella loro casa, felici di condividere le loro abitudini e scoprire la tua cultura. Crediamo che questo sia il modo migliore per immergerti nello stile di vita argentino e vivere un\u2019esperienza unica. La tua stanza sar\u00e0 semplice, ma confortevole, pulita e sicura.<\/span><span style=\"font-weight: 400;\"><br \/>\n<\/span><span style=\"font-weight: 400;\">Il costo di partecipazione include tre pasti al giorno.\u00a0<\/span><\/p>\n<p><strong>Tempo libero:<\/strong><\/p>\n<p><span style=\"font-weight: 400;\">L\u2019Argentina vibra di colori e cultura. Partecipare ad uno dei nostri progetti di volontariato e stage sar\u00e0 anche un\u2019ottima occasione per esplorare questo Paese tra i pi\u00f9 affascinanti in America Latina.<\/span><\/p>\n<p><span style=\"font-weight: 400;\">Sono tante le cose che potrai fare nel tempo libero. Le offerte culturali non mancano: una visita al Museo di Belle Arti Evita Superior oppure al Teatro del <\/span><i><span style=\"font-weight: 400;\">Libertador General San Mart\u00edn<\/span><\/i><span style=\"font-weight: 400;\">. Avrai anche modo di imparare la storia del Paese nei musei locali oppure visitare il posto in cui \u00e8 nato Che Guevara. Ma potrai anche semplicemente trascorrere un pomeriggio gustando un caff\u00e8 in Piazza San Mart\u00edn, con la sua iconica statua del Generale Jos\u00e9 de San Mart\u00edn.<\/span><\/p>\n<p><span style=\"font-weight: 400;\">Nel fine settimana, un\u2019ottima idea \u00e8 fare una gita in montagna. La natura intorno alla citt\u00e0 \u00e8 incredibile. Per apprezzarla ancora di pi\u00f9, ti consigliamo una passeggiata a cavallo.\u00a0<\/span><\/p>\n<p><span style=\"font-weight: 400;\">Conoscerai altre persone che partecipano a progetti di volontariato o stage in Argentina. Potrebbero diventare un\u2019ottima compagnia per le tue esplorazioni del Paese.<\/span><\/div>\n<\/div>\n<\/div>\n<p>[\/vc_wp_text]<div class=\"deeper-spacer clearfix\" data-config='{\"desktop\":20,\"mobile\":20,\"smobile\":20}'><\/div>[\/vc_column][\/vc_row][vc_row full_width=&#8221;stretch_row&#8221; canvas=&#8221;%5B%7B%22shape%22%3A%22shape-1%22%2C%22image_effect%22%3A%22style-1%22%2C%22smoothness%22%3A%2230%22%7D%5D&#8221; css=&#8221;.vc_custom_1709070045306{background-color: #f8f8f9 !important;}&#8221;][vc_column][vc_row_inner][vc_column_inner width=&#8221;1\/3&#8243;]<div class=\"url-wrap  align-center\" >\r\n\t\t\t\t\t\t<a class=\"deeper-button button-accent small\" style=\"\" href=https:\/\/mondify.org\/it\/eur-budget\/ title=&quot;budget&quot; >Budget<span class=\"hover-effect\"><\/span><\/a>\r\n\t\t\t\t\t<\/div>[\/vc_column_inner][vc_column_inner width=&#8221;1\/3&#8243;]<div class=\"url-wrap  align-center\" >\r\n\t\t\t\t\t\t<a class=\"deeper-button button-gradient-orange2 medium\" style=\"\" href=https:\/\/docs.google.com\/forms\/d\/e\/1FAIpQLSfJtKldNq1SvMelN-KvE2L7ns1l51Ok7zGyyBk5DJtmKP7T-g\/viewform >Iscriviti ora<span class=\"hover-effect\"><\/span><\/a>\r\n\t\t\t\t\t<\/div>[\/vc_column_inner][vc_column_inner width=&#8221;1\/3&#8243;][vc_raw_html]JTNDZGl2JTIwc3R5bGUlM0QlMjJ0ZXh0LWFsaWduJTNBJTIwY2VudGVyJTNCJTIyJTNFJTBBJTIwJTIwJTIwJTNDYSUyMGNsYXNzJTNEJTIyZGVlcGVyLWJ1dHRvbiUyMGJ1dHRvbi1hY2NlbnQlMjBzbWFsbCUyMiUyMG9uY2xpY2slM0QlMjJoaXN0b3J5LmJhY2slMjglMjklMjIlM0VUb3JuYSUyMGluZGlldHJvJTNDJTJGYSUzRSUwQSUzQyUyRmRpdiUzRSUwQQ==[\/vc_raw_html][\/vc_column_inner][\/vc_row_inner]<div class=\"deeper-spacer clearfix\" data-config='{\"desktop\":60,\"mobile\":50,\"smobile\":40}'><\/div>[\/vc_column][\/vc_row]<\/p>\n<\/div>","protected":false},"excerpt":{"rendered":"<p>[vc_row][vc_column][vc_row_inner][vc_column_inner width=&#8221;2\/3&#8243; offset=&#8221;vc_col-lg-6 vc_col-md-7 vc_col-sm-offset-0&#8243;][\/vc_column_inner][vc_column_inner width=&#8221;1\/3&#8243; offset=&#8221;vc_col-lg-offset-2 vc_col-lg-4 vc_col-md-offset-1 vc_col-md-4&#8243;][\/vc_column_inner][\/vc_row_inner][\/vc_column][\/vc_row][vc_row full_width=&#8221;stretch_row&#8221; canvas=&#8221;%5B%7B%22shape%22%3A%22shape-1%22%2C%22image_effect%22%3A%22style-1%22%2C%22smoothness%22%3A%2230%22%7D%5D&#8221; css=&#8221;.vc_custom_1592577640421{background-color: #f8f8f9 !important;}&#8221;][vc_column][vc_wp_text] Le attivit\u00e0 dello stage in Odontoiatria in Argentina: Come stagista, acquisirai conoscenze pratiche. Alcune delle attivit\u00e0 che ti aiuteranno a raggiungere questo obiettivo sono: osservare e affiancare dentisti assistere i dentisti nelle procedure di base<\/p>\n","protected":false},"author":2,"featured_media":0,"parent":0,"menu_order":0,"comment_status":"closed","ping_status":"closed","template":"","meta":{"footnotes":""},"class_list":["post-5397","page","type-page","status-publish","hentry"],"_links":{"self":[{"href":"https:\/\/mondify.org\/it\/wp-json\/wp\/v2\/pages\/5397","targetHints":{"allow":["GET"]}}],"collection":[{"href":"https:\/\/mondify.org\/it\/wp-json\/wp\/v2\/pages"}],"about":[{"href":"https:\/\/mondify.org\/it\/wp-json\/wp\/v2\/types\/page"}],"author":[{"embeddable":true,"href":"https:\/\/mondify.org\/it\/wp-json\/wp\/v2\/users\/2"}],"replies":[{"embeddable":true,"href":"https:\/\/mondify.org\/it\/wp-json\/wp\/v2\/comments?post=5397"}],"version-history":[{"count":0,"href":"https:\/\/mondify.org\/it\/wp-json\/wp\/v2\/pages\/5397\/revisions"}],"wp:attachment":[{"href":"https:\/\/mondify.org\/it\/wp-json\/wp\/v2\/media?parent=5397"}],"curies":[{"name":"wp","href":"https:\/\/api.w.org\/{rel}","templated":true}]}}