{"id":5394,"date":"2024-03-21T17:30:45","date_gmt":"2024-03-21T17:30:45","guid":{"rendered":"https:\/\/mondify.org\/?page_id=5394"},"modified":"2024-09-16T20:37:40","modified_gmt":"2024-09-16T20:37:40","slug":"stage-medicina-in-argentina","status":"publish","type":"page","link":"https:\/\/mondify.org\/it\/stage-medicina-in-argentina\/","title":{"rendered":"Stage di medicina in Argentina con Mondify"},"content":{"rendered":"<div class=\"wpb-content-wrapper\"><p>[vc_row][vc_column]<div class=\"deeper-spacer clearfix\" data-config='{\"desktop\":100,\"mobile\":120,\"smobile\":120}'><\/div><h1 class=\"deeper-text align-center \" style=\"margin-bottom:30px;\" ><span>Stage di medicina in Argentina con Mondify<\/span>\n<\/h1><div class=\"deeper-spacer clearfix\" data-config='{\"desktop\":50,\"mobile\":40,\"smobile\":30}'><\/div><div class=\"deeper-fancy-image reveal  lr \"   data-inviewport=\"yes\">\r\n\t\t\t\t\t\t\t<figure style=\"border-radius:10px;overflow:hidden;\"><img decoding=\"async\" alt=\"image\" src=\"https:\/\/mondify.org\/it\/wp-content\/uploads\/2023\/12\/mondify-interships-medicine-v2.jpg\" \/> <\/figure>\r\n\t\t\t\t\t\t<\/div><div class=\"deeper-spacer clearfix\" data-config='{\"desktop\":50,\"mobile\":40,\"smobile\":30}'><\/div>[vc_row_inner][vc_column_inner width=&#8221;2\/3&#8243; offset=&#8221;vc_col-lg-6 vc_col-md-7 vc_col-sm-offset-0&#8243;]<div class=\"deeper-text align-left \" style=\"margin-bottom:30px;\" ><span>Con i nostri <strong>stage di medicina in Argentina<\/strong>, hai l\u2019opportunit\u00e0 di fare esperienza pratica, scoprire come \u00e8 la vita quotidiana per medici e infermieri e vedere come funziona l&#8217;assistenza sanitaria nella pratica in un paese diverso. Oltre ad acquisire competenze tecniche, hai modo di vivere la relazione empatica tra personale medico e pazienti, e percepire l\u2019umanit\u00e0 radicata nella professione. Quest\u2019<strong>esperienza all\u2019estero<\/strong> arricchir\u00e0 il tuo percorso professionale e aprir\u00e0 le porte a un futuro<br \/>\nbrillante e gratificante.<\/span>\n<\/div><div class=\"deeper-spacer clearfix\" data-config='{\"desktop\":50,\"mobile\":40,\"smobile\":30}'><\/div>[\/vc_column_inner][vc_column_inner width=&#8221;1\/3&#8243; offset=&#8221;vc_col-lg-offset-2 vc_col-lg-4 vc_col-md-offset-1 vc_col-md-4&#8243;]<div class=\"deeper-spacer clearfix\" data-config='{\"desktop\":6,\"mobile\":6,\"smobile\":6}'><\/div><h2 class=\"deeper-text align-left \" style=\"font-size:22px;line-height:35px;margin-bottom:0px;\" ><span>Date di inizio:<\/span>\n<\/h2><div class=\"deeper-text align-left \" style=\"margin-bottom:0px;\" ><span>Flessibile<\/span>\n<\/div><div class=\"deeper-spacer clearfix\" data-config='{\"desktop\":37,\"mobile\":37,\"smobile\":37}'><\/div><h2 class=\"deeper-text align-left \" style=\"font-size:22px;line-height:35px;margin-bottom:0px;\" ><span>Durata minima:<\/span>\n<\/h2><div class=\"deeper-text align-left \" style=\"margin-bottom:0px;\" ><span>1 settimana<\/span>\n<\/div><div class=\"deeper-spacer clearfix\" data-config='{\"desktop\":37,\"mobile\":37,\"smobile\":37}'><\/div><div class=\"deeper-fancy-image simple \" style=\"border-radius:10px;overflow:hidden;\" >\r\n\t\t\t\t\t\t\t<a target=\"_blank\" href=\"https:\/\/mondify.org\/it\/it-media\/\"><img decoding=\"async\" alt=\"image\" src=\"https:\/\/mondify.org\/it\/wp-content\/uploads\/2024\/03\/Testimonianze.jpg\" \/><\/a> \r\n\t\t\t\t\t\t<\/div>[\/vc_column_inner][\/vc_row_inner][\/vc_column][\/vc_row][vc_row full_width=&#8221;stretch_row&#8221; canvas=&#8221;%5B%7B%22shape%22%3A%22shape-1%22%2C%22image_effect%22%3A%22style-1%22%2C%22smoothness%22%3A%2230%22%7D%5D&#8221; css=&#8221;.vc_custom_1592577640421{background-color: #f8f8f9 !important;}&#8221;][vc_column]<div class=\"deeper-spacer clearfix\" data-config='{\"desktop\":20,\"mobile\":20,\"smobile\":20}'><\/div>[vc_wp_text]<\/p>\n<div class=\"col-lg-12\">\n<div class=\"col-lg-12\">\n<p><strong>Le attivit\u00e0 dello stage medico in Argentina<\/strong><\/p>\n<p>Collaboriamo con ospedali e centri di salute, dove le giornate sono piene di cose da fare:<br \/>\n\u25cf osservare e imparare direttamente dal personale medico e infermieristico,<br \/>\n\u25cf partecipare a conferenze mediche e workshop,<br \/>\n\u25cf fornire trattamenti di base nelle comunit\u00e0 disagiate,<br \/>\n\u25cf promuovere la salute pubblica, attraverso campagne di prevenzione e sensibilizzazione.<\/p>\n<p>I nostri stage di medicina sono disponibili nelle aree seguenti:<br \/>\n\u25cf Cardiologia<br \/>\n\u25cf Dermatologia<br \/>\n\u25cf Ginecologia<br \/>\n\u25cf Ematologia<br \/>\n\u25cf Maternit\u00e0<br \/>\n\u25cf Neurologia<br \/>\n\u25cf Ortopedia<br \/>\n\u25cf Psichiatria<br \/>\n\u25cf Radiologia<br \/>\n\u25cf Chirurgia (sala operatoria)<\/p>\n<p>Di regola, la persona che ti coordina ti assegner\u00e0 ogni settimana ad un reparto specifico, per cui potrai vederne solo alcuni in base alla durata del tuo soggiorno. Pi\u00f9 a lungo ti fermi, pi\u00f9 reparti hai modo di vedere. Tuttavia, se hai interesse per un reparto specifico, contattaci e faccelo sapere.<\/p>\n<p>In ogni caso, non esitare a porre domande e prendere appunti. C\u2019\u00e8 tanto da imparare e il personale sanitario \u00e8 desideroso di condividere conoscenze ed esperienza.<\/p>\n<p><strong>Chi pu\u00f2 partecipare allo stage in medicina in Argentina<\/strong><\/p>\n<p>I nostri progetti di volontariato e stage in Medicina sono aperti a tutte le persone:<br \/>\n&#8211; se stai studiando e vuoi fare pratica,<br \/>\n&#8211; se hai completato i tuoi studi e desideri un\u2019esperienza internazionale,<br \/>\n&#8211; se vuoi scoprire di pi\u00f9 per confermare le tue scelte accademiche.<br \/>\nIn altre parole, ti aspettiamo anche se non hai conoscenze specifiche o precedente esperienza. Affiancherai staff locale che, con professionalit\u00e0, pianificher\u00e0 le tue attivit\u00e0 in base al tuo background in modo che tu possa imparare e contribuire in modo significativo.<br \/>\nSar\u00e0 un\u2019esperienza preziosa e far\u00e0 la differenza sul tuo CV e durante i tuoi colloqui di lavoro. In pi\u00f9, sar\u00e0 una grande opportunit\u00e0 per dare una mano nei diversi reparti e capire quale ti interessa di pi\u00f9. Soprattutto, far\u00e0 la differenza nella tua vita.<\/p>\n<p><strong>Dove vivrai in Argentina<\/strong><\/p>\n<p>Il progetto si svolge a Cordoba, la seconda citt\u00e0 in Argentina. Giovane e dinamica, \u00e8 una delle citt\u00e0 pi\u00f9 aperte e vivaci nel Paese.<br \/>\nSarai ospite di una famiglia locale a C\u00f3rdoba. Ti accoglieranno nella loro casa, felici di condividere le loro abitudini e scoprire la tua cultura. Crediamo che questo sia il modo migliore per immergerti nello stile di vita argentino e vivere un\u2019esperienza unica. La tua stanza sar\u00e0 semplice, ma confortevole, pulita e sicura.<br \/>\nIl costo di partecipazione include tre pasti al giorno.<\/p>\n<p><strong>L\u2019aeroporto di arrivo \u00e8 Cordoba International Airport (COR).<\/strong><br \/>\nL\u00ec, troverai una persona del nostro staff ad aspettarti per portarti a casa della famiglia dove vivrai durante il tuo soggiorno. Riceverai un\u2019introduzione al luogo, affinch\u00e9 tu possa ambientarti presto.<\/p>\n<p><strong>Cosa fare nel tempo libero<\/strong><\/p>\n<p>L\u2019Argentina vibra di colori e cultura. Partecipare ad uno dei nostri progetti di volontariato e stage sar\u00e0 anche un\u2019ottima occasione per esplorare questo Paese tra i pi\u00f9 affascinanti in America Latina.<br \/>\nSono tante le cose che potrai fare nel tempo libero. Le offerte culturali non mancano: una visita al Museo di Belle Arti Evita Superior oppure al Teatro del Libertador General San Mart\u00edn. Avrai anche modo di imparare la storia del Paese nei musei locali oppure visitare il posto in cui \u00e8 nato. Che Guevara. Ma potrai anche semplicemente trascorrere un pomeriggio gustando un caff\u00e8 in Piazza San Mart\u00edn, con la sua iconica statua del Generale Jos\u00e9 de San Mart\u00edn.<\/p>\n<p>Nel fine settimana, un\u2019ottima idea \u00e8 fare una gita in montagna. La natura intorno alla citt\u00e0 \u00e8 incredibile. Per apprezzarla ancora di pi\u00f9, ti consigliamo una passeggiata a cavallo. Conoscerai altre persone che partecipano a progetti di volontariato o stage in Argentina. Potrebbero diventare un\u2019ottima compagnia per le tue esplorazioni del Paese.<\/p>\n<p><strong>Tre ottime ragioni per fare uno stage in medicina in Argentina<\/strong><\/p>\n<p>\u25cf Farai esperienza medica all\u2019estero.<br \/>\n\u25cf Sperimenterai il lato umano dell\u2019assistenza medica.<br \/>\n\u25cf Potrai contare sul supporto costante del nostro staff e del personale medico locale.<br \/>\nIn pi\u00f9, vivrai l\u2019esperienza incredibile di un viaggio in Argentina, migliorerai la conoscenza dello spagnolo e stringerai amicizie con persone da tutto il mondo. Parti per un viaggio che ti cambia la vita<\/div>\n<\/div>\n<p>[\/vc_wp_text]<div class=\"deeper-spacer clearfix\" data-config='{\"desktop\":20,\"mobile\":20,\"smobile\":20}'><\/div>[\/vc_column][\/vc_row][vc_row full_width=&#8221;stretch_row&#8221; canvas=&#8221;%5B%7B%22shape%22%3A%22shape-1%22%2C%22image_effect%22%3A%22style-1%22%2C%22smoothness%22%3A%2230%22%7D%5D&#8221; css=&#8221;.vc_custom_1709070045306{background-color: #f8f8f9 !important;}&#8221;][vc_column][vc_row_inner][vc_column_inner width=&#8221;1\/3&#8243;]<div class=\"url-wrap  align-center\" >\r\n\t\t\t\t\t\t<a class=\"deeper-button button-accent small\" style=\"\" href=https:\/\/mondify.org\/it\/eur-budget\/ title=&quot;budget&quot; >Budget<span class=\"hover-effect\"><\/span><\/a>\r\n\t\t\t\t\t<\/div>[\/vc_column_inner][vc_column_inner width=&#8221;1\/3&#8243;]<div class=\"url-wrap  align-center\" >\r\n\t\t\t\t\t\t<a class=\"deeper-button button-gradient-orange2 medium\" style=\"\" href=https:\/\/docs.google.com\/forms\/d\/e\/1FAIpQLSfJtKldNq1SvMelN-KvE2L7ns1l51Ok7zGyyBk5DJtmKP7T-g\/viewform >Iscriviti ora<span class=\"hover-effect\"><\/span><\/a>\r\n\t\t\t\t\t<\/div>[\/vc_column_inner][vc_column_inner width=&#8221;1\/3&#8243;][vc_raw_html]JTNDZGl2JTIwc3R5bGUlM0QlMjJ0ZXh0LWFsaWduJTNBJTIwY2VudGVyJTNCJTIyJTNFJTBBJTIwJTIwJTIwJTNDYSUyMGNsYXNzJTNEJTIyZGVlcGVyLWJ1dHRvbiUyMGJ1dHRvbi1hY2NlbnQlMjBzbWFsbCUyMiUyMG9uY2xpY2slM0QlMjJoaXN0b3J5LmJhY2slMjglMjklMjIlM0VUb3JuYSUyMGluZGlldHJvJTNDJTJGYSUzRSUwQSUzQyUyRmRpdiUzRSUwQQ==[\/vc_raw_html][\/vc_column_inner][\/vc_row_inner]<div class=\"deeper-spacer clearfix\" data-config='{\"desktop\":60,\"mobile\":50,\"smobile\":40}'><\/div>[\/vc_column][\/vc_row]<\/p>\n<\/div>","protected":false},"excerpt":{"rendered":"<p>[vc_row][vc_column][vc_row_inner][vc_column_inner width=&#8221;2\/3&#8243; offset=&#8221;vc_col-lg-6 vc_col-md-7 vc_col-sm-offset-0&#8243;][\/vc_column_inner][vc_column_inner width=&#8221;1\/3&#8243; offset=&#8221;vc_col-lg-offset-2 vc_col-lg-4 vc_col-md-offset-1 vc_col-md-4&#8243;][\/vc_column_inner][\/vc_row_inner][\/vc_column][\/vc_row][vc_row full_width=&#8221;stretch_row&#8221; canvas=&#8221;%5B%7B%22shape%22%3A%22shape-1%22%2C%22image_effect%22%3A%22style-1%22%2C%22smoothness%22%3A%2230%22%7D%5D&#8221; css=&#8221;.vc_custom_1592577640421{background-color: #f8f8f9 !important;}&#8221;][vc_column][vc_wp_text] Le attivit\u00e0 dello stage medico in Argentina Collaboriamo con ospedali e centri di salute, dove le giornate sono piene di cose da fare: \u25cf osservare e imparare direttamente dal personale medico e infermieristico, \u25cf partecipare<\/p>\n","protected":false},"author":2,"featured_media":0,"parent":0,"menu_order":0,"comment_status":"closed","ping_status":"closed","template":"","meta":{"footnotes":""},"class_list":["post-5394","page","type-page","status-publish","hentry"],"_links":{"self":[{"href":"https:\/\/mondify.org\/it\/wp-json\/wp\/v2\/pages\/5394","targetHints":{"allow":["GET"]}}],"collection":[{"href":"https:\/\/mondify.org\/it\/wp-json\/wp\/v2\/pages"}],"about":[{"href":"https:\/\/mondify.org\/it\/wp-json\/wp\/v2\/types\/page"}],"author":[{"embeddable":true,"href":"https:\/\/mondify.org\/it\/wp-json\/wp\/v2\/users\/2"}],"replies":[{"embeddable":true,"href":"https:\/\/mondify.org\/it\/wp-json\/wp\/v2\/comments?post=5394"}],"version-history":[{"count":0,"href":"https:\/\/mondify.org\/it\/wp-json\/wp\/v2\/pages\/5394\/revisions"}],"wp:attachment":[{"href":"https:\/\/mondify.org\/it\/wp-json\/wp\/v2\/media?parent=5394"}],"curies":[{"name":"wp","href":"https:\/\/api.w.org\/{rel}","templated":true}]}}